{"id":28962,"date":"2025-02-20T22:30:34","date_gmt":"2025-02-20T22:30:34","guid":{"rendered":"http:\/\/olemosaic.com\/producto\/bol-de-coco-fucsia-caballito-de-mar-menorca\/"},"modified":"2025-07-25T20:36:28","modified_gmt":"2025-07-25T18:36:28","slug":"bol-noix-de-coco-fuchsia-hippocampe-minorque","status":"publish","type":"product","link":"https:\/\/olemosaic.com\/fr\/produit\/bol-noix-de-coco-fuchsia-hippocampe-minorque\/","title":{"rendered":"Bol en noix de coco fuchsia. Hippocampe. Minorque."},"content":{"rendered":"<p>Ce bol en noix de coco fuchsia est une pi\u00e8ce artistique captivante, inspir\u00e9e par la beaut\u00e9 naturelle de Minorque. Son design pr\u00e9sente une finition dans des tons fuchsia vibrants qui apportent une touche moderne, tandis que les d\u00e9tails irr\u00e9guliers de sa surface simulent une texture riche qui le rend unique. Au centre, un charmant hippocampe devient le protagoniste, repr\u00e9sent\u00e9 avec des traits artistiques fins qui \u00e9voquent la faune marine de l&rsquo;\u00eele. Ce motif est encadr\u00e9 par une mosa\u00efque de fragments dans des tons clairs qui contrastent merveilleusement avec la couleur fuchsia vibrante, cr\u00e9ant un effet visuel dynamique et attrayant.<\/p>\n<p>Id\u00e9al comme centre de table ou pour servir des ap\u00e9ritifs, ce bol n&rsquo;est pas seulement fonctionnel, mais il transforme \u00e9galement tout espace en un hommage \u00e0 la culture minorquine. Son design artisanal souligne l&rsquo;authenticit\u00e9 du souvenir et refl\u00e8te le riche lien culturel de Minorque avec la mer et sa biodiversit\u00e9.<\/p>\n<p>Chez Ol\u00e9 Mosaic, nous nous effor\u00e7ons d&rsquo;offrir des souvenirs de qualit\u00e9 qui capturent l&rsquo;essence de chaque r\u00e9gion. Ce bol est une excellente option pour les touristes \u00e0 la recherche de souvenirs repr\u00e9sentatifs de leur visite \u00e0 Minorque. En tant que distributeur de produits artisanaux en gros, nous garantissons que ce bol en noix de coco fuchsia est un ajout indispensable pour toute boutique de cadeaux touristiques qui valorise l&rsquo;authenticit\u00e9 et le design.<\/p>\n","protected":false},"excerpt":{"rendered":"<p>Bol en noix de coco fuchsia avec un charmant design d&rsquo;hippocampe, inspir\u00e9 par la beaut\u00e9 de Minorque. Ce bol \u00e9l\u00e9gant pr\u00e9sente une finition fuchsia avec des d\u00e9tails irr\u00e9guliers qui simulent une texture riche. Au centre, l&rsquo;illustration d&rsquo;un hippocampe ajoute une touche distinctive et artistique, entour\u00e9e d&rsquo;une mosa\u00efque de fragments dans des tons clairs. Parfait comme centre de table ou pour servir des ap\u00e9ritifs.<\/p>\n","protected":false},"featured_media":11908,"template":"","meta":{"_acf_changed":false},"product_brand":[],"product_cat":[521],"product_tag":[530],"class_list":{"0":"post-28962","1":"product","2":"type-product","3":"status-publish","4":"has-post-thumbnail","6":"product_cat-bols","7":"product_tag-animaux","8":"pa_ciudad-menorca","9":"pa_motivo-hippocampes","10":"pa_pais-espana","12":"first","13":"instock","14":"shipping-taxable","15":"product-type-simple"},"acf":[],"_links":{"self":[{"href":"https:\/\/olemosaic.com\/fr\/wp-json\/wp\/v2\/product\/28962","targetHints":{"allow":["GET"]}}],"collection":[{"href":"https:\/\/olemosaic.com\/fr\/wp-json\/wp\/v2\/product"}],"about":[{"href":"https:\/\/olemosaic.com\/fr\/wp-json\/wp\/v2\/types\/product"}],"wp:featuredmedia":[{"embeddable":true,"href":"https:\/\/olemosaic.com\/fr\/wp-json\/wp\/v2\/media\/11908"}],"wp:attachment":[{"href":"https:\/\/olemosaic.com\/fr\/wp-json\/wp\/v2\/media?parent=28962"}],"wp:term":[{"taxonomy":"product_brand","embeddable":true,"href":"https:\/\/olemosaic.com\/fr\/wp-json\/wp\/v2\/product_brand?post=28962"},{"taxonomy":"product_cat","embeddable":true,"href":"https:\/\/olemosaic.com\/fr\/wp-json\/wp\/v2\/product_cat?post=28962"},{"taxonomy":"product_tag","embeddable":true,"href":"https:\/\/olemosaic.com\/fr\/wp-json\/wp\/v2\/product_tag?post=28962"}],"curies":[{"name":"wp","href":"https:\/\/api.w.org\/{rel}","templated":true}]}}