{"id":28951,"date":"2025-02-20T23:30:33","date_gmt":"2025-02-20T22:30:33","guid":{"rendered":"http:\/\/olemosaic.com\/producto\/bol-de-coco-fucsia-mano-3\/"},"modified":"2025-07-25T19:14:26","modified_gmt":"2025-07-25T17:14:26","slug":"bol-noix-de-coco-fuchsia-main-hamsa-3","status":"publish","type":"product","link":"https:\/\/olemosaic.com\/fr\/produit\/bol-noix-de-coco-fuchsia-main-hamsa-3\/","title":{"rendered":"Bol en noix de coco fuchsia. Main. Hamsa."},"content":{"rendered":"<p>Ce bol en noix de coco fuchsia est une pi\u00e8ce artisanale vibrante qui int\u00e8gre un design traditionnel de la main connue sous le nom de \u00ab\u00a0hamsa\u00a0\u00bb, symbole de protection et de chance dans diverses cultures m\u00e9diterran\u00e9ennes. \u00c9labor\u00e9 selon une technique artisanale, ce bol pr\u00e9sente un fond blanc orn\u00e9 de mosa\u00efques dans diff\u00e9rentes nuances de rose, cr\u00e9ant un contraste saisissant qui en fait une v\u00e9ritable \u0153uvre d&rsquo;art fonctionnelle. Les d\u00e9tails dans les tons fuchsia sont r\u00e9partis sous forme d&rsquo;ovales doux, lui donnant un air contemporain et frais, id\u00e9al pour ceux qui recherchent une touche de couleur dans leur maison.<\/p>\n<p>Ce bol ne remplit pas seulement une fonction d\u00e9corative, il \u00e9voque \u00e9galement la riche tradition culturelle des r\u00e9gions m\u00e9diterran\u00e9ennes, o\u00f9 les mains hamsa sont largement utilis\u00e9es comme symbole de protection. Son design unique le rend parfait aussi bien comme \u00e9l\u00e9ment d\u00e9coratif sur des tables ou des \u00e9tag\u00e8res que pour une utilisation lors de f\u00eates et c\u00e9l\u00e9brations. Chez Ol\u00e9 Mosaic, nous sommes fiers de proposer des souvenirs authentiques qui repr\u00e9sentent la diversit\u00e9 culturelle. Ce bol fuchsia est une excellente option pour les boutiques de cadeaux touristiques souhaitant offrir \u00e0 leurs clients une pi\u00e8ce distinctive et significative. Chaque bol est une expression d&rsquo;artisanat qui c\u00e9l\u00e8bre la beaut\u00e9 et la pertinence culturelle de la M\u00e9diterran\u00e9e, en faisant le cadeau id\u00e9al pour les touristes \u00e0 la recherche de souvenirs authentiques de leur voyage.<\/p>\n","protected":false},"excerpt":{"rendered":"<p>Bol en noix de coco fuchsia, d\u00e9cor\u00e9 d&rsquo;un design vibrant de main, la \u00ab\u00a0hamsa\u00a0\u00bb, symbolisant la protection. Ce produit, fabriqu\u00e9 artisanalement, pr\u00e9sente des d\u00e9tails de mosa\u00efque dans diff\u00e9rentes nuances de rose sur un fond blanc. Parfait comme \u00e9l\u00e9ment d\u00e9coratif, ce bol apporte non seulement de la couleur \u00e0 n&rsquo;importe quel espace, mais \u00e9voque \u00e9galement la riche tradition culturelle m\u00e9diterran\u00e9enne. Id\u00e9al pour d\u00e9corer ou comme cadeau original.<\/p>\n","protected":false},"featured_media":13513,"template":"","meta":{"_acf_changed":false},"product_brand":[],"product_cat":[521],"product_tag":[],"class_list":{"0":"post-28951","1":"product","2":"type-product","3":"status-publish","4":"has-post-thumbnail","6":"product_cat-bols","7":"pa_motivo-mains","9":"first","10":"instock","11":"shipping-taxable","12":"product-type-simple"},"acf":[],"_links":{"self":[{"href":"https:\/\/olemosaic.com\/fr\/wp-json\/wp\/v2\/product\/28951","targetHints":{"allow":["GET"]}}],"collection":[{"href":"https:\/\/olemosaic.com\/fr\/wp-json\/wp\/v2\/product"}],"about":[{"href":"https:\/\/olemosaic.com\/fr\/wp-json\/wp\/v2\/types\/product"}],"wp:featuredmedia":[{"embeddable":true,"href":"https:\/\/olemosaic.com\/fr\/wp-json\/wp\/v2\/media\/13513"}],"wp:attachment":[{"href":"https:\/\/olemosaic.com\/fr\/wp-json\/wp\/v2\/media?parent=28951"}],"wp:term":[{"taxonomy":"product_brand","embeddable":true,"href":"https:\/\/olemosaic.com\/fr\/wp-json\/wp\/v2\/product_brand?post=28951"},{"taxonomy":"product_cat","embeddable":true,"href":"https:\/\/olemosaic.com\/fr\/wp-json\/wp\/v2\/product_cat?post=28951"},{"taxonomy":"product_tag","embeddable":true,"href":"https:\/\/olemosaic.com\/fr\/wp-json\/wp\/v2\/product_tag?post=28951"}],"curies":[{"name":"wp","href":"https:\/\/api.w.org\/{rel}","templated":true}]}}