{"id":28950,"date":"2025-02-20T23:30:33","date_gmt":"2025-02-20T22:30:33","guid":{"rendered":"http:\/\/olemosaic.com\/producto\/bol-de-coco-fucsia-salamandra-2\/"},"modified":"2025-07-25T20:10:05","modified_gmt":"2025-07-25T18:10:05","slug":"bol-noix-de-coco-fuchsia-salamandre-2","status":"publish","type":"product","link":"https:\/\/olemosaic.com\/fr\/produit\/bol-noix-de-coco-fuchsia-salamandre-2\/","title":{"rendered":"Bol en noix de coco fuchsia. Salamandre. Espagne."},"content":{"rendered":"<p>Ce bol en noix de coco fuchsia est une pi\u00e8ce artisanale vibrante qui ajoute une touche de couleur et de vie \u00e0 n&rsquo;importe quel int\u00e9rieur. Avec une finition fuchsia brillante, son design est non seulement visuellement percutant, mais refl\u00e8te \u00e9galement la richesse culturelle de la tradition artisanale. L&rsquo;\u00e9l\u00e9gante bordure en mosa\u00efque qui entoure le bol cr\u00e9e un contraste attrayant, tout en apportant texture et profondeur.<\/p>\n<p>Au centre se d\u00e9tache une salamandre, symbole repr\u00e9sentant la transformation et le renouveau dans diverses cultures. Cet \u00e9l\u00e9ment distinctif enrichit non seulement l&rsquo;esth\u00e9tique du bol, mais se connecte \u00e9galement aux aspects culturels et naturels de la r\u00e9gion. Chaque bol est fabriqu\u00e9 \u00e0 la main, ce qui garantit que chaque pi\u00e8ce est unique et authentique, devenant un beau souvenir du savoir-faire artisanal.<\/p>\n<p>Id\u00e9al comme souvenir, ce bol en noix de coco fuchsia est parfait pour les touristes \u00e0 la recherche d&rsquo;un \u00e9l\u00e9ment d\u00e9coratif alliant fonctionnalit\u00e9 et forte valeur culturelle. Chez Ol\u00e9 Mosaic, nous sommes des distributeurs de produits artisanaux en gros, et ce bol se pr\u00e9sente comme une excellente option pour les boutiques de cadeaux touristiques cherchant \u00e0 offrir des souvenirs authentiques et de qualit\u00e9. Un bol qui non seulement d\u00e9core, mais raconte une histoire.<\/p>\n","protected":false},"excerpt":{"rendered":"<p>Bol en noix de coco fuchsia d\u00e9cor\u00e9 d&rsquo;une salamandre, id\u00e9al pour donner une touche vibrante \u00e0 votre int\u00e9rieur. Cet article artisanal pr\u00e9sente une finition fuchsia brillante, rehauss\u00e9e par un design en mosa\u00efque cr\u00e9ant une bordure \u00e9l\u00e9gante. Au centre se d\u00e9tache une salamandre, apportant une touche distinctive et culturelle. Fabriqu\u00e9 \u00e0 la main, ce bol allie fonctionnalit\u00e9 et esth\u00e9tique, devenant un magnifique souvenir de la riche tradition artisanale.<\/p>\n","protected":false},"featured_media":10056,"template":"","meta":{"_acf_changed":false},"product_brand":[],"product_cat":[521],"product_tag":[530],"class_list":{"0":"post-28950","1":"product","2":"type-product","3":"status-publish","4":"has-post-thumbnail","6":"product_cat-bols","7":"product_tag-animaux","8":"pa_motivo-salamandres","10":"first","11":"instock","12":"shipping-taxable","13":"product-type-simple"},"acf":[],"_links":{"self":[{"href":"https:\/\/olemosaic.com\/fr\/wp-json\/wp\/v2\/product\/28950","targetHints":{"allow":["GET"]}}],"collection":[{"href":"https:\/\/olemosaic.com\/fr\/wp-json\/wp\/v2\/product"}],"about":[{"href":"https:\/\/olemosaic.com\/fr\/wp-json\/wp\/v2\/types\/product"}],"wp:featuredmedia":[{"embeddable":true,"href":"https:\/\/olemosaic.com\/fr\/wp-json\/wp\/v2\/media\/10056"}],"wp:attachment":[{"href":"https:\/\/olemosaic.com\/fr\/wp-json\/wp\/v2\/media?parent=28950"}],"wp:term":[{"taxonomy":"product_brand","embeddable":true,"href":"https:\/\/olemosaic.com\/fr\/wp-json\/wp\/v2\/product_brand?post=28950"},{"taxonomy":"product_cat","embeddable":true,"href":"https:\/\/olemosaic.com\/fr\/wp-json\/wp\/v2\/product_cat?post=28950"},{"taxonomy":"product_tag","embeddable":true,"href":"https:\/\/olemosaic.com\/fr\/wp-json\/wp\/v2\/product_tag?post=28950"}],"curies":[{"name":"wp","href":"https:\/\/api.w.org\/{rel}","templated":true}]}}