{"id":28949,"date":"2025-02-20T23:30:33","date_gmt":"2025-02-20T22:30:33","guid":{"rendered":"http:\/\/olemosaic.com\/producto\/bol-de-coco-fucsia-salamandra\/"},"modified":"2025-07-25T18:37:07","modified_gmt":"2025-07-25T16:37:07","slug":"bol-noix-de-coco-fuchsia-salamandre","status":"publish","type":"product","link":"https:\/\/olemosaic.com\/fr\/produit\/bol-noix-de-coco-fuchsia-salamandre\/","title":{"rendered":"Bol en noix de coco fuchsia. Salamandre."},"content":{"rendered":"<p>Ce bol en noix de coco fuchsia est un chef-d&rsquo;\u0153uvre d&rsquo;artisanat populaire qui capture l&rsquo;essence vibrante de la culture locale. Con\u00e7u dans une couleur fuchsia intense, le bol pr\u00e9sente une charmante salamandre au centre, entour\u00e9e de c\u0153urs qui ajoutent une touche ludique et festive. Chaque pi\u00e8ce semble \u00eatre peinte \u00e0 la main, ce qui garantit que chaque bol est unique et pr\u00e9sente des d\u00e9tails artistiques minutieux soulignant son authenticit\u00e9. Fabriqu\u00e9 en noix de coco, ce bol n&rsquo;est pas seulement un objet d\u00e9coratif, mais aussi pratique, id\u00e9al pour servir des ap\u00e9ritifs ou des collations lors de r\u00e9unions de famille et de c\u00e9l\u00e9brations.<\/p>\n<p>La salamandre, symbole de chance et de prosp\u00e9rit\u00e9 dans de nombreuses cultures, relie cet article aux traditions locales, lui conf\u00e9rant une valeur culturelle ajout\u00e9e. Ce bol en noix de coco fuchsia n&rsquo;est pas seulement un souvenir ; c&rsquo;est une repr\u00e9sentation tangible du riche h\u00e9ritage artisanal de la r\u00e9gion. Parfait pour les touristes cherchant \u00e0 emporter un morceau de la culture locale, ce bol est un excellent cadeau qui transcende le temps et les modes.<\/p>\n<p>Chez Ol\u00e9 Mosaic, nous nous consacrons \u00e0 la distribution de souvenirs authentiques en gros, offrant des produits uniques qui c\u00e9l\u00e8brent la diversit\u00e9 culturelle et l&rsquo;artisanat de l&rsquo;Espagne et du Portugal. Ce bol en noix de coco est une option id\u00e9ale pour les boutiques de cadeaux touristiques cherchant \u00e0 offrir des articles de qualit\u00e9 et de pertinence culturelle \u00e0 leurs clients.<\/p>\n","protected":false},"excerpt":{"rendered":"<p>Bol en noix de coco fuchsia d\u00e9cor\u00e9 d&rsquo;une sympathique salamandre, repr\u00e9sentant l&rsquo;art populaire vibrant de la r\u00e9gion. Ce magnifique bol pr\u00e9sente un design artisanal, peint \u00e0 la main, avec des c\u0153urs et des d\u00e9tails d&rsquo;un fuchsia intense qui le font ressortir. Son mat\u00e9riau en noix de coco offre une texture naturelle, id\u00e9ale pour servir des ap\u00e9ritifs ou comme pi\u00e8ce d\u00e9corative. Une touche joyeuse et color\u00e9e pour n&rsquo;importe quel int\u00e9rieur.<\/p>\n","protected":false},"featured_media":10170,"template":"","meta":{"_acf_changed":false},"product_brand":[],"product_cat":[521],"product_tag":[530],"class_list":{"0":"post-28949","1":"product","2":"type-product","3":"status-publish","4":"has-post-thumbnail","6":"product_cat-bols","7":"product_tag-animaux","8":"pa_motivo-salamandres","10":"first","11":"instock","12":"shipping-taxable","13":"product-type-simple"},"acf":[],"_links":{"self":[{"href":"https:\/\/olemosaic.com\/fr\/wp-json\/wp\/v2\/product\/28949","targetHints":{"allow":["GET"]}}],"collection":[{"href":"https:\/\/olemosaic.com\/fr\/wp-json\/wp\/v2\/product"}],"about":[{"href":"https:\/\/olemosaic.com\/fr\/wp-json\/wp\/v2\/types\/product"}],"wp:featuredmedia":[{"embeddable":true,"href":"https:\/\/olemosaic.com\/fr\/wp-json\/wp\/v2\/media\/10170"}],"wp:attachment":[{"href":"https:\/\/olemosaic.com\/fr\/wp-json\/wp\/v2\/media?parent=28949"}],"wp:term":[{"taxonomy":"product_brand","embeddable":true,"href":"https:\/\/olemosaic.com\/fr\/wp-json\/wp\/v2\/product_brand?post=28949"},{"taxonomy":"product_cat","embeddable":true,"href":"https:\/\/olemosaic.com\/fr\/wp-json\/wp\/v2\/product_cat?post=28949"},{"taxonomy":"product_tag","embeddable":true,"href":"https:\/\/olemosaic.com\/fr\/wp-json\/wp\/v2\/product_tag?post=28949"}],"curies":[{"name":"wp","href":"https:\/\/api.w.org\/{rel}","templated":true}]}}