{"id":28941,"date":"2025-02-20T23:30:33","date_gmt":"2025-02-20T22:30:33","guid":{"rendered":"http:\/\/olemosaic.com\/producto\/bol-de-coco-fucsia-salamandra-barcelona-3\/"},"modified":"2025-07-25T22:14:35","modified_gmt":"2025-07-25T20:14:35","slug":"bol-noix-de-coco-fuchsia-salamandre-barcelone-3","status":"publish","type":"product","link":"https:\/\/olemosaic.com\/fr\/produit\/bol-noix-de-coco-fuchsia-salamandre-barcelone-3\/","title":{"rendered":"Bol en noix de coco fuchsia. Salamandre. Gaudi. Barcelone."},"content":{"rendered":"<p>Ce bol en noix de coco fuchsia est une pi\u00e8ce d\u00e9corative exquise qui \u00e9voque la cr\u00e9ativit\u00e9 vibrante de Barcelone. Avec une finition dans des tons fuchsia intenses, son design attire l&rsquo;attention et ajoute une touche d&rsquo;originalit\u00e9 \u00e0 n&rsquo;importe quel espace. La forme courbe du bol allie \u00e9l\u00e9gance et fonctionnalit\u00e9, cr\u00e9ant un point focal attrayant dans la maison. \u00c0 l&rsquo;int\u00e9rieur, on remarque une illustration impressionnante d&rsquo;une salamandre dans des tons marron, symbolisant la vitalit\u00e9 et la culture qui caract\u00e9risent cette ville embl\u00e9matique. Sous la salamandre, le mot \u00ab\u00a0Barcelona\u00a0\u00bb appara\u00eet, reliant ce produit \u00e0 son origine culturelle.<\/p>\n<p>Les d\u00e9tails en mosa\u00efque qui ornent la surface du bol ajoutent un niveau de sophistication et de dynamisme \u00e0 la pi\u00e8ce, faisant de cet article un souvenir parfait de Barcelone. Ce bol n&rsquo;est pas seulement id\u00e9al pour ceux qui recherchent un \u00e9l\u00e9ment d\u00e9coratif unique, mais aussi un souvenir authentique qui capture l&rsquo;essence de la tradition artistique catalane. Chez Ol\u00e9 Mosaic, nous sommes experts dans la distribution de souvenirs de haute qualit\u00e9 et nous proposons ce bol en noix de coco fuchsia comme une excellente option pour les boutiques de cadeaux touristiques. Avec son design attrayant et son lien culturel, ce bol avec la salamandre captivera s\u00fbrement les visiteurs qui cherchent \u00e0 emporter un morceau de Barcelone chez eux.<\/p>\n","protected":false},"excerpt":{"rendered":"<p>Bol en noix de coco fuchsia d\u00e9cor\u00e9 d&rsquo;un design vibrant de salamandre, inspir\u00e9 par la cr\u00e9ativit\u00e9 barcelonaise. Ce bol \u00e9l\u00e9gant pr\u00e9sente une finition dans des tons fuchsia avec des d\u00e9tails en mosa\u00efque qui soulignent sa forme courbe. Au centre, une illustration de salamandre dans des tons marron se d\u00e9tache, accompagn\u00e9e du texte \u00ab\u00a0Barcelona\u00a0\u00bb. Cet article attrayant est id\u00e9al pour ajouter une touche de couleur et d&rsquo;originalit\u00e9 \u00e0 n&rsquo;importe quel espace.<\/p>\n","protected":false},"featured_media":11864,"template":"","meta":{"_acf_changed":false},"product_brand":[],"product_cat":[521],"product_tag":[530],"class_list":{"0":"post-28941","1":"product","2":"type-product","3":"status-publish","4":"has-post-thumbnail","6":"product_cat-bols","7":"product_tag-animaux","8":"pa_ciudad-barcelona","9":"pa_motivo-salamandres","10":"pa_pais-espana","12":"first","13":"instock","14":"shipping-taxable","15":"product-type-simple"},"acf":[],"_links":{"self":[{"href":"https:\/\/olemosaic.com\/fr\/wp-json\/wp\/v2\/product\/28941","targetHints":{"allow":["GET"]}}],"collection":[{"href":"https:\/\/olemosaic.com\/fr\/wp-json\/wp\/v2\/product"}],"about":[{"href":"https:\/\/olemosaic.com\/fr\/wp-json\/wp\/v2\/types\/product"}],"wp:featuredmedia":[{"embeddable":true,"href":"https:\/\/olemosaic.com\/fr\/wp-json\/wp\/v2\/media\/11864"}],"wp:attachment":[{"href":"https:\/\/olemosaic.com\/fr\/wp-json\/wp\/v2\/media?parent=28941"}],"wp:term":[{"taxonomy":"product_brand","embeddable":true,"href":"https:\/\/olemosaic.com\/fr\/wp-json\/wp\/v2\/product_brand?post=28941"},{"taxonomy":"product_cat","embeddable":true,"href":"https:\/\/olemosaic.com\/fr\/wp-json\/wp\/v2\/product_cat?post=28941"},{"taxonomy":"product_tag","embeddable":true,"href":"https:\/\/olemosaic.com\/fr\/wp-json\/wp\/v2\/product_tag?post=28941"}],"curies":[{"name":"wp","href":"https:\/\/api.w.org\/{rel}","templated":true}]}}