{"id":28938,"date":"2025-02-20T23:30:32","date_gmt":"2025-02-20T22:30:32","guid":{"rendered":"http:\/\/olemosaic.com\/producto\/bol-de-coco-fucsia-sardina-3\/"},"modified":"2025-07-25T19:00:42","modified_gmt":"2025-07-25T17:00:42","slug":"bol-noix-de-coco-fuchsia-sardine-3","status":"publish","type":"product","link":"https:\/\/olemosaic.com\/fr\/produit\/bol-noix-de-coco-fuchsia-sardine-3\/","title":{"rendered":"Bol en noix de coco fuchsia. Sardine. Azulejos portugais."},"content":{"rendered":"<p>Ce bol en noix de coco fuchsia est une pi\u00e8ce artisanale exquise qui capture l&rsquo;essence de la riche tradition de p\u00eache des c\u00f4tes espagnoles. D&rsquo;une couleur fuchsia vibrante, il se distingue par son illustration \u00e9l\u00e9gante d&rsquo;une sardine, symbole embl\u00e9matique de la gastronomie m\u00e9diterran\u00e9enne. Le design pr\u00e9sente un bord sombre qui accentue la courbe du bol, apportant une touche sophistiqu\u00e9e et moderne.<\/p>\n<p>La technique de finition inclut un effet craquel\u00e9 attrayant qui, en plus d&rsquo;ajouter une texture visuelle, conf\u00e8re \u00e0 chaque pi\u00e8ce un caract\u00e8re unique. Ce bol n&rsquo;est pas seulement une option d\u00e9corative impressionnante, mais il est \u00e9galement parfait pour servir des ap\u00e9ritifs lors de r\u00e9unions et de c\u00e9l\u00e9brations, fusionnant fonctionnalit\u00e9 et style de mani\u00e8re exceptionnelle.<\/p>\n<p>La sardine, abondante dans les eaux de la p\u00e9ninsule, repr\u00e9sente le lien entre la culture locale, la mer et la tradition culinaire de la r\u00e9gion. Par cons\u00e9quent, ce bol en noix de coco est bien plus qu&rsquo;un simple objet ; c&rsquo;est un souvenir qui \u00e9voque la beaut\u00e9 et l&rsquo;authenticit\u00e9 des c\u00f4tes espagnoles.<\/p>\n<p>Chez Ol\u00e9 Mosaic, nous nous sp\u00e9cialisons dans la distribution de souvenirs en gros, offrant une vari\u00e9t\u00e9 de produits artisanaux repr\u00e9sentatifs de la tradition espagnole. Ce bol en noix de coco fuchsia est une option id\u00e9ale pour les boutiques de cadeaux touristiques qui souhaitent offrir \u00e0 leurs clients un souvenir authentique et repr\u00e9sentatif des coutumes locales. En tant que grossistes d&rsquo;articles artisanaux, nous garantissons la qualit\u00e9 et l&rsquo;authenticit\u00e9 de chaque pi\u00e8ce, faisant de ce bol un excellent cadeau pour ceux qui souhaitent emporter un fragment de la culture m\u00e9diterran\u00e9enne.<\/p>\n","protected":false},"excerpt":{"rendered":"<p>Bol en noix de coco fuchsia d\u00e9cor\u00e9 d&rsquo;une illustration \u00e9l\u00e9gante d&rsquo;une sardine, repr\u00e9sentant la riche tradition de p\u00eache des c\u00f4tes espagnoles. Cette pi\u00e8ce artisanale se distingue par sa couleur fuchsia vibrante et son design raffin\u00e9, avec un bord sombre qui souligne sa forme courbe. Sa technique de finition inclut un effet craquel\u00e9 qui ajoute texture et singularit\u00e9. Parfait comme \u00e9l\u00e9ment d\u00e9coratif ou pour servir des ap\u00e9ritifs, il fusionne fonctionnalit\u00e9 et style dans un produit unique.<\/p>\n","protected":false},"featured_media":11735,"template":"","meta":{"_acf_changed":false},"product_brand":[],"product_cat":[521],"product_tag":[530],"class_list":{"0":"post-28938","1":"product","2":"type-product","3":"status-publish","4":"has-post-thumbnail","6":"product_cat-bols","7":"product_tag-animaux","8":"pa_motivo-sardines","10":"first","11":"instock","12":"shipping-taxable","13":"product-type-simple"},"acf":[],"_links":{"self":[{"href":"https:\/\/olemosaic.com\/fr\/wp-json\/wp\/v2\/product\/28938","targetHints":{"allow":["GET"]}}],"collection":[{"href":"https:\/\/olemosaic.com\/fr\/wp-json\/wp\/v2\/product"}],"about":[{"href":"https:\/\/olemosaic.com\/fr\/wp-json\/wp\/v2\/types\/product"}],"wp:featuredmedia":[{"embeddable":true,"href":"https:\/\/olemosaic.com\/fr\/wp-json\/wp\/v2\/media\/11735"}],"wp:attachment":[{"href":"https:\/\/olemosaic.com\/fr\/wp-json\/wp\/v2\/media?parent=28938"}],"wp:term":[{"taxonomy":"product_brand","embeddable":true,"href":"https:\/\/olemosaic.com\/fr\/wp-json\/wp\/v2\/product_brand?post=28938"},{"taxonomy":"product_cat","embeddable":true,"href":"https:\/\/olemosaic.com\/fr\/wp-json\/wp\/v2\/product_cat?post=28938"},{"taxonomy":"product_tag","embeddable":true,"href":"https:\/\/olemosaic.com\/fr\/wp-json\/wp\/v2\/product_tag?post=28938"}],"curies":[{"name":"wp","href":"https:\/\/api.w.org\/{rel}","templated":true}]}}