{"id":28931,"date":"2025-02-20T22:30:32","date_gmt":"2025-02-20T22:30:32","guid":{"rendered":"http:\/\/olemosaic.com\/producto\/bol-de-coco-fucsia-caballito-de-mar-tenerife\/"},"modified":"2025-07-25T19:02:29","modified_gmt":"2025-07-25T17:02:29","slug":"bol-en-noix-de-coco-fuchsia-hippocampe-tenerife","status":"publish","type":"product","link":"https:\/\/olemosaic.com\/fr\/produit\/bol-en-noix-de-coco-fuchsia-hippocampe-tenerife\/","title":{"rendered":"Bol en noix de coco fuchsia. Hippocampe. Tenerife."},"content":{"rendered":"<p>Ce bol en noix de coco fuchsia est un v\u00e9ritable bijou d\u00e9coratif qui capture l&rsquo;essence de l&rsquo;oc\u00e9an de Tenerife. Con\u00e7u avec un \u00e9l\u00e9gant hippocampe, cet article n&rsquo;est pas seulement visuellement attrayant, mais symbolise \u00e9galement la riche biodiversit\u00e9 marine des \u00eeles Canaries. Son design vibrant pr\u00e9sente une mosa\u00efque de tons fuchsia, cr\u00e9ant un effet captivant qui capte la lumi\u00e8re et apporte une touche exotique \u00e0 n&rsquo;importe quel espace. L&rsquo;\u00e9clat des d\u00e9tails, soigneusement \u00e9labor\u00e9s, rehausse sa beaut\u00e9 et sa singularit\u00e9, en faisant une pi\u00e8ce id\u00e9ale tant pour servir des ap\u00e9ritifs que pour \u00eatre expos\u00e9e comme d\u00e9coration dans la maison.<\/p>\n<p>Ce bol fuchsia repr\u00e9sente la culture canarienne de mani\u00e8re authentique, \u00e9voquant la connexion de l&rsquo;archipel avec la mer. Parfait pour les touristes et les passionn\u00e9s de d\u00e9coration, c&rsquo;est un souvenir qui encapsule l&rsquo;histoire et la tradition vibrantes de Tenerife, devenant un souvenir id\u00e9al. Chez Ol\u00e9 Mosaic, nous sommes distributeurs de souvenirs en gros, et ce bol en noix de coco est une excellente option pour les magasins de cadeaux qui cherchent \u00e0 offrir des produits uniques portant en eux un morceau de la culture canarienne. Sa combinaison d&rsquo;art et de fonctionnalit\u00e9 le fait ressortir, \u00e9tant une option parfaite pour ceux qui recherchent un souvenir distinctif et authentique de Tenerife.<\/p>\n","protected":false},"excerpt":{"rendered":"<p>Bol en noix de coco fuchsia d\u00e9cor\u00e9 d&rsquo;un \u00e9l\u00e9gant hippocampe, repr\u00e9sentant la beaut\u00e9 de l&rsquo;oc\u00e9an \u00e0 Tenerife. Son design vibrant pr\u00e9sente une mosa\u00efque de tons fuchsia et des d\u00e9tails brillants qui captent la lumi\u00e8re, id\u00e9al pour apporter une touche exotique \u00e0 n&rsquo;importe quel espace. Cet article distinctif est parfait comme \u00e9l\u00e9ment d\u00e9coratif ou pour servir des ap\u00e9ritifs, combinant fonctionnalit\u00e9 et charme esth\u00e9tique qui \u00e9voque la richesse culturelle des \u00eeles Canaries.<\/p>\n","protected":false},"featured_media":11928,"template":"","meta":{"_acf_changed":false},"product_brand":[],"product_cat":[521],"product_tag":[530],"class_list":{"0":"post-28931","1":"product","2":"type-product","3":"status-publish","4":"has-post-thumbnail","6":"product_cat-bols","7":"product_tag-animaux","8":"pa_ciudad-tenerife","9":"pa_motivo-hippocampes","10":"pa_pais-espana","12":"first","13":"instock","14":"shipping-taxable","15":"product-type-simple"},"acf":[],"_links":{"self":[{"href":"https:\/\/olemosaic.com\/fr\/wp-json\/wp\/v2\/product\/28931","targetHints":{"allow":["GET"]}}],"collection":[{"href":"https:\/\/olemosaic.com\/fr\/wp-json\/wp\/v2\/product"}],"about":[{"href":"https:\/\/olemosaic.com\/fr\/wp-json\/wp\/v2\/types\/product"}],"wp:featuredmedia":[{"embeddable":true,"href":"https:\/\/olemosaic.com\/fr\/wp-json\/wp\/v2\/media\/11928"}],"wp:attachment":[{"href":"https:\/\/olemosaic.com\/fr\/wp-json\/wp\/v2\/media?parent=28931"}],"wp:term":[{"taxonomy":"product_brand","embeddable":true,"href":"https:\/\/olemosaic.com\/fr\/wp-json\/wp\/v2\/product_brand?post=28931"},{"taxonomy":"product_cat","embeddable":true,"href":"https:\/\/olemosaic.com\/fr\/wp-json\/wp\/v2\/product_cat?post=28931"},{"taxonomy":"product_tag","embeddable":true,"href":"https:\/\/olemosaic.com\/fr\/wp-json\/wp\/v2\/product_tag?post=28931"}],"curies":[{"name":"wp","href":"https:\/\/api.w.org\/{rel}","templated":true}]}}