{"id":28929,"date":"2025-02-20T23:30:31","date_gmt":"2025-02-20T22:30:31","guid":{"rendered":"http:\/\/olemosaic.com\/producto\/bol-de-coco-fucsia-delfin-3\/"},"modified":"2025-07-25T19:01:19","modified_gmt":"2025-07-25T17:01:19","slug":"bol-en-noix-de-coco-fuchsia-dauphin-3","status":"publish","type":"product","link":"https:\/\/olemosaic.com\/fr\/produit\/bol-en-noix-de-coco-fuchsia-dauphin-3\/","title":{"rendered":"Bol en noix de coco fuchsia. Dauphin. Motif c\u0153urs."},"content":{"rendered":"<p>Ce bol fuchsia en noix de coco est un souvenir vibrant et charmant qui capture l&rsquo;essence du folklore m\u00e9diterran\u00e9en. Fabriqu\u00e9 de mani\u00e8re artisanale, il se distingue par sa couleur fuchsia intense, qui irradie joie et modernit\u00e9, en faisant une pi\u00e8ce id\u00e9ale tant pour la d\u00e9coration d&rsquo;int\u00e9rieur que pour ranger de petits objets. \u00c0 l&rsquo;int\u00e9rieur, un design stylis\u00e9 de deux dauphins entour\u00e9s de c\u0153urs dans des tons plus doux ajoute une touche ludique, \u00e9voquant la vie marine et la connexion culturelle de la r\u00e9gion avec la mer. Les dauphins, symboles de joie et de libert\u00e9, repr\u00e9sentent la riche tradition maritime de nombreuses villes c\u00f4ti\u00e8res, faisant de ce bol un reflet authentique de l&rsquo;h\u00e9ritage m\u00e9diterran\u00e9en.<\/p>\n<p>L&rsquo;ornementation soign\u00e9e et les couleurs vibrantes font de ce bol une pi\u00e8ce unique qui n&rsquo;est pas seulement fonctionnelle, mais offre \u00e9galement une valeur esth\u00e9tique significative, en faisant un souvenir exceptionnel pour les touristes \u00e0 la recherche de souvenirs authentiques. Chez Ol\u00e9 Mosaic, nous sommes experts dans la distribution de souvenirs en gros, et ce bol fuchsia en noix de coco est une option parfaite pour les magasins de cadeaux touristiques souhaitant proposer des produits alliant art et culture. Attirez vos clients avec ce bol qui encapsule l&rsquo;essence de la M\u00e9diterran\u00e9e et se d\u00e9marque dans toute collection de souvenirs.<\/p>\n","protected":false},"excerpt":{"rendered":"<p>Bol en noix de coco fuchsia d\u00e9cor\u00e9 d&rsquo;un charmant design de deux dauphins dans un environnement stylis\u00e9. Cette pi\u00e8ce artisanale se distingue par sa couleur fuchsia vibrante, compl\u00e9t\u00e9e par des c\u0153urs dans des tons plus doux, qui lui donnent une touche joyeuse et moderne. Id\u00e9al pour la d\u00e9coration ou comme r\u00e9cipient pour de petits objets, ce bol refl\u00e8te la culture maritime et le folklore m\u00e9diterran\u00e9en, fusionnant art et fonctionnalit\u00e9 en un seul objet.<\/p>\n","protected":false},"featured_media":10182,"template":"","meta":{"_acf_changed":false},"product_brand":[],"product_cat":[521],"product_tag":[530],"class_list":{"0":"post-28929","1":"product","2":"type-product","3":"status-publish","4":"has-post-thumbnail","6":"product_cat-bols","7":"product_tag-animaux","8":"pa_motivo-dauphins","10":"first","11":"instock","12":"shipping-taxable","13":"product-type-simple"},"acf":[],"_links":{"self":[{"href":"https:\/\/olemosaic.com\/fr\/wp-json\/wp\/v2\/product\/28929","targetHints":{"allow":["GET"]}}],"collection":[{"href":"https:\/\/olemosaic.com\/fr\/wp-json\/wp\/v2\/product"}],"about":[{"href":"https:\/\/olemosaic.com\/fr\/wp-json\/wp\/v2\/types\/product"}],"wp:featuredmedia":[{"embeddable":true,"href":"https:\/\/olemosaic.com\/fr\/wp-json\/wp\/v2\/media\/10182"}],"wp:attachment":[{"href":"https:\/\/olemosaic.com\/fr\/wp-json\/wp\/v2\/media?parent=28929"}],"wp:term":[{"taxonomy":"product_brand","embeddable":true,"href":"https:\/\/olemosaic.com\/fr\/wp-json\/wp\/v2\/product_brand?post=28929"},{"taxonomy":"product_cat","embeddable":true,"href":"https:\/\/olemosaic.com\/fr\/wp-json\/wp\/v2\/product_cat?post=28929"},{"taxonomy":"product_tag","embeddable":true,"href":"https:\/\/olemosaic.com\/fr\/wp-json\/wp\/v2\/product_tag?post=28929"}],"curies":[{"name":"wp","href":"https:\/\/api.w.org\/{rel}","templated":true}]}}