{"id":28922,"date":"2025-02-20T23:30:31","date_gmt":"2025-02-20T22:30:31","guid":{"rendered":"http:\/\/olemosaic.com\/producto\/bol-de-coco-fucsia-salamandra-barcelona-2\/"},"modified":"2025-07-25T20:44:31","modified_gmt":"2025-07-25T18:44:31","slug":"bol-noix-de-coco-fuchsia-salamandre-barcelone-fr","status":"publish","type":"product","link":"https:\/\/olemosaic.com\/fr\/produit\/bol-noix-de-coco-fuchsia-salamandre-barcelone-fr\/","title":{"rendered":"Bol en noix de coco fuchsia. Salamandre. Style m\u00e9diterran\u00e9en. Barcelone."},"content":{"rendered":"<p>Ce bol en noix de coco fuchsia est un exemple impressionnant de l&rsquo;artisanat barcelonais, con\u00e7u pour apporter une touche vibrante \u00e0 n&rsquo;importe quel foyer. Fabriqu\u00e9 en noix de coco, il se distingue par sa spectaculaire finition peinte \u00e0 la main dans une couleur fuchsia \u00e9blouissante, \u00e9voquant l&rsquo;\u00e9nergie et le dynamisme de la cit\u00e9 comtale. Au centre resplendit une \u00e9l\u00e9gante salamandre, mise en valeur dans un ton dor\u00e9 subtil, symbole de transformation et de renaissance, refl\u00e9tant le mode de vie cr\u00e9atif et color\u00e9 de Barcelone. La base du bol pr\u00e9sente un design en mosa\u00efque qui renforce sa connexion avec la riche culture locale et l&rsquo;h\u00e9ritage artistique de la r\u00e9gion, rendant hommage aux \u0153uvres du c\u00e9l\u00e8bre architecte Antoni Gaud\u00ed. Ce bol n&rsquo;est pas seulement un objet d\u00e9coratif, mais aussi un authentique souvenir de Barcelone, id\u00e9al pour les touristes cherchant \u00e0 ramener un fragment de la culture catalane chez eux. Chez Ol\u00e9 Mosaic, nous nous sp\u00e9cialisons dans la distribution de souvenirs en gros, offrant des produits uniques qui c\u00e9l\u00e8brent l&rsquo;authenticit\u00e9 et l&rsquo;art de nos r\u00e9gions. Ce bol en noix de coco est une excellente option pour les boutiques de cadeaux touristiques souhaitant proposer des articles de qualit\u00e9 et de pertinence culturelle.<\/p>\n","protected":false},"excerpt":{"rendered":"<p>Bol en noix de coco fuchsia d\u00e9cor\u00e9 d&rsquo;une \u00e9l\u00e9gante salamandre, repr\u00e9sentant le mode de vie vibrant de Barcelone. Ce bol attrayant, fait de noix de coco, pr\u00e9sente un design artisanal fini et peint \u00e0 la main dans une couleur fuchsia \u00e9clatante avec des d\u00e9tails dor\u00e9s. Au centre, la salamandre se d\u00e9tache dans une couleur subtile, tandis que la base montre un motif de mosa\u00efque renfor\u00e7ant son lien avec la culture locale. Id\u00e9al pour donner une touche de couleur \u00e0 n&rsquo;importe quel int\u00e9rieur.<\/p>\n","protected":false},"featured_media":11754,"template":"","meta":{"_acf_changed":false},"product_brand":[],"product_cat":[521],"product_tag":[530],"class_list":{"0":"post-28922","1":"product","2":"type-product","3":"status-publish","4":"has-post-thumbnail","6":"product_cat-bols","7":"product_tag-animaux","8":"pa_ciudad-barcelona","9":"pa_motivo-salamandres","10":"pa_pais-espana","12":"first","13":"instock","14":"shipping-taxable","15":"product-type-simple"},"acf":[],"_links":{"self":[{"href":"https:\/\/olemosaic.com\/fr\/wp-json\/wp\/v2\/product\/28922","targetHints":{"allow":["GET"]}}],"collection":[{"href":"https:\/\/olemosaic.com\/fr\/wp-json\/wp\/v2\/product"}],"about":[{"href":"https:\/\/olemosaic.com\/fr\/wp-json\/wp\/v2\/types\/product"}],"wp:featuredmedia":[{"embeddable":true,"href":"https:\/\/olemosaic.com\/fr\/wp-json\/wp\/v2\/media\/11754"}],"wp:attachment":[{"href":"https:\/\/olemosaic.com\/fr\/wp-json\/wp\/v2\/media?parent=28922"}],"wp:term":[{"taxonomy":"product_brand","embeddable":true,"href":"https:\/\/olemosaic.com\/fr\/wp-json\/wp\/v2\/product_brand?post=28922"},{"taxonomy":"product_cat","embeddable":true,"href":"https:\/\/olemosaic.com\/fr\/wp-json\/wp\/v2\/product_cat?post=28922"},{"taxonomy":"product_tag","embeddable":true,"href":"https:\/\/olemosaic.com\/fr\/wp-json\/wp\/v2\/product_tag?post=28922"}],"curies":[{"name":"wp","href":"https:\/\/api.w.org\/{rel}","templated":true}]}}