{"id":28921,"date":"2025-02-20T23:30:31","date_gmt":"2025-02-20T22:30:31","guid":{"rendered":"http:\/\/olemosaic.com\/producto\/bol-de-coco-fucsia-delfin-mallorca-2\/"},"modified":"2025-07-25T19:00:04","modified_gmt":"2025-07-25T17:00:04","slug":"bol-noix-de-coco-fuchsia-dauphin-majorque-fr","status":"publish","type":"product","link":"https:\/\/olemosaic.com\/fr\/produit\/bol-noix-de-coco-fuchsia-dauphin-majorque-fr\/","title":{"rendered":"Bol en noix de coco fuchsia. Dauphin. Majorque. Bal\u00e9ares."},"content":{"rendered":"<p>Ce bol en noix de coco fuchsia est un souvenir exquis de Majorque, id\u00e9al pour ceux qui recherchent un souvenir authentique capturant l&rsquo;essence de la mer et la beaut\u00e9 de l&rsquo;\u00eele. \u00c9labor\u00e9 avec des mat\u00e9riaux naturels, le bol pr\u00e9sente un design \u00e9l\u00e9gant en forme de coquillage, lui conf\u00e9rant une touche artisanale et unique. Sa teinte fuchsia vibrante se marie parfaitement avec des d\u00e9tails blancs d\u00e9licats \u00e9voquant les vagues de la M\u00e9diterran\u00e9e, cr\u00e9ant une pi\u00e8ce visuellement captivante.<\/p>\n<p>Au centre, un dauphin stylis\u00e9 de couleur orange se d\u00e9tache \u00e0 c\u00f4t\u00e9 de l&rsquo;inscription \u00ab\u00a0Mallorca\u00a0\u00bb, symbolisant la joie et la connexion avec l&rsquo;environnement marin de l&rsquo;\u00eele. Ce design est non seulement attrayant, mais il refl\u00e8te \u00e9galement l&rsquo;esprit de Majorque, une destination c\u00e9l\u00e8bre pour sa beaut\u00e9 naturelle et sa riche vie marine. Avec son style polyvalent, ce bol sert aussi bien \u00e0 un usage d\u00e9coratif que fonctionnel, permettant aux souvenirs de l&rsquo;\u00eele de s&rsquo;int\u00e9grer parfaitement dans n&rsquo;importe quel foyer.<\/p>\n<p>Chez Ol\u00e9 Mosaic, nous sommes fiers de proposer des souvenirs distinctifs de Majorque, id\u00e9aux pour les boutiques de cadeaux touristiques \u00e0 la recherche de produits authentiques avec une connexion culturelle. Ce bol en noix de coco fuchsia est une magnifique option pour ceux qui souhaitent emporter un morceau de l&rsquo;\u00eele, devenant une excellente r\u00e9f\u00e9rence du patrimoine majorquin et un cadeau appr\u00e9ci\u00e9 par les touristes du monde entier.<\/p>\n","protected":false},"excerpt":{"rendered":"<p>Bol en noix de coco fuchsia d\u00e9cor\u00e9 d&rsquo;un \u00e9l\u00e9gant design de dauphin, \u00e9voquant l&rsquo;essence marine de Majorque. Ce produit, fabriqu\u00e9 avec des mat\u00e9riaux naturels, pr\u00e9sente une finition en forme de coquillage, rehaussant sa teinte fuchsia avec des d\u00e9tails blancs rappelant les vagues de la mer. Au centre, un dauphin stylis\u00e9 orange s&rsquo;illumine avec l&rsquo;inscription \u00ab\u00a0Mallorca\u00a0\u00bb, cr\u00e9ant une pi\u00e8ce parfaite pour la d\u00e9coration ou un usage quotidien.<\/p>\n","protected":false},"featured_media":11892,"template":"","meta":{"_acf_changed":false},"product_brand":[],"product_cat":[521],"product_tag":[530],"class_list":{"0":"post-28921","1":"product","2":"type-product","3":"status-publish","4":"has-post-thumbnail","6":"product_cat-bols","7":"product_tag-animaux","8":"pa_ciudad-mallorca","9":"pa_motivo-dauphins","10":"pa_pais-espana","12":"first","13":"instock","14":"shipping-taxable","15":"product-type-simple"},"acf":[],"_links":{"self":[{"href":"https:\/\/olemosaic.com\/fr\/wp-json\/wp\/v2\/product\/28921","targetHints":{"allow":["GET"]}}],"collection":[{"href":"https:\/\/olemosaic.com\/fr\/wp-json\/wp\/v2\/product"}],"about":[{"href":"https:\/\/olemosaic.com\/fr\/wp-json\/wp\/v2\/types\/product"}],"wp:featuredmedia":[{"embeddable":true,"href":"https:\/\/olemosaic.com\/fr\/wp-json\/wp\/v2\/media\/11892"}],"wp:attachment":[{"href":"https:\/\/olemosaic.com\/fr\/wp-json\/wp\/v2\/media?parent=28921"}],"wp:term":[{"taxonomy":"product_brand","embeddable":true,"href":"https:\/\/olemosaic.com\/fr\/wp-json\/wp\/v2\/product_brand?post=28921"},{"taxonomy":"product_cat","embeddable":true,"href":"https:\/\/olemosaic.com\/fr\/wp-json\/wp\/v2\/product_cat?post=28921"},{"taxonomy":"product_tag","embeddable":true,"href":"https:\/\/olemosaic.com\/fr\/wp-json\/wp\/v2\/product_tag?post=28921"}],"curies":[{"name":"wp","href":"https:\/\/api.w.org\/{rel}","templated":true}]}}