{"id":28893,"date":"2025-02-20T23:30:30","date_gmt":"2025-02-20T22:30:30","guid":{"rendered":"http:\/\/olemosaic.com\/producto\/bol-de-coco-fucsia-delfin-barcelona-2\/"},"modified":"2025-07-25T18:39:12","modified_gmt":"2025-07-25T16:39:12","slug":"bol-noix-de-coco-fuchsia-dauphin-barcelone-2","status":"publish","type":"product","link":"https:\/\/olemosaic.com\/fr\/produit\/bol-noix-de-coco-fuchsia-dauphin-barcelone-2\/","title":{"rendered":"Bol en noix de coco fuchsia. Dauphin. Mosa\u00efque. Barcelone."},"content":{"rendered":"<p>Ce bol en noix de coco fuchsia est un souvenir charmant qui capture l&rsquo;essence vibrante de Barcelone. Fabriqu\u00e9 avec soin et attention aux d\u00e9tails, ce bol attrayant se distingue par sa couleur fuchsia intense et un design de mosa\u00efque cass\u00e9e qui souligne sa singularit\u00e9. Au centre, un dauphin est soigneusement illustr\u00e9, symbole de la joie et de la vitalit\u00e9 de la mer M\u00e9diterran\u00e9e, accompagn\u00e9 du texte \u00ab\u00a0Barcelona\u00a0\u00bb, ce qui en fait une pi\u00e8ce d\u00e9corative parfaite pour n&rsquo;importe quel foyer.<\/p>\n<p>Le mat\u00e9riau en noix de coco lui conf\u00e8re non seulement une touche naturelle et organique, mais en fait \u00e9galement un accessoire polyvalent, id\u00e9al pour servir des ap\u00e9ritifs ou comme \u00e9l\u00e9ment d\u00e9coratif dans n&rsquo;importe quel espace. Sa finition polie et voyante, combin\u00e9e \u00e0 son design tr\u00e8s sp\u00e9cial, le fait ressortir dans n&rsquo;importe quel environnement, constituant un excellent sujet de conversation entre famille et amis.<\/p>\n<p>Ce bol repr\u00e9sente non seulement un souvenir de Barcelone, mais aussi un fragment de la riche culture m\u00e9diterran\u00e9enne qui se refl\u00e8te dans son design. Chez Ol\u00e9 Mosaic, nous nous sp\u00e9cialisons dans la distribution de souvenirs en gros, et ce bol en noix de coco fuchsia est un choix id\u00e9al pour les boutiques de cadeaux touristiques qui cherchent \u00e0 offrir des produits authentiques et de qualit\u00e9. En tant que grossistes de souvenirs, nous garantissons l&rsquo;authenticit\u00e9 et le charme de chaque pi\u00e8ce, faisant de ce bol une option parfaite pour ceux qui cherchent \u00e0 ramener chez eux un morceau de Barcelone.<\/p>\n","protected":false},"excerpt":{"rendered":"<p>Bol en noix de coco fuchsia d\u00e9cor\u00e9 d&rsquo;un dauphin charmant, \u00e9voquant l&rsquo;essence de Barcelone. Ce bol attrayant pr\u00e9sente une couleur fuchsia vibrante avec un design de mosa\u00efque cass\u00e9e qui rehausse sa singularit\u00e9. Au centre, l&rsquo;illustration d&rsquo;un dauphin se d\u00e9tache \u00e0 c\u00f4t\u00e9 du texte \u00ab\u00a0Barcelona\u00a0\u00bb, cr\u00e9ant un \u00e9l\u00e9ment d\u00e9coratif parfait pour n&rsquo;importe quel foyer. Son mat\u00e9riau en noix de coco ajoute une touche naturelle, id\u00e9ale pour d\u00e9guster des ap\u00e9ritifs ou comme pi\u00e8ce ornementale.<\/p>\n","protected":false},"featured_media":11762,"template":"","meta":{"_acf_changed":false},"product_brand":[],"product_cat":[521],"product_tag":[530],"class_list":{"0":"post-28893","1":"product","2":"type-product","3":"status-publish","4":"has-post-thumbnail","6":"product_cat-bols","7":"product_tag-animaux","8":"pa_ciudad-barcelona","9":"pa_motivo-dauphins","10":"pa_pais-espana","12":"first","13":"instock","14":"shipping-taxable","15":"product-type-simple"},"acf":[],"_links":{"self":[{"href":"https:\/\/olemosaic.com\/fr\/wp-json\/wp\/v2\/product\/28893","targetHints":{"allow":["GET"]}}],"collection":[{"href":"https:\/\/olemosaic.com\/fr\/wp-json\/wp\/v2\/product"}],"about":[{"href":"https:\/\/olemosaic.com\/fr\/wp-json\/wp\/v2\/types\/product"}],"wp:featuredmedia":[{"embeddable":true,"href":"https:\/\/olemosaic.com\/fr\/wp-json\/wp\/v2\/media\/11762"}],"wp:attachment":[{"href":"https:\/\/olemosaic.com\/fr\/wp-json\/wp\/v2\/media?parent=28893"}],"wp:term":[{"taxonomy":"product_brand","embeddable":true,"href":"https:\/\/olemosaic.com\/fr\/wp-json\/wp\/v2\/product_brand?post=28893"},{"taxonomy":"product_cat","embeddable":true,"href":"https:\/\/olemosaic.com\/fr\/wp-json\/wp\/v2\/product_cat?post=28893"},{"taxonomy":"product_tag","embeddable":true,"href":"https:\/\/olemosaic.com\/fr\/wp-json\/wp\/v2\/product_tag?post=28893"}],"curies":[{"name":"wp","href":"https:\/\/api.w.org\/{rel}","templated":true}]}}