{"id":28891,"date":"2025-02-20T23:30:30","date_gmt":"2025-02-20T22:30:30","guid":{"rendered":"http:\/\/olemosaic.com\/producto\/bol-de-coco-fucsia-salamandra-barcelona\/"},"modified":"2025-07-25T18:42:15","modified_gmt":"2025-07-25T16:42:15","slug":"bol-noix-de-coco-fuchsia-salamandre-barcelone","status":"publish","type":"product","link":"https:\/\/olemosaic.com\/fr\/produit\/bol-noix-de-coco-fuchsia-salamandre-barcelone\/","title":{"rendered":"Bol en noix de coco fuchsia. Salamandre. Barcelone."},"content":{"rendered":"<p>Ce bol en noix de coco fuchsia est un charmant souvenir de Barcelone qui capture l&rsquo;essence vibrante de la ville. Fabriqu\u00e9 artisanalement, il pr\u00e9sente une finition brillante dans un ton fuchsia attrayant, ce qui en fait un \u00e9l\u00e9ment d\u00e9coratif id\u00e9al pour n&rsquo;importe quel foyer. Son design tr\u00e8s sp\u00e9cial comprend une illustration sympathique d&rsquo;une salamandre, symbole de la faune locale, qui ressort au centre, entour\u00e9e d&rsquo;un d\u00e9licat ornement de c\u0153urs qui ajoute une touche de chaleur et de joie.<\/p>\n<p>Le mot \u00ab\u00a0Barcelona\u00a0\u00bb est grav\u00e9 de mani\u00e8re pro\u00e9minente, garantissant que ce bol soit un rappel constant de la riche culture et de l&rsquo;\u00e9nergie de la capitale catalane. Cet objet n&rsquo;est pas seulement fonctionnel, il devient aussi un v\u00e9ritable lien avec la r\u00e9gion, \u00e9voquant instantan\u00e9ment des souvenirs des couleurs et de la vitalit\u00e9 de la ville.<\/p>\n<p>Le bol en noix de coco fuchsia est un choix parfait pour les touristes \u00e0 la recherche de souvenirs authentiques refl\u00e9tant l&rsquo;esprit de Barcelone. Chez Ol\u00e9 Mosaic, nous nous sp\u00e9cialisons dans la distribution de souvenirs en gros, offrant des produits qui c\u00e9l\u00e8brent la singularit\u00e9 culturelle. Chaque bol est une pi\u00e8ce unique, id\u00e9ale pour les boutiques de cadeaux touristiques souhaitant proposer \u00e0 leurs clients un souvenir repr\u00e9sentatif et artisanal de Barcelone.<\/p>\n","protected":false},"excerpt":{"rendered":"<p>Bol en noix de coco fuchsia d\u00e9cor\u00e9 d&rsquo;un design tr\u00e8s sp\u00e9cial de salamandre, repr\u00e9sentant l&rsquo;esprit vibrant de Barcelone. Fabriqu\u00e9 en coco, ce bol pr\u00e9sente une finition brillante dans un ton fuchsia, avec de charmants d\u00e9tails de c\u0153urs autour et le mot \u00ab\u00a0Barcelona\u00a0\u00bb mis en avant au centre. Sa fabrication artisanale souligne la singularit\u00e9 de chaque pi\u00e8ce, en faisant un souvenir attrayant qui \u00e9voque la culture et la chaleur de cette ville embl\u00e9matique.<\/p>\n","protected":false},"featured_media":10238,"template":"","meta":{"_acf_changed":false},"product_brand":[],"product_cat":[521],"product_tag":[530],"class_list":{"0":"post-28891","1":"product","2":"type-product","3":"status-publish","4":"has-post-thumbnail","6":"product_cat-bols","7":"product_tag-animaux","8":"pa_ciudad-barcelona","9":"pa_motivo-salamandres","10":"pa_pais-espana","12":"first","13":"instock","14":"shipping-taxable","15":"product-type-simple"},"acf":[],"_links":{"self":[{"href":"https:\/\/olemosaic.com\/fr\/wp-json\/wp\/v2\/product\/28891","targetHints":{"allow":["GET"]}}],"collection":[{"href":"https:\/\/olemosaic.com\/fr\/wp-json\/wp\/v2\/product"}],"about":[{"href":"https:\/\/olemosaic.com\/fr\/wp-json\/wp\/v2\/types\/product"}],"wp:featuredmedia":[{"embeddable":true,"href":"https:\/\/olemosaic.com\/fr\/wp-json\/wp\/v2\/media\/10238"}],"wp:attachment":[{"href":"https:\/\/olemosaic.com\/fr\/wp-json\/wp\/v2\/media?parent=28891"}],"wp:term":[{"taxonomy":"product_brand","embeddable":true,"href":"https:\/\/olemosaic.com\/fr\/wp-json\/wp\/v2\/product_brand?post=28891"},{"taxonomy":"product_cat","embeddable":true,"href":"https:\/\/olemosaic.com\/fr\/wp-json\/wp\/v2\/product_cat?post=28891"},{"taxonomy":"product_tag","embeddable":true,"href":"https:\/\/olemosaic.com\/fr\/wp-json\/wp\/v2\/product_tag?post=28891"}],"curies":[{"name":"wp","href":"https:\/\/api.w.org\/{rel}","templated":true}]}}