{"id":28890,"date":"2025-02-20T23:30:30","date_gmt":"2025-02-20T22:30:30","guid":{"rendered":"http:\/\/olemosaic.com\/producto\/bol-de-coco-fucsia-isla-tenerife-3\/"},"modified":"2025-07-25T20:12:18","modified_gmt":"2025-07-25T18:12:18","slug":"bol-noix-de-coco-fuchsia-ile-tenerife-3","status":"publish","type":"product","link":"https:\/\/olemosaic.com\/fr\/produit\/bol-noix-de-coco-fuchsia-ile-tenerife-3\/","title":{"rendered":"Bol en noix de coco fuchsia. \u00cele. Tenerife. Canaries."},"content":{"rendered":"<p>Ce bol en noix de coco fuchsia est un exemple clair de la culture vibrante de Tenerife, capturant l&rsquo;essence des \u00eeles Canaries. Son design artisanal se distingue par une palette de tons fuchsia qui s&rsquo;entrem\u00ealent harmonieusement, cr\u00e9ant un effet visuel captivant qui attire tous les regards. \u00c9labor\u00e9 avec une forme organique, ce bol n&rsquo;est pas seulement un objet fonctionnel, mais une v\u00e9ritable \u0153uvre d&rsquo;art qui orne n&rsquo;importe quel espace, d&rsquo;une table \u00e0 manger \u00e0 un coin d\u00e9coratif.<\/p>\n<p>\u00c0 l&rsquo;int\u00e9rieur, il pr\u00e9sente une \u00e9l\u00e9gante repr\u00e9sentation stylis\u00e9e de l&rsquo;\u00eele de Tenerife, grav\u00e9e avec d\u00e9licatesse, qui ajoute une touche d&rsquo;authenticit\u00e9 et de connexion culturelle. Ce d\u00e9tail souligne non seulement la richesse g\u00e9ographique de la r\u00e9gion, mais transforme \u00e9galement le bol en un souvenir pr\u00e9cieux qui \u00e9voque les magnifiques paysages de Tenerife.<\/p>\n<p>\u00c9tant fabriqu\u00e9 de mani\u00e8re artisanale, chaque bol est unique, ce qui garantit sa pertinence en tant que souvenir typique et authentique de cette belle \u00eele. Id\u00e9al pour les touristes \u00e0 la recherche d&rsquo;un souvenir distinctif et porteur de sens culturel, ce bol en noix de coco fuchsia est une excellente option alliant esth\u00e9tique et fonctionnalit\u00e9. Chez Ol\u00e9 Mosaic, en tant que grossiste de souvenirs, nous proposons des produits comme celui-ci qui refl\u00e8tent le riche h\u00e9ritage culturel de l&rsquo;Espagne, parfaits pour les boutiques de cadeaux touristiques qui souhaitent offrir le meilleur de nos traditions.<\/p>\n","protected":false},"excerpt":{"rendered":"<p>Bol en noix de coco fuchsia, inspir\u00e9 par la culture vibrante de Tenerife. Ce bol artisanal \u00e9l\u00e9gant pr\u00e9sente un design en mosa\u00efque combinant des tons fuchsia avec une finition brillante, mettant en valeur sa forme organique. \u00c0 l&rsquo;int\u00e9rieur, une repr\u00e9sentation stylis\u00e9e de l&rsquo;\u00eele de Tenerife appara\u00eet grav\u00e9e, s&rsquo;int\u00e9grant au coloris. Id\u00e9al pour sublimer n&rsquo;importe quel espace, sa finition unique en fait un souvenir attrayant des \u00eeles Canaries.<\/p>\n","protected":false},"featured_media":11920,"template":"","meta":{"_acf_changed":false},"product_brand":[],"product_cat":[521],"product_tag":[],"class_list":{"0":"post-28890","1":"product","2":"type-product","3":"status-publish","4":"has-post-thumbnail","6":"product_cat-bols","7":"pa_ciudad-tenerife","8":"pa_motivo-iles","9":"pa_pais-espana","11":"first","12":"instock","13":"shipping-taxable","14":"product-type-simple"},"acf":[],"_links":{"self":[{"href":"https:\/\/olemosaic.com\/fr\/wp-json\/wp\/v2\/product\/28890","targetHints":{"allow":["GET"]}}],"collection":[{"href":"https:\/\/olemosaic.com\/fr\/wp-json\/wp\/v2\/product"}],"about":[{"href":"https:\/\/olemosaic.com\/fr\/wp-json\/wp\/v2\/types\/product"}],"wp:featuredmedia":[{"embeddable":true,"href":"https:\/\/olemosaic.com\/fr\/wp-json\/wp\/v2\/media\/11920"}],"wp:attachment":[{"href":"https:\/\/olemosaic.com\/fr\/wp-json\/wp\/v2\/media?parent=28890"}],"wp:term":[{"taxonomy":"product_brand","embeddable":true,"href":"https:\/\/olemosaic.com\/fr\/wp-json\/wp\/v2\/product_brand?post=28890"},{"taxonomy":"product_cat","embeddable":true,"href":"https:\/\/olemosaic.com\/fr\/wp-json\/wp\/v2\/product_cat?post=28890"},{"taxonomy":"product_tag","embeddable":true,"href":"https:\/\/olemosaic.com\/fr\/wp-json\/wp\/v2\/product_tag?post=28890"}],"curies":[{"name":"wp","href":"https:\/\/api.w.org\/{rel}","templated":true}]}}