{"id":28889,"date":"2025-02-20T22:30:30","date_gmt":"2025-02-20T22:30:30","guid":{"rendered":"http:\/\/olemosaic.com\/producto\/bol-de-coco-fucsia-delfin-gran-canaria\/"},"modified":"2025-07-25T18:53:56","modified_gmt":"2025-07-25T16:53:56","slug":"bol-noix-de-coco-fuchsia-dauphin-gran-canaria","status":"publish","type":"product","link":"https:\/\/olemosaic.com\/fr\/produit\/bol-noix-de-coco-fuchsia-dauphin-gran-canaria\/","title":{"rendered":"Bol en noix de coco fuchsia. Dauphin. Gran Canaria."},"content":{"rendered":"<p>Ce bol fuchsia en noix de coco est un v\u00e9ritable tr\u00e9sor qui capture l&rsquo;essence vibrante de Gran Canaria. Fabriqu\u00e9 \u00e0 partir de bois de coco, son design se distingue par une finition brillante d&rsquo;un fuchsia \u00e9blouissant qui attire tous les regards. Au centre du bol, deux \u00e9l\u00e9gants dauphins s&rsquo;entrelacent dans un geste d&rsquo;amiti\u00e9 et de joie, ce qui fait de cette pi\u00e8ce plus qu&rsquo;un simple objet d\u00e9coratif : c&rsquo;est un symbole de connexion et d&rsquo;harmonie. L&rsquo;inscription \u00ab\u00a0Gran Canaria\u00a0\u00bb grav\u00e9e avec pr\u00e9cision ajoute une touche distinctive, transformant ce bol en un souvenir irrempla\u00e7able de l&rsquo;archipel canarien.<\/p>\n<p>Les c\u0153urs romantiques qui d\u00e9corent l&rsquo;int\u00e9rieur du bol apportent un air de chaleur et d&rsquo;amour, le rendant id\u00e9al pour n&rsquo;importe quel foyer, o\u00f9 il peut \u00eatre utilis\u00e9 comme centre de table ou pour ranger de petits objets. Ce bol fuchsia est bien plus qu&rsquo;un simple souvenir ; c&rsquo;est un t\u00e9moignage de la riche culture et de la tradition de Gran Canaria, parfait pour les touristes qui souhaitent emporter un morceau authentique de l&rsquo;ambiance insulaire. Chez Ol\u00e9 Mosaic, nous sommes fiers d&rsquo;\u00eatre des distributeurs de souvenirs uniques et repr\u00e9sentatifs, et ce bol en noix de coco fuchsia est une option exceptionnelle pour les boutiques de cadeaux touristiques qui souhaitent proposer des produits de grande qualit\u00e9 et de pertinence culturelle.<\/p>\n","protected":false},"excerpt":{"rendered":"<p>Bol en noix de coco fuchsia orn\u00e9 d&rsquo;\u00e9l\u00e9gants dauphins dans un design vibrant qui \u00e9voque l&rsquo;essence de Gran Canaria. Cet article attrayant, fabriqu\u00e9 en bois de coco, pr\u00e9sente une finition brillante d&rsquo;une couleur fuchsia \u00e9clatante, parsem\u00e9e de d\u00e9licats c\u0153urs. Au centre, les dauphins s&rsquo;entrelacent, symbolisant l&rsquo;amiti\u00e9 et la joie, et l&rsquo;inscription \u00ab\u00a0Gran Canaria\u00a0\u00bb ajoute une touche distinctive. Id\u00e9al comme souvenir ou \u00e9l\u00e9ment d\u00e9coratif pour n&rsquo;importe quel foyer.<\/p>\n","protected":false},"featured_media":10262,"template":"","meta":{"_acf_changed":false},"product_brand":[],"product_cat":[521],"product_tag":[530],"class_list":{"0":"post-28889","1":"product","2":"type-product","3":"status-publish","4":"has-post-thumbnail","6":"product_cat-bols","7":"product_tag-animaux","8":"pa_ciudad-gran-canaria","9":"pa_motivo-dauphins","10":"pa_pais-espana","12":"first","13":"instock","14":"shipping-taxable","15":"product-type-simple"},"acf":[],"_links":{"self":[{"href":"https:\/\/olemosaic.com\/fr\/wp-json\/wp\/v2\/product\/28889","targetHints":{"allow":["GET"]}}],"collection":[{"href":"https:\/\/olemosaic.com\/fr\/wp-json\/wp\/v2\/product"}],"about":[{"href":"https:\/\/olemosaic.com\/fr\/wp-json\/wp\/v2\/types\/product"}],"wp:featuredmedia":[{"embeddable":true,"href":"https:\/\/olemosaic.com\/fr\/wp-json\/wp\/v2\/media\/10262"}],"wp:attachment":[{"href":"https:\/\/olemosaic.com\/fr\/wp-json\/wp\/v2\/media?parent=28889"}],"wp:term":[{"taxonomy":"product_brand","embeddable":true,"href":"https:\/\/olemosaic.com\/fr\/wp-json\/wp\/v2\/product_brand?post=28889"},{"taxonomy":"product_cat","embeddable":true,"href":"https:\/\/olemosaic.com\/fr\/wp-json\/wp\/v2\/product_cat?post=28889"},{"taxonomy":"product_tag","embeddable":true,"href":"https:\/\/olemosaic.com\/fr\/wp-json\/wp\/v2\/product_tag?post=28889"}],"curies":[{"name":"wp","href":"https:\/\/api.w.org\/{rel}","templated":true}]}}