{"id":28878,"date":"2025-02-20T23:30:30","date_gmt":"2025-02-20T22:30:30","guid":{"rendered":"http:\/\/olemosaic.com\/producto\/bol-de-coco-fucsia-isla-mallorca-2\/"},"modified":"2025-07-25T20:30:41","modified_gmt":"2025-07-25T18:30:41","slug":"bol-noix-de-coco-fuchsia-ile-majorque-2","status":"publish","type":"product","link":"https:\/\/olemosaic.com\/fr\/produit\/bol-noix-de-coco-fuchsia-ile-majorque-2\/","title":{"rendered":"Bol en noix de coco fuchsia. \u00cele. Majorque. Bal\u00e9ares."},"content":{"rendered":"<p>Ce bol en noix de coco fuchsia est un v\u00e9ritable tr\u00e9sor artisanal qui capture l&rsquo;essence vibrante de l&rsquo;\u00eele de Majorque. Avec une finition brillante dans un ton fuchsia attrayant, ce bol n&rsquo;est pas seulement fonctionnel, il agit \u00e9galement comme une pi\u00e8ce d\u00e9corative qui \u00e9gayera n&rsquo;importe quel coin de la maison. Le design se distingue par son bord orn\u00e9 de c\u0153urs d\u00e9licats, qui symbolisent l&rsquo;amour et la chaleur de la culture majorquine. Au centre, une carte de Majorque peinte \u00e0 la main offre une touche unique qui souligne le caract\u00e8re insulaire du produit.<\/p>\n<p>Fabriqu\u00e9 \u00e0 partir de noix de coco, chaque bol pr\u00e9sente des variations et des d\u00e9tails distinctifs obtenus gr\u00e2ce \u00e0 une technique artisanale de peinture, ce qui garantit que chaque pi\u00e8ce est unique. Ce souvenir n&rsquo;est pas seulement un article d\u00e9coratif, mais une repr\u00e9sentation tangible des traditions vibrantes de Majorque, ce qui en fait un cadeau parfait pour ceux qui souhaitent ramener un petit morceau de l&rsquo;\u00eele chez eux. Chez Ol\u00e9 Mosaic, nous nous sp\u00e9cialisons dans la distribution de souvenirs typiques, et ce bol en noix de coco fuchsia est une option id\u00e9ale pour les boutiques de cadeaux touristiques \u00e0 la recherche de produits authentiques et frappants, r\u00e9affirmant sa pertinence culturelle et son attrait en tant que souvenir de Majorque.<\/p>\n","protected":false},"excerpt":{"rendered":"<p>Bol en noix de coco fuchsia, d\u00e9cor\u00e9 d&rsquo;un design vibrant repr\u00e9sentant l&rsquo;\u00eele de Majorque. Ce bol attrayant, avec une finition fuchsia brillante, pr\u00e9sente des c\u0153urs autour du bord et une carte de Majorque peinte au centre. Fabriqu\u00e9 en noix de coco, ce souvenir artisanal se distingue par sa technique de design artisanal peint \u00e0 la main, ce qui donne une touche unique \u00e0 chaque pi\u00e8ce. Id\u00e9al pour apporter une touche de couleur \u00e0 n&rsquo;importe quel foyer.<\/p>\n","protected":false},"featured_media":10198,"template":"","meta":{"_acf_changed":false},"product_brand":[],"product_cat":[521],"product_tag":[],"class_list":{"0":"post-28878","1":"product","2":"type-product","3":"status-publish","4":"has-post-thumbnail","6":"product_cat-bols","7":"pa_ciudad-mallorca","8":"pa_motivo-iles","9":"pa_pais-espana","11":"first","12":"instock","13":"shipping-taxable","14":"product-type-simple"},"acf":[],"_links":{"self":[{"href":"https:\/\/olemosaic.com\/fr\/wp-json\/wp\/v2\/product\/28878","targetHints":{"allow":["GET"]}}],"collection":[{"href":"https:\/\/olemosaic.com\/fr\/wp-json\/wp\/v2\/product"}],"about":[{"href":"https:\/\/olemosaic.com\/fr\/wp-json\/wp\/v2\/types\/product"}],"wp:featuredmedia":[{"embeddable":true,"href":"https:\/\/olemosaic.com\/fr\/wp-json\/wp\/v2\/media\/10198"}],"wp:attachment":[{"href":"https:\/\/olemosaic.com\/fr\/wp-json\/wp\/v2\/media?parent=28878"}],"wp:term":[{"taxonomy":"product_brand","embeddable":true,"href":"https:\/\/olemosaic.com\/fr\/wp-json\/wp\/v2\/product_brand?post=28878"},{"taxonomy":"product_cat","embeddable":true,"href":"https:\/\/olemosaic.com\/fr\/wp-json\/wp\/v2\/product_cat?post=28878"},{"taxonomy":"product_tag","embeddable":true,"href":"https:\/\/olemosaic.com\/fr\/wp-json\/wp\/v2\/product_tag?post=28878"}],"curies":[{"name":"wp","href":"https:\/\/api.w.org\/{rel}","templated":true}]}}