{"id":28876,"date":"2025-02-20T23:30:29","date_gmt":"2025-02-20T22:30:29","guid":{"rendered":"http:\/\/olemosaic.com\/producto\/bol-de-coco-fucsia-tortuga-barcelona\/"},"modified":"2025-07-25T20:16:42","modified_gmt":"2025-07-25T18:16:42","slug":"bol-noix-de-coco-fuchsia-tortue-barcelone","status":"publish","type":"product","link":"https:\/\/olemosaic.com\/fr\/produit\/bol-noix-de-coco-fuchsia-tortue-barcelone\/","title":{"rendered":"Bol en noix de coco fuchsia. Tortue. Barcelone."},"content":{"rendered":"<p>Ce bol en noix de coco fuchsia est un reflet authentique de la vitalit\u00e9 et de l&rsquo;esprit festif de Barcelone. Avec un design peint \u00e0 la main, il pr\u00e9sente en son centre une gracieuse tortue, entour\u00e9e d&rsquo;un charmant motif de c\u0153urs qui ajoute une touche de joie \u00e0 la pi\u00e8ce. Sa couleur fuchsia souligne son attrait et en fait une option id\u00e9ale aussi bien comme \u00e9l\u00e9ment d\u00e9coratif que fonctionnel, parfait pour ranger de petits objets ou simplement comme une \u0153uvre d&rsquo;art dans n&rsquo;importe quelle pi\u00e8ce.<\/p>\n<p>L&rsquo;artisanat derri\u00e8re ce souvenir montre l&rsquo;engagement \u00e0 capturer l&rsquo;essence de la culture catalane, fusionnant des techniques traditionnelles avec un style contemporain. Chaque bol est unique, ce qui garantit que celui qui l&rsquo;acquiert emporte avec lui un souvenir authentique de sa visite dans cette ville vibrante. De plus, la tortue, symbole de long\u00e9vit\u00e9 et de sagesse, offre une connexion culturelle qui r\u00e9sonne avec ceux qui recherchent une repr\u00e9sentation authentique de Barcelone.<\/p>\n<p>Ol\u00e9 Mosaic se sp\u00e9cialise dans la distribution de souvenirs en gros, et ce bol en noix de coco fuchsia se pr\u00e9sente comme une excellente option pour les boutiques de cadeaux touristiques. Offrez \u00e0 vos clients ce produit exclusif, v\u00e9ritable embl\u00e8me de la cr\u00e9ativit\u00e9 et de la culture de Barcelone, qui ravira sans aucun doute ceux qui recherchent des souvenirs significatifs et color\u00e9s.<\/p>\n","protected":false},"excerpt":{"rendered":"<p>Bol en noix de coco fuchsia au design color\u00e9 et vibrant, id\u00e9al comme souvenir de Barcelone. Cet article pr\u00e9sente une tortue au centre, entour\u00e9e d&rsquo;un motif de c\u0153urs, le tout issu d&rsquo;un design artisanal peint \u00e0 la main. La tonalit\u00e9 fuchsia intense \u00e9voque l&rsquo;ambiance joyeuse et festive de la ville, en faisant une pi\u00e8ce d\u00e9corative et fonctionnelle. Parfait pour ranger de petits objets ou comme \u00e9l\u00e9ment d\u00e9coratif dans n&rsquo;importe quelle pi\u00e8ce.<\/p>\n","protected":false},"featured_media":10278,"template":"","meta":{"_acf_changed":false},"product_brand":[],"product_cat":[521],"product_tag":[530],"class_list":{"0":"post-28876","1":"product","2":"type-product","3":"status-publish","4":"has-post-thumbnail","6":"product_cat-bols","7":"product_tag-animaux","8":"pa_ciudad-barcelona","9":"pa_motivo-tortues","10":"pa_pais-espana","12":"first","13":"instock","14":"shipping-taxable","15":"product-type-simple"},"acf":[],"_links":{"self":[{"href":"https:\/\/olemosaic.com\/fr\/wp-json\/wp\/v2\/product\/28876","targetHints":{"allow":["GET"]}}],"collection":[{"href":"https:\/\/olemosaic.com\/fr\/wp-json\/wp\/v2\/product"}],"about":[{"href":"https:\/\/olemosaic.com\/fr\/wp-json\/wp\/v2\/types\/product"}],"wp:featuredmedia":[{"embeddable":true,"href":"https:\/\/olemosaic.com\/fr\/wp-json\/wp\/v2\/media\/10278"}],"wp:attachment":[{"href":"https:\/\/olemosaic.com\/fr\/wp-json\/wp\/v2\/media?parent=28876"}],"wp:term":[{"taxonomy":"product_brand","embeddable":true,"href":"https:\/\/olemosaic.com\/fr\/wp-json\/wp\/v2\/product_brand?post=28876"},{"taxonomy":"product_cat","embeddable":true,"href":"https:\/\/olemosaic.com\/fr\/wp-json\/wp\/v2\/product_cat?post=28876"},{"taxonomy":"product_tag","embeddable":true,"href":"https:\/\/olemosaic.com\/fr\/wp-json\/wp\/v2\/product_tag?post=28876"}],"curies":[{"name":"wp","href":"https:\/\/api.w.org\/{rel}","templated":true}]}}