{"id":28873,"date":"2025-02-20T23:30:29","date_gmt":"2025-02-20T22:30:29","guid":{"rendered":"http:\/\/olemosaic.com\/producto\/bol-de-coco-fucsia-sagrada-familia-barcelona\/"},"modified":"2025-07-25T19:54:07","modified_gmt":"2025-07-25T17:54:07","slug":"bol-noix-de-coco-fuchsia-sagrada-familia-barcelone","status":"publish","type":"product","link":"https:\/\/olemosaic.com\/fr\/produit\/bol-noix-de-coco-fuchsia-sagrada-familia-barcelone\/","title":{"rendered":"Bol en noix de coco fuchsia. Sagrada Familia. Barcelone."},"content":{"rendered":"<p>Ce bol fuchsia en noix de coco est un souvenir attrayant qui capture l&rsquo;essence de Barcelone, mettant en avant l&#8217;embl\u00e9matique Sagrada Familia dans son design vibrant. \u00c9labor\u00e9 artisanalement, il pr\u00e9sente une finition dans des tons fuchsia brillants qui \u00e9voquent la vivacit\u00e9 de la ville. La d\u00e9coration, r\u00e9alis\u00e9e avec un motif c\u00e9ramique, rend hommage \u00e0 l&rsquo;architecture moderniste du c\u00e9l\u00e8bre architecte Antoni Gaud\u00ed, qui a transform\u00e9 l&rsquo;horizon de Barcelone avec ses b\u00e2timents embl\u00e9matiques.<\/p>\n<p>L&rsquo;int\u00e9rieur du bol, avec une finition m\u00e9tallique, apporte non seulement une touche d&rsquo;\u00e9l\u00e9gance, mais refl\u00e8te \u00e9galement la lumi\u00e8re de mani\u00e8re captivante, en faisant une pi\u00e8ce d\u00e9corative id\u00e9ale. L&rsquo;inscription \u00ab\u00a0Barcelona\u00a0\u00bb grav\u00e9e avec subtilit\u00e9 ajoute un d\u00e9tail distinctif qui souligne sa connexion culturelle, faisant de ce bol un souvenir authentique et repr\u00e9sentatif de la ville. Ce produit est parfait pour les touristes qui cherchent \u00e0 emporter un morceau du riche h\u00e9ritage culturel de Barcelone, tout en ajoutant de la couleur et de la tradition \u00e0 n&rsquo;importe quelle maison.<\/p>\n<p>Chez Ol\u00e9 Mosaic, nous sommes des distributeurs en gros de souvenirs uniques, et ce bol fuchsia en noix de coco est un excellent choix pour les boutiques de cadeaux touristiques qui souhaitent proposer des produits non seulement esth\u00e9tiquement agr\u00e9ables, mais ayant \u00e9galement une forte signification culturelle.<\/p>\n","protected":false},"excerpt":{"rendered":"<p>Bol en noix de coco fuchsia d\u00e9cor\u00e9 d&rsquo;un design vibrant de la Sagrada Familia de Barcelone. \u00c9labor\u00e9 artisanalement, ce bol pr\u00e9sente une finition fuchsia brillante et un motif c\u00e9ramique qui \u00e9voque l&rsquo;architecture moderniste de Gaud\u00ed. Son int\u00e9rieur m\u00e9tallique refl\u00e8te la lumi\u00e8re, rehaussant son \u00e9l\u00e9gance. L&rsquo;inscription \u00ab\u00a0Barcelona\u00a0\u00bb compl\u00e8te ce souvenir unique, id\u00e9al pour ajouter une touche de couleur et de tradition \u00e0 n&rsquo;importe quelle maison.<\/p>\n","protected":false},"featured_media":11860,"template":"","meta":{"_acf_changed":false},"product_brand":[],"product_cat":[521],"product_tag":[],"class_list":{"0":"post-28873","1":"product","2":"type-product","3":"status-publish","4":"has-post-thumbnail","6":"product_cat-bols","7":"pa_ciudad-barcelona","8":"pa_motivo-sagrada-familia","9":"pa_pais-espana","11":"first","12":"instock","13":"shipping-taxable","14":"product-type-simple"},"acf":[],"_links":{"self":[{"href":"https:\/\/olemosaic.com\/fr\/wp-json\/wp\/v2\/product\/28873","targetHints":{"allow":["GET"]}}],"collection":[{"href":"https:\/\/olemosaic.com\/fr\/wp-json\/wp\/v2\/product"}],"about":[{"href":"https:\/\/olemosaic.com\/fr\/wp-json\/wp\/v2\/types\/product"}],"wp:featuredmedia":[{"embeddable":true,"href":"https:\/\/olemosaic.com\/fr\/wp-json\/wp\/v2\/media\/11860"}],"wp:attachment":[{"href":"https:\/\/olemosaic.com\/fr\/wp-json\/wp\/v2\/media?parent=28873"}],"wp:term":[{"taxonomy":"product_brand","embeddable":true,"href":"https:\/\/olemosaic.com\/fr\/wp-json\/wp\/v2\/product_brand?post=28873"},{"taxonomy":"product_cat","embeddable":true,"href":"https:\/\/olemosaic.com\/fr\/wp-json\/wp\/v2\/product_cat?post=28873"},{"taxonomy":"product_tag","embeddable":true,"href":"https:\/\/olemosaic.com\/fr\/wp-json\/wp\/v2\/product_tag?post=28873"}],"curies":[{"name":"wp","href":"https:\/\/api.w.org\/{rel}","templated":true}]}}