{"id":28871,"date":"2025-02-20T23:30:29","date_gmt":"2025-02-20T22:30:29","guid":{"rendered":"http:\/\/olemosaic.com\/producto\/bol-de-coco-fucsia-delfin-barcelona\/"},"modified":"2025-07-25T19:57:50","modified_gmt":"2025-07-25T17:57:50","slug":"bol-noix-de-coco-fuchsia-dauphin-barcelone","status":"publish","type":"product","link":"https:\/\/olemosaic.com\/fr\/produit\/bol-noix-de-coco-fuchsia-dauphin-barcelone\/","title":{"rendered":"Bol en noix de coco fuchsia. Dauphin. Barcelone."},"content":{"rendered":"<p>Ce bol en noix de coco fuchsia est un accessory vibrant et joyeux qui capture l&rsquo;essence de la M\u00e9diterran\u00e9e et la vitalit\u00e9 de Barcelone. Fabriqu\u00e9 \u00e0 partir de la coque de noix de coco, il pr\u00e9sente une illustration color\u00e9e de dauphins dans un style artistique peint \u00e0 la main, refl\u00e9tant la proximit\u00e9 de la ville avec l&rsquo;oc\u00e9an et l&rsquo;esprit ludique de ses habitants. Les dauphins, symboles de joie et de libert\u00e9, sont entour\u00e9s de d\u00e9licats motifs de c\u0153urs qui apportent une touche de chaleur et d&rsquo;amour, tandis que le texte \u00ab\u00a0Barcelona\u00a0\u00bb se d\u00e9tache avec fiert\u00e9 au centre du bol, en faisant un souvenir repr\u00e9sentatif de cette ville embl\u00e9matique.<\/p>\n<p>La finition fuchsia brillante du bol le rend non seulement visuellement attrayant, mais indique \u00e9galement son authenticit\u00e9 en tant que souvenir typique de Barcelone, id\u00e9al pour ceux qui cherchent \u00e0 ramener chez eux un morceau du charme catalan. Son design fonctionnel en fait une excellente option tant pour d\u00e9corer que pour utiliser dans n&rsquo;importe quelle maison.<\/p>\n<p>Chez Ol\u00e9 Mosaic, nous sommes sp\u00e9cialistes de la distribution de souvenirs en gros, et ce bol en noix de coco est une option id\u00e9ale pour les boutiques de cadeaux touristiques qui souhaitent proposer des produits originaux et repr\u00e9sentatifs de la culture espagnole. En choisissant ce bol de dauphins dans votre s\u00e9lection, vous garantirez \u00e0 vos clients une exp\u00e9rience m\u00e9morable et authentique.<\/p>\n","protected":false},"excerpt":{"rendered":"<p>Bol en noix de coco fuchsia, d\u00e9cor\u00e9 d&rsquo;une joyeuse illustration de dauphins et de motifs de c\u0153urs, \u00e9voquant l&rsquo;esprit vibrant de Barcelone. Ce bol \u00e9l\u00e9gant, \u00e9labor\u00e9 \u00e0 partir de la coque de noix de coco, pr\u00e9sente un design artisanal, peint \u00e0 la main, ce qui lui donne une touche artistique et unique, id\u00e9ale pour toute maison. Le mot \u00ab\u00a0Barcelona\u00a0\u00bb se d\u00e9tache au centre, en faisant un souvenir parfait de cette ville m\u00e9diterran\u00e9enne embl\u00e9matique.<\/p>\n","protected":false},"featured_media":10266,"template":"","meta":{"_acf_changed":false},"product_brand":[],"product_cat":[521],"product_tag":[530],"class_list":{"0":"post-28871","1":"product","2":"type-product","3":"status-publish","4":"has-post-thumbnail","6":"product_cat-bols","7":"product_tag-animaux","8":"pa_ciudad-barcelona","9":"pa_motivo-dauphins","10":"pa_pais-espana","12":"first","13":"instock","14":"shipping-taxable","15":"product-type-simple"},"acf":[],"_links":{"self":[{"href":"https:\/\/olemosaic.com\/fr\/wp-json\/wp\/v2\/product\/28871","targetHints":{"allow":["GET"]}}],"collection":[{"href":"https:\/\/olemosaic.com\/fr\/wp-json\/wp\/v2\/product"}],"about":[{"href":"https:\/\/olemosaic.com\/fr\/wp-json\/wp\/v2\/types\/product"}],"wp:featuredmedia":[{"embeddable":true,"href":"https:\/\/olemosaic.com\/fr\/wp-json\/wp\/v2\/media\/10266"}],"wp:attachment":[{"href":"https:\/\/olemosaic.com\/fr\/wp-json\/wp\/v2\/media?parent=28871"}],"wp:term":[{"taxonomy":"product_brand","embeddable":true,"href":"https:\/\/olemosaic.com\/fr\/wp-json\/wp\/v2\/product_brand?post=28871"},{"taxonomy":"product_cat","embeddable":true,"href":"https:\/\/olemosaic.com\/fr\/wp-json\/wp\/v2\/product_cat?post=28871"},{"taxonomy":"product_tag","embeddable":true,"href":"https:\/\/olemosaic.com\/fr\/wp-json\/wp\/v2\/product_tag?post=28871"}],"curies":[{"name":"wp","href":"https:\/\/api.w.org\/{rel}","templated":true}]}}