{"id":28870,"date":"2025-02-20T23:30:29","date_gmt":"2025-02-20T22:30:29","guid":{"rendered":"http:\/\/olemosaic.com\/producto\/bol-de-coco-fucsia-flecha-camino-de-santiago-2\/"},"modified":"2025-07-25T20:21:41","modified_gmt":"2025-07-25T18:21:41","slug":"bol-noix-de-coco-fuchsia-fleche-chemin-compostelle","status":"publish","type":"product","link":"https:\/\/olemosaic.com\/fr\/produit\/bol-noix-de-coco-fuchsia-fleche-chemin-compostelle\/","title":{"rendered":"Bol en noix de coco fuchsia. Fl\u00e8che. Chemin de Compostelle. Espagne."},"content":{"rendered":"<p>Ce bol en noix de coco fuchsia d\u00e9cor\u00e9 est une pi\u00e8ce unique inspir\u00e9e de l&#8217;embl\u00e9matique Chemin de Compostelle, id\u00e9al pour ceux qui souhaitent emporter un souvenir authentique de cette route historique. Fabriqu\u00e9 avec de la noix de coco de haute qualit\u00e9, son design vibrant dans des tons fuchsia se distingue par ses mosa\u00efques frappantes qui lui donnent une touche contemporaine. \u00c0 l&rsquo;int\u00e9rieur, une fl\u00e8che orange, symbole de guide pour les p\u00e8lerins, accompagne l&rsquo;inscription \u00ab\u00a0CAMINO DE SANTIAGO\u00a0\u00bb, renfor\u00e7ant sa connexion avec cette c\u00e9l\u00e8bre route de foi et d&rsquo;aventure.<\/p>\n<p>Ce bol n&rsquo;est pas seulement un objet d\u00e9coratif, mais aussi une expression de la riche culture et de la tradition qui entoure le Chemin de Compostelle. Sa finition \u00e9l\u00e9gante souligne la singularit\u00e9 de chaque pi\u00e8ce, en faisant un rappel visuel de la chaleur et de la spiritualit\u00e9 du chemin. Parfait pour ajouter une touche de couleur et de tradition \u00e0 n&rsquo;importe quel espace, ce bol est un excellent choix pour les touristes et les amateurs de souvenirs.<\/p>\n<p>Chez Ol\u00e9 Mosaic, en tant que distributeurs de souvenirs en gros, nous proposons des pi\u00e8ces merveilleuses comme ce bol en noix de coco, id\u00e9ales pour les boutiques de cadeaux touristiques qui recherchent des produits authentiques connect\u00e9s \u00e0 la culture espagnole. Un souvenir parfait qui fusionne art et tradition pour ravir tout voyageur ayant parcouru ou souhaitant explorer le Chemin de Compostelle.<\/p>\n","protected":false},"excerpt":{"rendered":"<p>Bol en noix de coco fuchsia d\u00e9cor\u00e9, inspir\u00e9 du c\u00e9l\u00e8bre Chemin de Compostelle. Ce bol attrayant, fabriqu\u00e9 en noix de coco, pr\u00e9sente un design vibrant avec des mosa\u00efques fuchsia et une finition \u00e9l\u00e9gante qui souligne sa singularit\u00e9. \u00c0 l&rsquo;int\u00e9rieur, une fl\u00e8che orange qui guide les p\u00e8lerins se distingue, accompagn\u00e9e de l&rsquo;inscription \u00ab\u00a0CAMINO DE SANTIAGO\u00a0\u00bb. Id\u00e9al pour ajouter une touche de couleur et de tradition \u00e0 n&rsquo;importe quel espace.<\/p>\n","protected":false},"featured_media":11940,"template":"","meta":{"_acf_changed":false},"product_brand":[],"product_cat":[521],"product_tag":[],"class_list":{"0":"post-28870","1":"product","2":"type-product","3":"status-publish","4":"has-post-thumbnail","6":"product_cat-bols","7":"pa_ciudad-santiago-de-compostela","8":"pa_motivo-fleches","9":"pa_pais-espana","11":"first","12":"instock","13":"shipping-taxable","14":"product-type-simple"},"acf":[],"_links":{"self":[{"href":"https:\/\/olemosaic.com\/fr\/wp-json\/wp\/v2\/product\/28870","targetHints":{"allow":["GET"]}}],"collection":[{"href":"https:\/\/olemosaic.com\/fr\/wp-json\/wp\/v2\/product"}],"about":[{"href":"https:\/\/olemosaic.com\/fr\/wp-json\/wp\/v2\/types\/product"}],"wp:featuredmedia":[{"embeddable":true,"href":"https:\/\/olemosaic.com\/fr\/wp-json\/wp\/v2\/media\/11940"}],"wp:attachment":[{"href":"https:\/\/olemosaic.com\/fr\/wp-json\/wp\/v2\/media?parent=28870"}],"wp:term":[{"taxonomy":"product_brand","embeddable":true,"href":"https:\/\/olemosaic.com\/fr\/wp-json\/wp\/v2\/product_brand?post=28870"},{"taxonomy":"product_cat","embeddable":true,"href":"https:\/\/olemosaic.com\/fr\/wp-json\/wp\/v2\/product_cat?post=28870"},{"taxonomy":"product_tag","embeddable":true,"href":"https:\/\/olemosaic.com\/fr\/wp-json\/wp\/v2\/product_tag?post=28870"}],"curies":[{"name":"wp","href":"https:\/\/api.w.org\/{rel}","templated":true}]}}