{"id":28869,"date":"2025-02-20T22:30:28","date_gmt":"2025-02-20T22:30:28","guid":{"rendered":"http:\/\/olemosaic.com\/producto\/bol-de-coco-fucsia-isla-mallorca\/"},"modified":"2025-07-25T18:54:28","modified_gmt":"2025-07-25T16:54:28","slug":"bol-noix-de-coco-fuchsia-ile-majorque","status":"publish","type":"product","link":"https:\/\/olemosaic.com\/fr\/produit\/bol-noix-de-coco-fuchsia-ile-majorque\/","title":{"rendered":"Bol en noix de coco fuchsia. \u00cele. Majorque."},"content":{"rendered":"<p>Ce bol en noix de coco fuchsia d\u00e9cor\u00e9 est un souvenir charmant et vibrant qui capture l&rsquo;essence de la belle \u00eele de Majorque. Avec un int\u00e9rieur frappant dans des tons fuchsia, ce bol pr\u00e9sente un design unique qui inclut la silhouette de l&rsquo;\u00eele, compl\u00e9t\u00e9e par le mot \u00ab\u00a0MALLORCA\u00a0\u00bb en lettres blanches, ce qui en fait un souvenir distinctif pour ceux qui ont visit\u00e9 ce paradis m\u00e9diterran\u00e9en. Les bords du bol sont \u00e9labor\u00e9s avec une finition en noix de coco naturelle, offrant un contraste charmant qui rehausse son attrait esth\u00e9tique. Ce bol est non seulement \u00e9l\u00e9gant, mais aussi polyvalent, id\u00e9al pour servir de petits ap\u00e9ritifs ou comme pi\u00e8ce d\u00e9corative dans n&rsquo;importe quelle maison, apportant une touche moderniste \u00e0 la d\u00e9coration. En plus de son style contemporain, ce souvenir repr\u00e9sente la riche culture et la beaut\u00e9 naturelle de Majorque, ce qui augmente sa valeur en tant que souvenir repr\u00e9sentatif de l&rsquo;\u00eele. Chez Ol\u00e9 Mosaic, nous nous sp\u00e9cialisons dans la distribution de souvenirs en gros, offrant des souvenirs authentiques qui soulignent la richesse culturelle des destinations touristiques. Ce bol en noix de coco fuchsia est une excellente option pour les boutiques de cadeaux \u00e0 la recherche de produits exceptionnels li\u00e9s \u00e0 Majorque, apportant qualit\u00e9 et une touche m\u00e9diterran\u00e9enne \u00e0 leur catalogue.<\/p>\n","protected":false},"excerpt":{"rendered":"<p>Bol en noix de coco fuchsia d\u00e9cor\u00e9, inspir\u00e9 de l&rsquo;\u00eele de Majorque. Ce bol \u00e9l\u00e9gant pr\u00e9sente un int\u00e9rieur fuchsia vibrant, rehauss\u00e9 d&rsquo;un design incluant la silhouette de l&rsquo;\u00eele et le nom \u00ab\u00a0MALLORCA\u00a0\u00bb en lettres blanches. Les bords sont finis en noix de coco naturelle, cr\u00e9ant un contraste charmant. Id\u00e9al tant pour un usage d\u00e9coratif que pour servir des ap\u00e9ritifs, ce bol capture l&rsquo;essence m\u00e9diterran\u00e9enne avec une touche moderne.<\/p>\n","protected":false},"featured_media":11770,"template":"","meta":{"_acf_changed":false},"product_brand":[],"product_cat":[521],"product_tag":[],"class_list":{"0":"post-28869","1":"product","2":"type-product","3":"status-publish","4":"has-post-thumbnail","6":"product_cat-bols","7":"pa_ciudad-mallorca","8":"pa_motivo-iles","9":"pa_pais-espana","11":"first","12":"instock","13":"shipping-taxable","14":"product-type-simple"},"acf":[],"_links":{"self":[{"href":"https:\/\/olemosaic.com\/fr\/wp-json\/wp\/v2\/product\/28869","targetHints":{"allow":["GET"]}}],"collection":[{"href":"https:\/\/olemosaic.com\/fr\/wp-json\/wp\/v2\/product"}],"about":[{"href":"https:\/\/olemosaic.com\/fr\/wp-json\/wp\/v2\/types\/product"}],"wp:featuredmedia":[{"embeddable":true,"href":"https:\/\/olemosaic.com\/fr\/wp-json\/wp\/v2\/media\/11770"}],"wp:attachment":[{"href":"https:\/\/olemosaic.com\/fr\/wp-json\/wp\/v2\/media?parent=28869"}],"wp:term":[{"taxonomy":"product_brand","embeddable":true,"href":"https:\/\/olemosaic.com\/fr\/wp-json\/wp\/v2\/product_brand?post=28869"},{"taxonomy":"product_cat","embeddable":true,"href":"https:\/\/olemosaic.com\/fr\/wp-json\/wp\/v2\/product_cat?post=28869"},{"taxonomy":"product_tag","embeddable":true,"href":"https:\/\/olemosaic.com\/fr\/wp-json\/wp\/v2\/product_tag?post=28869"}],"curies":[{"name":"wp","href":"https:\/\/api.w.org\/{rel}","templated":true}]}}