{"id":28862,"date":"2025-02-20T22:30:28","date_gmt":"2025-02-20T22:30:28","guid":{"rendered":"http:\/\/olemosaic.com\/producto\/bol-de-coco-fucsia-sardina-lisboa-2\/"},"modified":"2025-07-25T18:48:21","modified_gmt":"2025-07-25T16:48:21","slug":"bol-noix-de-coco-fuchsia-sardine-lisbonne-2","status":"publish","type":"product","link":"https:\/\/olemosaic.com\/fr\/produit\/bol-noix-de-coco-fuchsia-sardine-lisbonne-2\/","title":{"rendered":"Bol en noix de coco fuchsia. Sardine. Lisbonne."},"content":{"rendered":"<p>Ce bol en noix de coco fuchsia d\u00e9cor\u00e9 d&rsquo;une sardine est une pi\u00e8ce unique et color\u00e9e, id\u00e9ale pour ceux qui recherchent des souvenirs authentiques de Lisbonne. Avec sa finition fuchsia vibrante, ce bol se distingue par son design contemporain qui int\u00e8gre des \u00e9l\u00e9ments d\u00e9coratifs en forme de c\u0153urs, apportant une touche joyeuse et festive. La sardine centrale, symbole de la riche tradition culinaire portugaise, est \u00e9l\u00e9gamment repr\u00e9sent\u00e9e dans un ton vibrant qui se d\u00e9tache sur le fond, devenant le centre d&rsquo;attention du bol.<\/p>\n<p>Fabriqu\u00e9 artisanalement en noix de coco, ce bol n&rsquo;est pas seulement une pi\u00e8ce d\u00e9corative attrayante, il est aussi parfait pour servir de petits ap\u00e9ritifs, devenant un \u00e9l\u00e9ment fonctionnel qui embellit n&rsquo;importe quelle table. La texture naturelle de la noix de coco combin\u00e9e au design color\u00e9 offre un contraste visuel qui s\u00e9duit les visiteurs et ajoute un style distinctif \u00e0 la d\u00e9coration int\u00e9rieure.<\/p>\n<p>Ce bol est un excellent souvenir qui refl\u00e8te la culture et le folklore du Portugal, particuli\u00e8rement pertinent lors des festivit\u00e9s de la Saint-Antoine, o\u00f9 les sardines sont un plat embl\u00e9matique. Chez Ol\u00e9 Mosaic, nous sommes experts dans la distribution de souvenirs en gros, et ce bol en noix de coco fuchsia repr\u00e9sente une option id\u00e9ale pour les boutiques de cadeaux touristiques souhaitant offrir des produits authentiques et pleins de sens culturel. Acqu\u00e9rir ce bol, c&rsquo;est emporter un morceau de Lisbonne, ainsi qu&rsquo;un rappel tangible de la chaleur et de la joie qui caract\u00e9risent cette ville vibrante.<\/p>\n","protected":false},"excerpt":{"rendered":"<p>Bol en noix de coco fuchsia d\u00e9cor\u00e9 d&rsquo;une sardine, repr\u00e9sentatif de Lisbonne. Ce bol attrayant pr\u00e9sente une finition fuchsia vibrante avec des \u00e9l\u00e9ments d\u00e9coratifs en forme de c\u0153urs, mettant en valeur une sardine centrale dans un design contemporain. Fabriqu\u00e9 en noix de coco, ce produit artisanal refl\u00e8te le riche folklore et la culture culinaire du Portugal, apportant une touche color\u00e9e et originale \u00e0 n&rsquo;importe quel foyer. Id\u00e9al comme pi\u00e8ce d\u00e9corative ou pour servir de petits ap\u00e9ritifs.<\/p>\n","protected":false},"featured_media":10178,"template":"","meta":{"_acf_changed":false},"product_brand":[],"product_cat":[521],"product_tag":[530],"class_list":{"0":"post-28862","1":"product","2":"type-product","3":"status-publish","4":"has-post-thumbnail","6":"product_cat-bols","7":"product_tag-animaux","8":"pa_ciudad-lisboa","9":"pa_motivo-sardines","10":"pa_pais-portugal","12":"first","13":"instock","14":"shipping-taxable","15":"product-type-simple"},"acf":[],"_links":{"self":[{"href":"https:\/\/olemosaic.com\/fr\/wp-json\/wp\/v2\/product\/28862","targetHints":{"allow":["GET"]}}],"collection":[{"href":"https:\/\/olemosaic.com\/fr\/wp-json\/wp\/v2\/product"}],"about":[{"href":"https:\/\/olemosaic.com\/fr\/wp-json\/wp\/v2\/types\/product"}],"wp:featuredmedia":[{"embeddable":true,"href":"https:\/\/olemosaic.com\/fr\/wp-json\/wp\/v2\/media\/10178"}],"wp:attachment":[{"href":"https:\/\/olemosaic.com\/fr\/wp-json\/wp\/v2\/media?parent=28862"}],"wp:term":[{"taxonomy":"product_brand","embeddable":true,"href":"https:\/\/olemosaic.com\/fr\/wp-json\/wp\/v2\/product_brand?post=28862"},{"taxonomy":"product_cat","embeddable":true,"href":"https:\/\/olemosaic.com\/fr\/wp-json\/wp\/v2\/product_cat?post=28862"},{"taxonomy":"product_tag","embeddable":true,"href":"https:\/\/olemosaic.com\/fr\/wp-json\/wp\/v2\/product_tag?post=28862"}],"curies":[{"name":"wp","href":"https:\/\/api.w.org\/{rel}","templated":true}]}}