{"id":28859,"date":"2025-02-20T22:30:28","date_gmt":"2025-02-20T22:30:28","guid":{"rendered":"http:\/\/olemosaic.com\/producto\/bol-de-coco-fucsia-tortuga-mallorca\/"},"modified":"2025-07-25T20:36:47","modified_gmt":"2025-07-25T18:36:47","slug":"bol-noix-de-coco-fuchsia-tortue-majorque","status":"publish","type":"product","link":"https:\/\/olemosaic.com\/fr\/produit\/bol-noix-de-coco-fuchsia-tortue-majorque\/","title":{"rendered":"Bol en noix de coco fuchsia. Tortue. Majorque."},"content":{"rendered":"<p>Ce bol fuchsia en noix de coco, d\u00e9cor\u00e9 d&rsquo;une magnifique tortue, est une pi\u00e8ce unique qui capture l&rsquo;essence de la beaut\u00e9 naturelle de Majorque. Son int\u00e9rieur, aux tons fuchsia vibrants rehauss\u00e9s par des d\u00e9tails complexes en mosa\u00efque, refl\u00e8te la riche culture bal\u00e9are et l&rsquo;art de la c\u00e9ramique m\u00e9diterran\u00e9enne. Au centre du bol, une d\u00e9licate illustration d&rsquo;une tortue, symbole de la vie marine, ajoute une touche sp\u00e9ciale et unique qui ravira les amoureux de la nature et du design.<\/p>\n<p>La finition en noix de coco apporte non seulement de l&rsquo;authenticit\u00e9, mais aussi un contraste fascinant avec l&rsquo;int\u00e9rieur color\u00e9, faisant de ce bol un \u00e9l\u00e9ment d\u00e9coratif attrayant pour n&rsquo;importe quel coin de la maison. L&rsquo;inscription \u00ab\u00a0MALLORCA\u00a0\u00bb sur le bol renforce son lien culturel, rappelant \u00e0 ses propri\u00e9taires la magie de cette \u00eele embl\u00e9matique de la M\u00e9diterran\u00e9e.<\/p>\n<p>Parfait comme souvenir, ce bol fuchsia est id\u00e9al pour les touristes \u00e0 la recherche d&rsquo;un souvenir repr\u00e9sentatif de leur visite \u00e0 Majorque, \u00e9voquant le charme et le calme de ses c\u00f4tes. Chez Ol\u00e9 Mosaic, en tant que grossiste de souvenirs, nous proposons des produits authentiques et de qualit\u00e9 qui repr\u00e9sentent la tradition et l&rsquo;art des r\u00e9gions qui les inspirent. Ce bol est une excellente option pour les boutiques de cadeaux touristiques souhaitant offrir \u00e0 leurs clients un petit morceau de la culture bal\u00e9are.<\/p>\n","protected":false},"excerpt":{"rendered":"<p>Bol en noix de coco fuchsia d\u00e9cor\u00e9 d&rsquo;une magnifique tortue, inspir\u00e9 par la beaut\u00e9 naturelle de Majorque. Ce bol original pr\u00e9sente un int\u00e9rieur avant-gardiste aux tons fuchsia, avec des d\u00e9tails en mosa\u00efque refl\u00e9tant la riche culture bal\u00e9are. La tortue, repr\u00e9sent\u00e9e au centre, ajoute une touche distinctive, tandis que la base en noix de coco offre une finition authentique. Un souvenir parfait qui \u00e9voque le charme de la M\u00e9diterran\u00e9e et est id\u00e9al pour n&rsquo;importe quel coin de votre maison.<\/p>\n","protected":false},"featured_media":11786,"template":"","meta":{"_acf_changed":false},"product_brand":[],"product_cat":[521],"product_tag":[530],"class_list":{"0":"post-28859","1":"product","2":"type-product","3":"status-publish","4":"has-post-thumbnail","6":"product_cat-bols","7":"product_tag-animaux","8":"pa_ciudad-mallorca","9":"pa_motivo-tortues","10":"pa_pais-espana","12":"first","13":"instock","14":"shipping-taxable","15":"product-type-simple"},"acf":[],"_links":{"self":[{"href":"https:\/\/olemosaic.com\/fr\/wp-json\/wp\/v2\/product\/28859","targetHints":{"allow":["GET"]}}],"collection":[{"href":"https:\/\/olemosaic.com\/fr\/wp-json\/wp\/v2\/product"}],"about":[{"href":"https:\/\/olemosaic.com\/fr\/wp-json\/wp\/v2\/types\/product"}],"wp:featuredmedia":[{"embeddable":true,"href":"https:\/\/olemosaic.com\/fr\/wp-json\/wp\/v2\/media\/11786"}],"wp:attachment":[{"href":"https:\/\/olemosaic.com\/fr\/wp-json\/wp\/v2\/media?parent=28859"}],"wp:term":[{"taxonomy":"product_brand","embeddable":true,"href":"https:\/\/olemosaic.com\/fr\/wp-json\/wp\/v2\/product_brand?post=28859"},{"taxonomy":"product_cat","embeddable":true,"href":"https:\/\/olemosaic.com\/fr\/wp-json\/wp\/v2\/product_cat?post=28859"},{"taxonomy":"product_tag","embeddable":true,"href":"https:\/\/olemosaic.com\/fr\/wp-json\/wp\/v2\/product_tag?post=28859"}],"curies":[{"name":"wp","href":"https:\/\/api.w.org\/{rel}","templated":true}]}}