{"id":28838,"date":"2025-02-20T22:30:28","date_gmt":"2025-02-20T22:30:28","guid":{"rendered":"http:\/\/olemosaic.com\/producto\/bol-de-coco-fucsia-tortuga-tenerife\/"},"modified":"2025-07-25T19:11:22","modified_gmt":"2025-07-25T17:11:22","slug":"bol-en-coco-fuchsia-tortue-tenerife","status":"publish","type":"product","link":"https:\/\/olemosaic.com\/fr\/produit\/bol-en-coco-fuchsia-tortue-tenerife\/","title":{"rendered":"Bol en coco fuchsia. Tortue. Tenerife."},"content":{"rendered":"<p>Ce bol en coco fuchsia, d\u00e9cor\u00e9 d&rsquo;une \u00e9l\u00e9gante tortue, est un souvenir unique qui repr\u00e9sente le charme naturel de Tenerife. Son design se distingue par une finition brillante dans les tons fuchsia, qui ressort sur le fond blanc, cr\u00e9ant un contraste visuel attrayant. La forme organique du bol, iconique et stylis\u00e9e, est compl\u00e9t\u00e9e par un motif captivant de tortue dans une finition dor\u00e9e sophistiqu\u00e9e, qui non seulement embellit la pi\u00e8ce, mais symbolise \u00e9galement la riche biodiversit\u00e9 des \u00eeles Canaries.<\/p>\n<p>Ce bol est id\u00e9al aussi bien comme pi\u00e8ce d\u00e9corative, pour rehausser n&rsquo;importe quel espace, que pour un usage pratique \u00e0 table, apportant une touche insulaire unique aux repas et c\u00e9l\u00e9brations. Sa connexion culturelle avec Tenerife est \u00e9vidente dans la repr\u00e9sentation de la tortue, un symbole de la vie marine qui habite ses c\u00f4tes, faisant du bol une repr\u00e9sentation authentique du patrimoine naturel canarien.<\/p>\n<p>Chez Ol\u00e9 Mosaic, nous nous sp\u00e9cialisons dans la distribution de souvenirs en gros, offrant des articles qui capturent l&rsquo;essence locale. Ce bol en coco est une excellente option pour les boutiques de cadeaux touristiques cherchant \u00e0 proposer des produits distinctifs et de qualit\u00e9, offrant aux touristes un souvenir authentique de leur visite \u00e0 Tenerife. En tant que grossiste de produits artisanaux, nous garantissons l&rsquo;authenticit\u00e9 et l&rsquo;exclusivit\u00e9 de chaque pi\u00e8ce.<\/p>\n","protected":false},"excerpt":{"rendered":"<p>Bol en coco fuchsia, d\u00e9cor\u00e9 d&rsquo;un design attrayant de tortue, originaire de Tenerife. Ce bol exclusif pr\u00e9sente une finition brillante avec des motifs fuchsia et un \u00e9l\u00e9gant fond blanc qui souligne sa forme organique. Au centre, se d\u00e9tache une illustration d&rsquo;une tortue avec une finition dor\u00e9e qui lui donne une touche distinctive. Parfait comme pi\u00e8ce d\u00e9corative ou pour une utilisation \u00e0 table, il capture l&rsquo;essence naturelle des \u00eeles Canaries.<\/p>\n","protected":false},"featured_media":11936,"template":"","meta":{"_acf_changed":false},"product_brand":[],"product_cat":[521],"product_tag":[530],"class_list":{"0":"post-28838","1":"product","2":"type-product","3":"status-publish","4":"has-post-thumbnail","6":"product_cat-bols","7":"product_tag-animaux","8":"pa_ciudad-tenerife","9":"pa_motivo-tortues","10":"pa_pais-espana","12":"first","13":"instock","14":"shipping-taxable","15":"product-type-simple"},"acf":[],"_links":{"self":[{"href":"https:\/\/olemosaic.com\/fr\/wp-json\/wp\/v2\/product\/28838","targetHints":{"allow":["GET"]}}],"collection":[{"href":"https:\/\/olemosaic.com\/fr\/wp-json\/wp\/v2\/product"}],"about":[{"href":"https:\/\/olemosaic.com\/fr\/wp-json\/wp\/v2\/types\/product"}],"wp:featuredmedia":[{"embeddable":true,"href":"https:\/\/olemosaic.com\/fr\/wp-json\/wp\/v2\/media\/11936"}],"wp:attachment":[{"href":"https:\/\/olemosaic.com\/fr\/wp-json\/wp\/v2\/media?parent=28838"}],"wp:term":[{"taxonomy":"product_brand","embeddable":true,"href":"https:\/\/olemosaic.com\/fr\/wp-json\/wp\/v2\/product_brand?post=28838"},{"taxonomy":"product_cat","embeddable":true,"href":"https:\/\/olemosaic.com\/fr\/wp-json\/wp\/v2\/product_cat?post=28838"},{"taxonomy":"product_tag","embeddable":true,"href":"https:\/\/olemosaic.com\/fr\/wp-json\/wp\/v2\/product_tag?post=28838"}],"curies":[{"name":"wp","href":"https:\/\/api.w.org\/{rel}","templated":true}]}}