{"id":28837,"date":"2025-02-20T22:30:27","date_gmt":"2025-02-20T22:30:27","guid":{"rendered":"http:\/\/olemosaic.com\/producto\/bol-de-coco-fucsia-delfin-menorca\/"},"modified":"2025-07-25T18:34:22","modified_gmt":"2025-07-25T16:34:22","slug":"bol-en-coco-fuchsia-dauphin-minorque","status":"publish","type":"product","link":"https:\/\/olemosaic.com\/fr\/produit\/bol-en-coco-fuchsia-dauphin-minorque\/","title":{"rendered":"Bol en coco fuchsia. Dauphin. Minorque."},"content":{"rendered":"<p>Ce bol en coco fuchsia, d\u00e9cor\u00e9 d&rsquo;un charmant dauphin, est un bijou artisanal qui capture l&rsquo;essence de Minorque et sa riche biodiversit\u00e9 marine. Fabriqu\u00e9 \u00e0 partir de coque de noix de coco, ce produit combine fonctionnalit\u00e9 et art, pr\u00e9sentant un design vibrant dans les tons fuchsia qui \u00e9voque les plages vierges de l&rsquo;\u00eele. La sc\u00e8ne centrale, montrant un dauphin stylis\u00e9, symbolise la beaut\u00e9 naturelle de l&rsquo;environnement marin de Minorque et se d\u00e9tache sur un fond brillant qui souligne sa silhouette, cr\u00e9ant un contraste unique et attrayant.<\/p>\n<p>Les d\u00e9tails en mosa\u00efque apportent une touche de texture et de sophistication, faisant de ce bol non seulement une pi\u00e8ce d\u00e9corative exceptionnelle, mais aussi un ustensile polyvalent pour servir des aliments ou comme centre de table. Sa taille id\u00e9ale le rend parfait pour \u00eatre expos\u00e9 dans n&rsquo;importe quel espace, que ce soit dans un int\u00e9rieur contemporain ou dans une ambiance plus traditionnelle.<\/p>\n<p>Ce produit ne repr\u00e9sente pas seulement un objet d\u00e9coratif, mais aussi un authentique souvenir de Minorque, id\u00e9al pour les touristes qui cherchent \u00e0 emporter un souvenir significatif de leur voyage. Chez Ol\u00e9 Mosaic, nous sommes distributeurs de souvenirs en gros et ce bol est une excellente option pour les boutiques de cadeaux touristiques qui appr\u00e9cient l&rsquo;authenticit\u00e9 et la connexion culturelle dans leurs produits. Avec ce bol en coco, les visiteurs de Minorque pourront se rem\u00e9morer le riche h\u00e9ritage culturel et historique de l&rsquo;\u00eele \u00e0 chaque utilisation.<\/p>\n","protected":false},"excerpt":{"rendered":"<p>Bol en coco fuchsia d\u00e9cor\u00e9 d&rsquo;un charmant dauphin, repr\u00e9sentant la beaut\u00e9 naturelle de Minorque. Cet objet est fabriqu\u00e9 avec de la coque de noix de coco et pr\u00e9sente un design vibrant dans les tons fuchsia avec des d\u00e9tails de mosa\u00efque. La sc\u00e8ne du dauphin, symbolisant la richesse marine de l&rsquo;\u00eele, se d\u00e9tache sur un fond brillant, cr\u00e9ant un contraste unique et attrayant. Parfait comme pi\u00e8ce d\u00e9corative ou pour une utilisation \u00e0 table, ce bol allie fonctionnalit\u00e9 et art.<\/p>\n","protected":false},"featured_media":11912,"template":"","meta":{"_acf_changed":false},"product_brand":[],"product_cat":[521],"product_tag":[530],"class_list":{"0":"post-28837","1":"product","2":"type-product","3":"status-publish","4":"has-post-thumbnail","6":"product_cat-bols","7":"product_tag-animaux","8":"pa_ciudad-menorca","9":"pa_motivo-dauphins","10":"pa_pais-espana","12":"first","13":"instock","14":"shipping-taxable","15":"product-type-simple"},"acf":[],"_links":{"self":[{"href":"https:\/\/olemosaic.com\/fr\/wp-json\/wp\/v2\/product\/28837","targetHints":{"allow":["GET"]}}],"collection":[{"href":"https:\/\/olemosaic.com\/fr\/wp-json\/wp\/v2\/product"}],"about":[{"href":"https:\/\/olemosaic.com\/fr\/wp-json\/wp\/v2\/types\/product"}],"wp:featuredmedia":[{"embeddable":true,"href":"https:\/\/olemosaic.com\/fr\/wp-json\/wp\/v2\/media\/11912"}],"wp:attachment":[{"href":"https:\/\/olemosaic.com\/fr\/wp-json\/wp\/v2\/media?parent=28837"}],"wp:term":[{"taxonomy":"product_brand","embeddable":true,"href":"https:\/\/olemosaic.com\/fr\/wp-json\/wp\/v2\/product_brand?post=28837"},{"taxonomy":"product_cat","embeddable":true,"href":"https:\/\/olemosaic.com\/fr\/wp-json\/wp\/v2\/product_cat?post=28837"},{"taxonomy":"product_tag","embeddable":true,"href":"https:\/\/olemosaic.com\/fr\/wp-json\/wp\/v2\/product_tag?post=28837"}],"curies":[{"name":"wp","href":"https:\/\/api.w.org\/{rel}","templated":true}]}}