{"id":28836,"date":"2025-02-20T23:30:27","date_gmt":"2025-02-20T22:30:27","guid":{"rendered":"http:\/\/olemosaic.com\/producto\/bol-de-coco-fucsia-caballito-de-mar\/"},"modified":"2025-07-25T20:04:37","modified_gmt":"2025-07-25T18:04:37","slug":"bol-en-coco-fuchsia-hippocampe","status":"publish","type":"product","link":"https:\/\/olemosaic.com\/fr\/produit\/bol-en-coco-fuchsia-hippocampe\/","title":{"rendered":"Bol en coco fuchsia. Hippocampe."},"content":{"rendered":"<p>Ce bol en coco fuchsia, d\u00e9cor\u00e9 d&rsquo;un charmant hippocampe, est une pi\u00e8ce distinctive qui capture l&rsquo;essence vibrante de la c\u00f4te m\u00e9diterran\u00e9enne. Fabriqu\u00e9 artisanalement, c&rsquo;est un v\u00e9ritable bijou d\u00e9coratif, id\u00e9al aussi bien pour servir des ap\u00e9ritifs que pour embellir n&rsquo;importe quel coin de la maison. Son design se caract\u00e9rise par des mosa\u00efques dans les tons fuchsia qui, avec la d\u00e9licate illustration de l&rsquo;hippocampe au centre, cr\u00e9ent un contraste magnifique sur un fond clair, rehaussant son \u00e9clat et ses couleurs. Ce bol n&rsquo;est pas seulement fonctionnel, il invite \u00e9galement \u00e0 \u00e9voquer les paysages marins et la richesse de la flore et de la faune c\u00f4ti\u00e8res.<\/p>\n<p>La connexion culturelle avec la mer est clairement mise en avant, car l&rsquo;hippocampe symbolise \u00e0 la fois la beaut\u00e9 naturelle et la biodiversit\u00e9 de l&rsquo;environnement maritime. En tant que souvenir repr\u00e9sentatif, il refl\u00e8te l&rsquo;authenticit\u00e9 de l&rsquo;art d\u00e9coratif espagnol et son appr\u00e9ciation pour l&rsquo;environnement marin. Ce bol devient un souvenir parfait pour ceux qui cherchent \u00e0 immortaliser leur exp\u00e9rience sur la c\u00f4te.<\/p>\n<p>Chez Ol\u00e9 Mosaic, nous sommes distributeurs de souvenirs en gros et proposons des produits uniques qui c\u00e9l\u00e8brent les traditions et la beaut\u00e9 de l&rsquo;Espagne. Ce bol en coco fuchsia est un choix exceptionnel pour les boutiques de cadeaux touristiques souhaitant offrir des souvenirs authentiques et captivants, id\u00e9aux pour les touristes \u00e0 la recherche de souvenirs refl\u00e9tant la magie de la mer.<\/p>\n","protected":false},"excerpt":{"rendered":"<p>Bol en coco fuchsia d\u00e9cor\u00e9 d&rsquo;un charmant hippocampe. Ce bol \u00e9l\u00e9gant pr\u00e9sente un design avec des mosa\u00efques dans les tons fuchsia et une d\u00e9licate illustration d&rsquo;hippocampe au centre, qui se d\u00e9tache sur un fond clair. Fabriqu\u00e9 en mat\u00e9riau de coco, sa finition brillante et color\u00e9e ajoute une touche vibrante et tropicale \u00e0 n&rsquo;importe quel espace. Id\u00e9al comme objet d\u00e9coratif ou pour servir des ap\u00e9ritifs, ce bol est un souvenir parfait de la beaut\u00e9 de la mer.<\/p>\n","protected":false},"featured_media":11840,"template":"","meta":{"_acf_changed":false},"product_brand":[],"product_cat":[521],"product_tag":[530],"class_list":{"0":"post-28836","1":"product","2":"type-product","3":"status-publish","4":"has-post-thumbnail","6":"product_cat-bols","7":"product_tag-animaux","8":"pa_motivo-hippocampes","10":"first","11":"instock","12":"shipping-taxable","13":"product-type-simple"},"acf":[],"_links":{"self":[{"href":"https:\/\/olemosaic.com\/fr\/wp-json\/wp\/v2\/product\/28836","targetHints":{"allow":["GET"]}}],"collection":[{"href":"https:\/\/olemosaic.com\/fr\/wp-json\/wp\/v2\/product"}],"about":[{"href":"https:\/\/olemosaic.com\/fr\/wp-json\/wp\/v2\/types\/product"}],"wp:featuredmedia":[{"embeddable":true,"href":"https:\/\/olemosaic.com\/fr\/wp-json\/wp\/v2\/media\/11840"}],"wp:attachment":[{"href":"https:\/\/olemosaic.com\/fr\/wp-json\/wp\/v2\/media?parent=28836"}],"wp:term":[{"taxonomy":"product_brand","embeddable":true,"href":"https:\/\/olemosaic.com\/fr\/wp-json\/wp\/v2\/product_brand?post=28836"},{"taxonomy":"product_cat","embeddable":true,"href":"https:\/\/olemosaic.com\/fr\/wp-json\/wp\/v2\/product_cat?post=28836"},{"taxonomy":"product_tag","embeddable":true,"href":"https:\/\/olemosaic.com\/fr\/wp-json\/wp\/v2\/product_tag?post=28836"}],"curies":[{"name":"wp","href":"https:\/\/api.w.org\/{rel}","templated":true}]}}