{"id":28835,"date":"2025-02-20T23:30:27","date_gmt":"2025-02-20T22:30:27","guid":{"rendered":"http:\/\/olemosaic.com\/producto\/bol-de-coco-fucsia-caballito-de-mar-mallorca-2\/"},"modified":"2025-07-25T20:34:03","modified_gmt":"2025-07-25T18:34:03","slug":"bol-en-coco-fuchsia-hippocampe-majorque-baleares","status":"publish","type":"product","link":"https:\/\/olemosaic.com\/fr\/produit\/bol-en-coco-fuchsia-hippocampe-majorque-baleares\/","title":{"rendered":"Bol en coco fuchsia. Hippocampe. Majorque. Bal\u00e9ares."},"content":{"rendered":"<p>Ce bol en coco fuchsia, d\u00e9cor\u00e9 d&rsquo;un charmant hippocampe, est un bijou artisanal qui \u00e9voque la splendeur de Majorque. Fabriqu\u00e9 selon des techniques traditionnelles, ce bol se distingue par sa finition fuchsia vibrante, qui fait ressortir l&rsquo;hippocampe dor\u00e9, symbole de la vie marine m\u00e9diterran\u00e9enne. Avec un design unique, la combinaison de couleurs et la forme organique de ce bol en font une pi\u00e8ce d\u00e9corative id\u00e9ale pour apporter une touche fra\u00eeche et m\u00e9diterran\u00e9enne \u00e0 n&rsquo;importe quel foyer. Les d\u00e9tails de l&rsquo;hippocampe sont m\u00e9ticuleusement travaill\u00e9s, \u00e9quilibrant un style moderne avec l&rsquo;authenticit\u00e9 des motifs traditionnels de la r\u00e9gion.<\/p>\n<p>Cet article n&rsquo;est pas seulement parfait pour ceux qui cherchent \u00e0 ajouter un \u00e9l\u00e9ment d\u00e9coratif \u00e0 leur espace, mais c&rsquo;est aussi un souvenir significatif des c\u00f4tes de Majorque. Les touristes et les collectionneurs appr\u00e9cieront sa valeur culturelle, car il refl\u00e8te l&rsquo;art local et la riche biodiversit\u00e9 marine qui caract\u00e9rise cette belle \u00eele. Chez Ol\u00e9 Mosaic, sp\u00e9cialistes de la distribution de souvenirs en gros, nous proposons ce bol en coco fuchsia comme une excellente option pour les boutiques de cadeaux touristiques \u00e0 la recherche de produits authentiques avec une forte composante culturelle. Ce bol n&rsquo;est pas seulement un souvenir de Majorque, mais aussi un hommage \u00e0 l&rsquo;artisanat local et un cadeau parfait pour ceux qui souhaitent emporter un morceau de la M\u00e9diterran\u00e9e avec eux.<\/p>\n","protected":false},"excerpt":{"rendered":"<p>Bol en coco fuchsia d\u00e9cor\u00e9 d&rsquo;un charmant hippocampe, inspir\u00e9 par la beaut\u00e9 de Majorque. Ce bol \u00e9l\u00e9gant pr\u00e9sente un design unique avec une finition fuchsia qui rehausse les d\u00e9tails dor\u00e9s de l&rsquo;hippocampe. Sa technique artisanale combine une touche moderne avec des motifs traditionnels, offrant une pi\u00e8ce d\u00e9corative id\u00e9ale pour ajouter une touche m\u00e9diterran\u00e9enne \u00e0 n&rsquo;importe quel foyer. Parfait pour les collectionneurs et les amateurs d&rsquo;art local.<\/p>\n","protected":false},"featured_media":11888,"template":"","meta":{"_acf_changed":false},"product_brand":[],"product_cat":[521],"product_tag":[530],"class_list":{"0":"post-28835","1":"product","2":"type-product","3":"status-publish","4":"has-post-thumbnail","6":"product_cat-bols","7":"product_tag-animaux","8":"pa_ciudad-mallorca","9":"pa_motivo-hippocampes","10":"pa_pais-espana","12":"first","13":"instock","14":"shipping-taxable","15":"product-type-simple"},"acf":[],"_links":{"self":[{"href":"https:\/\/olemosaic.com\/fr\/wp-json\/wp\/v2\/product\/28835","targetHints":{"allow":["GET"]}}],"collection":[{"href":"https:\/\/olemosaic.com\/fr\/wp-json\/wp\/v2\/product"}],"about":[{"href":"https:\/\/olemosaic.com\/fr\/wp-json\/wp\/v2\/types\/product"}],"wp:featuredmedia":[{"embeddable":true,"href":"https:\/\/olemosaic.com\/fr\/wp-json\/wp\/v2\/media\/11888"}],"wp:attachment":[{"href":"https:\/\/olemosaic.com\/fr\/wp-json\/wp\/v2\/media?parent=28835"}],"wp:term":[{"taxonomy":"product_brand","embeddable":true,"href":"https:\/\/olemosaic.com\/fr\/wp-json\/wp\/v2\/product_brand?post=28835"},{"taxonomy":"product_cat","embeddable":true,"href":"https:\/\/olemosaic.com\/fr\/wp-json\/wp\/v2\/product_cat?post=28835"},{"taxonomy":"product_tag","embeddable":true,"href":"https:\/\/olemosaic.com\/fr\/wp-json\/wp\/v2\/product_tag?post=28835"}],"curies":[{"name":"wp","href":"https:\/\/api.w.org\/{rel}","templated":true}]}}