{"id":28828,"date":"2025-02-20T22:30:27","date_gmt":"2025-02-20T22:30:27","guid":{"rendered":"http:\/\/olemosaic.com\/producto\/bol-de-coco-fucsia-delfin-mallorca\/"},"modified":"2025-07-25T19:57:05","modified_gmt":"2025-07-25T17:57:05","slug":"bol-noix-de-coco-fuchsia-dauphin-majorque","status":"publish","type":"product","link":"https:\/\/olemosaic.com\/fr\/produit\/bol-noix-de-coco-fuchsia-dauphin-majorque\/","title":{"rendered":"Bol en noix de coco fuchsia. Dauphin. Majorque."},"content":{"rendered":"<p>Ce bol en noix de coco fuchsia, d\u00e9cor\u00e9 d&rsquo;un dauphin et du nom \u00ab\u00a0MALLORCA\u00a0\u00bb, est un souvenir embl\u00e9matique qui capture l&rsquo;essence vibrante de l&rsquo;\u00eele des Bal\u00e9ares. Fabriqu\u00e9 \u00e0 partir de noix de coco naturelle, ce bol pr\u00e9sente un ext\u00e9rieur d&rsquo;une couleur fuchsia frappante, qui non seulement a un impact visuel, mais refl\u00e8te \u00e9galement la beaut\u00e9 des eaux cristallines de Majorque. L&rsquo;int\u00e9rieur est orn\u00e9 d&rsquo;un d\u00e9licat motif de mosa\u00efque qui rehausse sa singularit\u00e9 et contribue \u00e0 son attrait esth\u00e9tique.<\/p>\n<p>Le dauphin, symbole iconique de la mer M\u00e9diterran\u00e9e, est expos\u00e9 avec \u00e9l\u00e9gance au centre du bol, entour\u00e9 du nom \u00ab\u00a0MALLORCA\u00a0\u00bb dans une typographie claire et stylis\u00e9e. Ce d\u00e9tail en fait un souvenir parfait pour ceux qui souhaitent ramener chez eux un morceau de la culture et du paysage marin de l&rsquo;\u00eele.<\/p>\n<p>Id\u00e9al pour servir des ap\u00e9ritifs ou comme \u00e9l\u00e9ment d\u00e9coratif dans n&rsquo;importe quelle maison, ce bol n&rsquo;est pas seulement fonctionnel, il \u00e9voque aussi la fra\u00eecheur et la joie des vacances \u00e0 Majorque. Ol\u00e9 Mosaic est fier de proposer ce type de souvenirs, garantissant authenticit\u00e9 et qualit\u00e9 dans chaque pi\u00e8ce. Ce bol en noix de coco est une excellente option pour les touristes \u00e0 la recherche de souvenirs de Majorque, ainsi que pour les boutiques de cadeaux touristiques qui souhaitent offrir des produits authentiques et repr\u00e9sentatifs de la culture espagnole. En tant que grossiste de souvenirs, nous fournissons des articles qui c\u00e9l\u00e8brent le patrimoine et le charme des r\u00e9gions qu&rsquo;ils repr\u00e9sentent.<\/p>\n","protected":false},"excerpt":{"rendered":"<p>Bol en noix de coco fuchsia d\u00e9cor\u00e9 d&rsquo;un dauphin et du nom \u00ab\u00a0MALLORCA\u00a0\u00bb. Ce bol attrayant, \u00e9labor\u00e9 en noix de coco naturelle, pr\u00e9sente une finition fuchsia vibrante, compl\u00e9t\u00e9e par un design de mosa\u00efque \u00e0 l&rsquo;int\u00e9rieur qui souligne sa singularit\u00e9. Le dauphin, symbole des eaux cristallines de Majorque, est encadr\u00e9 par une bordure stylis\u00e9e, ce qui fait de cet article un brillant souvenir de l&rsquo;\u00eele des Bal\u00e9ares. Id\u00e9al pour servir des ap\u00e9ritifs ou comme \u00e9l\u00e9ment d\u00e9coratif.<\/p>\n","protected":false},"featured_media":11782,"template":"","meta":{"_acf_changed":false},"product_brand":[],"product_cat":[521],"product_tag":[530],"class_list":{"0":"post-28828","1":"product","2":"type-product","3":"status-publish","4":"has-post-thumbnail","6":"product_cat-bols","7":"product_tag-animaux","8":"pa_ciudad-mallorca","9":"pa_motivo-dauphins","10":"pa_pais-espana","12":"first","13":"instock","14":"shipping-taxable","15":"product-type-simple"},"acf":[],"_links":{"self":[{"href":"https:\/\/olemosaic.com\/fr\/wp-json\/wp\/v2\/product\/28828","targetHints":{"allow":["GET"]}}],"collection":[{"href":"https:\/\/olemosaic.com\/fr\/wp-json\/wp\/v2\/product"}],"about":[{"href":"https:\/\/olemosaic.com\/fr\/wp-json\/wp\/v2\/types\/product"}],"wp:featuredmedia":[{"embeddable":true,"href":"https:\/\/olemosaic.com\/fr\/wp-json\/wp\/v2\/media\/11782"}],"wp:attachment":[{"href":"https:\/\/olemosaic.com\/fr\/wp-json\/wp\/v2\/media?parent=28828"}],"wp:term":[{"taxonomy":"product_brand","embeddable":true,"href":"https:\/\/olemosaic.com\/fr\/wp-json\/wp\/v2\/product_brand?post=28828"},{"taxonomy":"product_cat","embeddable":true,"href":"https:\/\/olemosaic.com\/fr\/wp-json\/wp\/v2\/product_cat?post=28828"},{"taxonomy":"product_tag","embeddable":true,"href":"https:\/\/olemosaic.com\/fr\/wp-json\/wp\/v2\/product_tag?post=28828"}],"curies":[{"name":"wp","href":"https:\/\/api.w.org\/{rel}","templated":true}]}}