{"id":28827,"date":"2025-02-20T23:30:26","date_gmt":"2025-02-20T22:30:26","guid":{"rendered":"http:\/\/olemosaic.com\/producto\/bol-de-coco-fucsia-camello-fuerteventura\/"},"modified":"2025-07-25T19:58:10","modified_gmt":"2025-07-25T17:58:10","slug":"bol-noix-de-coco-fuchsia-chameau-fuerteventura","status":"publish","type":"product","link":"https:\/\/olemosaic.com\/fr\/produit\/bol-noix-de-coco-fuchsia-chameau-fuerteventura\/","title":{"rendered":"Bol en noix de coco fuchsia. Chameau. Fuerteventura."},"content":{"rendered":"<p>Ce bol en noix de coco fuchsia d\u00e9cor\u00e9 d&rsquo;un chameau est une pi\u00e8ce unique qui encapsule l&rsquo;essence vibrante de Fuerteventura, l&rsquo;un des joyaux de l&rsquo;archipel des Canaries. Fabriqu\u00e9 en noix de coco, le bol pr\u00e9sente un fond de tons blancs chauds qui contrastent harmonieusement avec les d\u00e9tails fuchsia frappants dispos\u00e9s en cercles, apportant un air moderne et joyeux. L&rsquo;image du chameau, embl\u00e9matique de l&rsquo;\u00eele et de ses traditions, se d\u00e9tache avec \u00e9l\u00e9gance dans le design, faisant de ce bol un accessoire aussi d\u00e9coratif que pratique pour servir des ap\u00e9ritifs.<\/p>\n<p>Ce souvenir est parfait pour ceux qui recherchent un rappel authentique et color\u00e9 de leur visite aux \u00eeles Canaries. En plus de son attrait visuel, le bol \u00e9voque la riche culture de Fuerteventura, o\u00f9 le chameau fait partie int\u00e9grante du paysage et de la vie quotidienne. Chaque pi\u00e8ce est un t\u00e9moignage du travail artisanal, garantissant authenticit\u00e9 et qualit\u00e9.<\/p>\n<p>Chez Ol\u00e9 Mosaic, nous sommes sp\u00e9cialistes de la distribution de souvenirs en gros, ce qui fait de ce bol en noix de coco fuchsia une excellente option pour les boutiques de cadeaux touristiques qui souhaitent proposer des produits capturant l&rsquo;esprit et l&rsquo;essence de leur r\u00e9gion. Avec son design tr\u00e8s sp\u00e9cial et son lien culturel, ce bol est un cadeau id\u00e9al pour se souvenir des moments sp\u00e9ciaux v\u00e9cus \u00e0 Fuerteventura.<\/p>\n","protected":false},"excerpt":{"rendered":"<p>Bol en noix de coco fuchsia d\u00e9cor\u00e9 d&rsquo;un chameau, originaire de Fuerteventura. Ce bol original se distingue par son design unique, avec un fond blanc et des d\u00e9tails fuchsia dispos\u00e9s en cercles, lui donnant un air vibrant et moderne. L&rsquo;image du chameau, embl\u00e9matique de l&rsquo;\u00eele, compl\u00e8te parfaitement l&rsquo;esth\u00e9tique du bol, en faisant une pi\u00e8ce id\u00e9ale pour d\u00e9corer ou pour servir des ap\u00e9ritifs. Un souvenir pratique et plein de couleur qui capture l&rsquo;esprit des \u00eeles Canaries.<\/p>\n","protected":false},"featured_media":11995,"template":"","meta":{"_acf_changed":false},"product_brand":[],"product_cat":[521],"product_tag":[530],"class_list":{"0":"post-28827","1":"product","2":"type-product","3":"status-publish","4":"has-post-thumbnail","6":"product_cat-bols","7":"product_tag-animaux","8":"pa_ciudad-fuerteventura","9":"pa_motivo-chameaux","10":"pa_pais-espana","12":"first","13":"instock","14":"shipping-taxable","15":"product-type-simple"},"acf":[],"_links":{"self":[{"href":"https:\/\/olemosaic.com\/fr\/wp-json\/wp\/v2\/product\/28827","targetHints":{"allow":["GET"]}}],"collection":[{"href":"https:\/\/olemosaic.com\/fr\/wp-json\/wp\/v2\/product"}],"about":[{"href":"https:\/\/olemosaic.com\/fr\/wp-json\/wp\/v2\/types\/product"}],"wp:featuredmedia":[{"embeddable":true,"href":"https:\/\/olemosaic.com\/fr\/wp-json\/wp\/v2\/media\/11995"}],"wp:attachment":[{"href":"https:\/\/olemosaic.com\/fr\/wp-json\/wp\/v2\/media?parent=28827"}],"wp:term":[{"taxonomy":"product_brand","embeddable":true,"href":"https:\/\/olemosaic.com\/fr\/wp-json\/wp\/v2\/product_brand?post=28827"},{"taxonomy":"product_cat","embeddable":true,"href":"https:\/\/olemosaic.com\/fr\/wp-json\/wp\/v2\/product_cat?post=28827"},{"taxonomy":"product_tag","embeddable":true,"href":"https:\/\/olemosaic.com\/fr\/wp-json\/wp\/v2\/product_tag?post=28827"}],"curies":[{"name":"wp","href":"https:\/\/api.w.org\/{rel}","templated":true}]}}