{"id":28826,"date":"2025-02-20T23:30:26","date_gmt":"2025-02-20T22:30:26","guid":{"rendered":"http:\/\/olemosaic.com\/producto\/bol-de-coco-fucsia-caballito-de-mar-barcelona-2\/"},"modified":"2025-07-25T20:25:24","modified_gmt":"2025-07-25T18:25:24","slug":"bol-noix-de-coco-fuchsia-hippocampe-barcelone-fr","status":"publish","type":"product","link":"https:\/\/olemosaic.com\/fr\/produit\/bol-noix-de-coco-fuchsia-hippocampe-barcelone-fr\/","title":{"rendered":"Bol en noix de coco fuchsia. Hippocampe. Style m\u00e9diterran\u00e9en. Barcelone. Espagne."},"content":{"rendered":"<p>Ce bol en noix de coco fuchsia d\u00e9cor\u00e9 d&rsquo;un hippocampe est un v\u00e9ritable tr\u00e9sor artisanal qui capture l&rsquo;essence c\u00f4ti\u00e8re de Barcelone. Avec un design vibrant, cette pi\u00e8ce se distingue par sa base en noix de coco m\u00e9ticuleusement travaill\u00e9e et son effet peint \u00e0 la main, affichant des tons fuchsia par taches qui \u00e9voquent la diversit\u00e9 chromatique de la mer M\u00e9diterran\u00e9e. L&rsquo;esth\u00e9tique du bol est \u00e0 la fois audacieuse et \u00e9l\u00e9gante, ce qui en fait un point focal parfait pour n&rsquo;importe quel espace.<\/p>\n<p>\u00c0 l&rsquo;int\u00e9rieur, un d\u00e9licat motif d&rsquo;hippocampe \u00e9merge, symbolisant la faune marine de la c\u00f4te catalane, tandis qu&rsquo;un texte imprim\u00e9 avec le mot \u00ab\u00a0Barcelona\u00a0\u00bb ajoute une touche d&rsquo;authenticit\u00e9 \u00e0 ce souvenir. Ce bol n&rsquo;est pas seulement fonctionnel comme r\u00e9cipient d\u00e9coratif, il agit \u00e9galement comme un rappel vibrant de la beaut\u00e9 et de l&rsquo;ambiance m\u00e9diterran\u00e9enne de la ville.<\/p>\n<p>Parfait pour ceux qui recherchent des souvenirs de Barcelone repr\u00e9sentant la culture et le patrimoine de la r\u00e9gion, ce bol en noix de coco fuchsia est un cadeau id\u00e9al tant pour les touristes que pour les locaux. Chez Ol\u00e9 Mosaic, en tant que distributeurs de souvenirs en gros, nous proposons des produits authentiques qui mettent en valeur l&rsquo;artisanat et le design espagnol, et ce bol est un choix exceptionnel pour les boutiques de cadeaux touristiques qui souhaitent offrir des souvenirs authentiques et significatifs \u00e0 leurs clients.<\/p>\n","protected":false},"excerpt":{"rendered":"<p>Bol en noix de coco fuchsia d\u00e9cor\u00e9 d&rsquo;un hippocampe, repr\u00e9sentant l&rsquo;essence c\u00f4ti\u00e8re de Barcelone. Ce bol attrayant poss\u00e8de une base en noix de coco travaill\u00e9e et un design artisanal, peint \u00e0 la main, avec des taches fuchsia \u00e9voquant la mer M\u00e9diterran\u00e9e. \u00c0 l&rsquo;int\u00e9rieur, un d\u00e9licat motif d&rsquo;hippocampe est compl\u00e9t\u00e9 par l&rsquo;inscription \u00ab\u00a0Barcelona\u00a0\u00bb, en faisant un souvenir parfait et vibrant de la beaut\u00e9 de la ville.<\/p>\n","protected":false},"featured_media":11868,"template":"","meta":{"_acf_changed":false},"product_brand":[],"product_cat":[521],"product_tag":[530],"class_list":{"0":"post-28826","1":"product","2":"type-product","3":"status-publish","4":"has-post-thumbnail","6":"product_cat-bols","7":"product_tag-animaux","8":"pa_ciudad-barcelona","9":"pa_motivo-hippocampes","10":"pa_pais-espana","12":"first","13":"instock","14":"shipping-taxable","15":"product-type-simple"},"acf":[],"_links":{"self":[{"href":"https:\/\/olemosaic.com\/fr\/wp-json\/wp\/v2\/product\/28826","targetHints":{"allow":["GET"]}}],"collection":[{"href":"https:\/\/olemosaic.com\/fr\/wp-json\/wp\/v2\/product"}],"about":[{"href":"https:\/\/olemosaic.com\/fr\/wp-json\/wp\/v2\/types\/product"}],"wp:featuredmedia":[{"embeddable":true,"href":"https:\/\/olemosaic.com\/fr\/wp-json\/wp\/v2\/media\/11868"}],"wp:attachment":[{"href":"https:\/\/olemosaic.com\/fr\/wp-json\/wp\/v2\/media?parent=28826"}],"wp:term":[{"taxonomy":"product_brand","embeddable":true,"href":"https:\/\/olemosaic.com\/fr\/wp-json\/wp\/v2\/product_brand?post=28826"},{"taxonomy":"product_cat","embeddable":true,"href":"https:\/\/olemosaic.com\/fr\/wp-json\/wp\/v2\/product_cat?post=28826"},{"taxonomy":"product_tag","embeddable":true,"href":"https:\/\/olemosaic.com\/fr\/wp-json\/wp\/v2\/product_tag?post=28826"}],"curies":[{"name":"wp","href":"https:\/\/api.w.org\/{rel}","templated":true}]}}