{"id":28824,"date":"2025-02-20T22:30:26","date_gmt":"2025-02-20T22:30:26","guid":{"rendered":"http:\/\/olemosaic.com\/producto\/bol-de-coco-fucsia-flamenco-2\/"},"modified":"2025-07-25T20:06:01","modified_gmt":"2025-07-25T18:06:01","slug":"bol-noix-de-coco-fuchsia-flamant-rose","status":"publish","type":"product","link":"https:\/\/olemosaic.com\/fr\/produit\/bol-noix-de-coco-fuchsia-flamant-rose\/","title":{"rendered":"Bol en noix de coco fuchsia. Flamant rose."},"content":{"rendered":"<p>Ce bol en noix de coco fuchsia, orn\u00e9 d&rsquo;\u00e9l\u00e9gants flamants roses, est une pi\u00e8ce vibrante qui apporte une touche contemporaine et joyeuse \u00e0 n&rsquo;importe quel espace. Son design pr\u00e9sente une finition dans des tons fuchsia lumineux, \u00e9voquant la chaleur du folklore espagnol, et en son centre, une charmante illustration de deux flamants roses. Ces oiseaux exotiques, encadr\u00e9s par une bordure d\u00e9corative simulant une mosa\u00efque, ajoutent un air de sophistication tropicale et de joie, id\u00e9al pour toute occasion.<\/p>\n<p>La forme organique du bol, cr\u00e9\u00e9e \u00e0 partir de noix de coco, souligne son authenticit\u00e9 en tant qu&rsquo;objet d\u00e9coratif, combinant fonctionnalit\u00e9 et esth\u00e9tique. Parfait aussi bien pour servir des ap\u00e9ritifs que pour \u00eatre utilis\u00e9 comme \u00e9l\u00e9ment d\u00e9coratif sur une table, ce bol devient un souvenir repr\u00e9sentatif de la richesse culturelle du sud de l&rsquo;Espagne, o\u00f9 les flamants roses sont un symbole de beaut\u00e9 et d&rsquo;\u00e9l\u00e9gance.<\/p>\n<p>Chez Ol\u00e9 Mosaic, nous nous sp\u00e9cialisons dans la distribution de souvenirs en gros, offrant des produits qui capturent l&rsquo;essence du patrimoine espagnol. Ce bol flamant rose est une excellente option pour les boutiques de cadeaux touristiques qui recherchent des articles uniques et authentiques. Son design attrayant et son lien avec l&rsquo;art de la c\u00e9ramique espagnole en font un souvenir parfait pour les touristes qui souhaitent emporter un morceau de culture et de couleur de leur voyage.<\/p>\n","protected":false},"excerpt":{"rendered":"<p>Bol en noix de coco fuchsia d\u00e9cor\u00e9 d&rsquo;\u00e9l\u00e9gants flamants roses, id\u00e9al pour ajouter une touche vibrante \u00e0 n&rsquo;importe quel espace. Ce bol attrayant pr\u00e9sente une finition dans des tons fuchsia et des d\u00e9tails blancs, mettant en valeur l&rsquo;image de deux flamants roses au centre, entour\u00e9s d&rsquo;une bordure d\u00e9corative en mosa\u00efque. Parfait comme objet d\u00e9coratif ou pour servir des ap\u00e9ritifs, son design contemporain \u00e9voque la chaleur du folklore espagnol.<\/p>\n","protected":false},"featured_media":13408,"template":"","meta":{"_acf_changed":false},"product_brand":[],"product_cat":[521],"product_tag":[530],"class_list":{"0":"post-28824","1":"product","2":"type-product","3":"status-publish","4":"has-post-thumbnail","6":"product_cat-bols","7":"product_tag-animaux","8":"pa_motivo-flamants-roses","10":"first","11":"instock","12":"shipping-taxable","13":"product-type-simple"},"acf":[],"_links":{"self":[{"href":"https:\/\/olemosaic.com\/fr\/wp-json\/wp\/v2\/product\/28824","targetHints":{"allow":["GET"]}}],"collection":[{"href":"https:\/\/olemosaic.com\/fr\/wp-json\/wp\/v2\/product"}],"about":[{"href":"https:\/\/olemosaic.com\/fr\/wp-json\/wp\/v2\/types\/product"}],"wp:featuredmedia":[{"embeddable":true,"href":"https:\/\/olemosaic.com\/fr\/wp-json\/wp\/v2\/media\/13408"}],"wp:attachment":[{"href":"https:\/\/olemosaic.com\/fr\/wp-json\/wp\/v2\/media?parent=28824"}],"wp:term":[{"taxonomy":"product_brand","embeddable":true,"href":"https:\/\/olemosaic.com\/fr\/wp-json\/wp\/v2\/product_brand?post=28824"},{"taxonomy":"product_cat","embeddable":true,"href":"https:\/\/olemosaic.com\/fr\/wp-json\/wp\/v2\/product_cat?post=28824"},{"taxonomy":"product_tag","embeddable":true,"href":"https:\/\/olemosaic.com\/fr\/wp-json\/wp\/v2\/product_tag?post=28824"}],"curies":[{"name":"wp","href":"https:\/\/api.w.org\/{rel}","templated":true}]}}