{"id":28818,"date":"2025-02-20T23:30:26","date_gmt":"2025-02-20T22:30:26","guid":{"rendered":"http:\/\/olemosaic.com\/producto\/bol-de-coco-fucsia-flecha-camino-de-santiago\/"},"modified":"2025-07-25T19:32:02","modified_gmt":"2025-07-25T17:32:02","slug":"bol-noix-de-coco-fuchsia-fleche-chemin-de-compostelle","status":"publish","type":"product","link":"https:\/\/olemosaic.com\/fr\/produit\/bol-noix-de-coco-fuchsia-fleche-chemin-de-compostelle\/","title":{"rendered":"Bol en noix de coco fuchsia. Fl\u00e8che. Chemin de Compostelle."},"content":{"rendered":"<p>Ce bol en noix de coco fuchsia, d\u00e9cor\u00e9 du symbole du Chemin de Compostelle, est un exemple exquis de la tradition et de l&rsquo;art populaire espagnol. De conception artisanale, le bol se distingue par sa couleur fuchsia vibrante, qui lui donne une touche moderne et joyeuse, parfaite pour toutes les occasions. \u00c0 l&rsquo;int\u00e9rieur, une fl\u00e8che claire et le texte \u00ab CAMINO DE SANTIAGO \u00bb soulignent son lien avec la c\u00e9l\u00e8bre route de p\u00e8lerinage, connue pour son importance culturelle et spirituelle \u00e0 travers les si\u00e8cles. La texture de la noix de coco, avec sa finition peinte \u00e0 la main, accentue chaque d\u00e9tail, cr\u00e9ant un effet visuel saisissant qui attirera l&rsquo;attention des touristes comme des locaux. Ce bol est non seulement id\u00e9al pour servir des ap\u00e9ritifs, mais c&rsquo;est aussi un \u00e9l\u00e9ment d\u00e9coratif qui \u00e9voque la riche tradition du Chemin, transformant chaque utilisation en un rappel de l&rsquo;aventure et de la d\u00e9couverte. Chez Ol\u00e9 Mosaic, nous nous consacrons \u00e0 proposer des souvenirs authentiques et de qualit\u00e9 en gros, et ce bol en noix de coco est une excellente option pour les boutiques de cadeaux touristiques \u00e0 la recherche de produits significatifs. Avec sa singularit\u00e9 et son charme, il repr\u00e9sente un souvenir parfait du Chemin de Compostelle qui invite \u00e0 la r\u00e9flexion et au voyage.<\/p>\n","protected":false},"excerpt":{"rendered":"<p>Bol en noix de coco fuchsia d\u00e9cor\u00e9 d&rsquo;une fl\u00e8che indiquant le \u00ab Chemin de Compostelle \u00bb. Ce bol frappant, en noix de coco, pr\u00e9sente un design artisanal fini, peint \u00e0 la main, dans un fuchsia vibrant, avec un design qui inclut un texte clair et une fl\u00e8che, symbolisant la c\u00e9l\u00e8bre route de p\u00e8lerinage. Avec un style moderne et color\u00e9, il est id\u00e9al pour servir des ap\u00e9ritifs ou comme \u00e9l\u00e9ment d\u00e9coratif \u00e9voquant la tradition du Chemin.<\/p>\n","protected":false},"featured_media":11750,"template":"","meta":{"_acf_changed":false},"product_brand":[],"product_cat":[521],"product_tag":[],"class_list":{"0":"post-28818","1":"product","2":"type-product","3":"status-publish","4":"has-post-thumbnail","6":"product_cat-bols","7":"pa_ciudad-santiago-de-compostela","8":"pa_motivo-fleches","9":"pa_pais-espana","11":"first","12":"instock","13":"shipping-taxable","14":"product-type-simple"},"acf":[],"_links":{"self":[{"href":"https:\/\/olemosaic.com\/fr\/wp-json\/wp\/v2\/product\/28818","targetHints":{"allow":["GET"]}}],"collection":[{"href":"https:\/\/olemosaic.com\/fr\/wp-json\/wp\/v2\/product"}],"about":[{"href":"https:\/\/olemosaic.com\/fr\/wp-json\/wp\/v2\/types\/product"}],"wp:featuredmedia":[{"embeddable":true,"href":"https:\/\/olemosaic.com\/fr\/wp-json\/wp\/v2\/media\/11750"}],"wp:attachment":[{"href":"https:\/\/olemosaic.com\/fr\/wp-json\/wp\/v2\/media?parent=28818"}],"wp:term":[{"taxonomy":"product_brand","embeddable":true,"href":"https:\/\/olemosaic.com\/fr\/wp-json\/wp\/v2\/product_brand?post=28818"},{"taxonomy":"product_cat","embeddable":true,"href":"https:\/\/olemosaic.com\/fr\/wp-json\/wp\/v2\/product_cat?post=28818"},{"taxonomy":"product_tag","embeddable":true,"href":"https:\/\/olemosaic.com\/fr\/wp-json\/wp\/v2\/product_tag?post=28818"}],"curies":[{"name":"wp","href":"https:\/\/api.w.org\/{rel}","templated":true}]}}