{"id":28815,"date":"2025-02-20T23:30:25","date_gmt":"2025-02-20T22:30:25","guid":{"rendered":"http:\/\/olemosaic.com\/producto\/bol-de-coco-fucsia-delfin-2\/"},"modified":"2025-07-25T18:39:13","modified_gmt":"2025-07-25T16:39:13","slug":"bol-noix-de-coco-fuchsia-dauphin-style-mediterraneen","status":"publish","type":"product","link":"https:\/\/olemosaic.com\/fr\/produit\/bol-noix-de-coco-fuchsia-dauphin-style-mediterraneen\/","title":{"rendered":"Bol en noix de coco fuchsia. Dauphin. Style m\u00e9diterran\u00e9en."},"content":{"rendered":"<p>Ce bol en noix de coco fuchsia avec un motif de dauphin est une pi\u00e8ce d\u00e9corative et fonctionnelle qui rehausse la beaut\u00e9 de n&rsquo;importe quel espace. Fabriqu\u00e9 \u00e0 partir de noix de coco, son int\u00e9rieur est \u00e9l\u00e9gamment orn\u00e9 de mosa\u00efques blanches, cr\u00e9ant un contraste subtil avec le bord fuchsia vibrant qui l&rsquo;entoure. Au centre, un d\u00e9licat dauphin dor\u00e9 se d\u00e9tache de mani\u00e8re frappante, apportant une touche d&rsquo;\u00e9l\u00e9gance et de symbolisme marin qui \u00e9voque la vie c\u00f4ti\u00e8re. Ce bol est non seulement id\u00e9al comme centre de table ou pour ranger de petits objets, mais il capture \u00e9galement l&rsquo;esprit de l&rsquo;art folklorique typique des r\u00e9gions c\u00f4ti\u00e8res. Le lien culturel de cette pi\u00e8ce avec la tradition artisanale se traduit par son authenticit\u00e9 et sa valeur en tant que souvenir, repr\u00e9sentant le riche h\u00e9ritage et les couleurs vibrantes de la culture maritime. Parfait pour les touristes \u00e0 la recherche de souvenirs uniques de leur visite, ce bol en noix de coco fuchsia est une excellente option pour les boutiques de cadeaux touristiques chez Ol\u00e9 Mosaic, le distributeur d&rsquo;artisanat en gros. Nous proposons des souvenirs de qualit\u00e9 qui allient fonctionnalit\u00e9 et design, id\u00e9aux pour ceux qui souhaitent ramener un morceau de la c\u00f4te \u00e0 la maison.<\/p>\n","protected":false},"excerpt":{"rendered":"<p>Bol en noix de coco fuchsia avec motif de dauphin, une pi\u00e8ce d\u00e9corative unique et fonctionnelle. Fabriqu\u00e9 en noix de coco, son int\u00e9rieur est orn\u00e9 de mosa\u00efques blanches et d&rsquo;un bord fuchsia vibrant, cr\u00e9ant un contraste saisissant. Au centre, un d\u00e9licat dauphin dor\u00e9 se d\u00e9tache, ajoutant une touche d&rsquo;\u00e9l\u00e9gance et de symbolisme marin. Id\u00e9al comme centre de table ou pour ranger de petits objets, ce bol capture l&rsquo;esprit de l&rsquo;art folk c\u00f4tier.<\/p>\n","protected":false},"featured_media":11844,"template":"","meta":{"_acf_changed":false},"product_brand":[],"product_cat":[521],"product_tag":[530],"class_list":{"0":"post-28815","1":"product","2":"type-product","3":"status-publish","4":"has-post-thumbnail","6":"product_cat-bols","7":"product_tag-animaux","8":"pa_motivo-dauphins","10":"first","11":"instock","12":"shipping-taxable","13":"product-type-simple"},"acf":[],"_links":{"self":[{"href":"https:\/\/olemosaic.com\/fr\/wp-json\/wp\/v2\/product\/28815","targetHints":{"allow":["GET"]}}],"collection":[{"href":"https:\/\/olemosaic.com\/fr\/wp-json\/wp\/v2\/product"}],"about":[{"href":"https:\/\/olemosaic.com\/fr\/wp-json\/wp\/v2\/types\/product"}],"wp:featuredmedia":[{"embeddable":true,"href":"https:\/\/olemosaic.com\/fr\/wp-json\/wp\/v2\/media\/11844"}],"wp:attachment":[{"href":"https:\/\/olemosaic.com\/fr\/wp-json\/wp\/v2\/media?parent=28815"}],"wp:term":[{"taxonomy":"product_brand","embeddable":true,"href":"https:\/\/olemosaic.com\/fr\/wp-json\/wp\/v2\/product_brand?post=28815"},{"taxonomy":"product_cat","embeddable":true,"href":"https:\/\/olemosaic.com\/fr\/wp-json\/wp\/v2\/product_cat?post=28815"},{"taxonomy":"product_tag","embeddable":true,"href":"https:\/\/olemosaic.com\/fr\/wp-json\/wp\/v2\/product_tag?post=28815"}],"curies":[{"name":"wp","href":"https:\/\/api.w.org\/{rel}","templated":true}]}}