{"id":28814,"date":"2025-02-20T22:30:25","date_gmt":"2025-02-20T22:30:25","guid":{"rendered":"http:\/\/olemosaic.com\/producto\/bol-de-coco-fucsia-delfin\/"},"modified":"2025-07-25T18:50:09","modified_gmt":"2025-07-25T16:50:09","slug":"bol-noix-de-coco-fuchsia-dauphin","status":"publish","type":"product","link":"https:\/\/olemosaic.com\/fr\/produit\/bol-noix-de-coco-fuchsia-dauphin\/","title":{"rendered":"Bol en noix de coco fuchsia. Dauphin."},"content":{"rendered":"<p>Ce bol en noix de coco fuchsia avec un motif de dauphin est un v\u00e9ritable tr\u00e9sor artisanal qui capture l&rsquo;essence de la mer et de la vie marine. Avec un fond fuchsia brillant et vibrant parsem\u00e9 d&rsquo;\u00e9clats originaux, ce magnifique bol est un excellent \u00e9l\u00e9ment d\u00e9coratif qui apportera une touche juv\u00e9nile et fra\u00eeche \u00e0 n&rsquo;importe quel espace. Son int\u00e9rieur est encadr\u00e9 par un \u00e9l\u00e9gant motif de mosa\u00efque dans des tons clairs, qui contraste harmonieusement avec l&rsquo;intensit\u00e9 de la couleur fuchsia. Au centre, un d\u00e9licat dauphin dessin\u00e9 en blanc se d\u00e9tache avec gr\u00e2ce, symbolisant la joie et la libert\u00e9 de l&rsquo;oc\u00e9an.<\/p>\n<p>Ce bol n&rsquo;est pas seulement un objet d\u00e9coratif, mais il incarne \u00e9galement la riche tradition artisanale des c\u00f4tes espagnoles, o\u00f9 l&rsquo;amour de la nature marine et de sa biodiversit\u00e9 inspire les cr\u00e9ations des artistes locaux. Id\u00e9al aussi bien comme souvenir de plage que comme cadeau sp\u00e9cial, c&rsquo;est une pi\u00e8ce authentique qui attirera l&rsquo;attention des touristes et des amoureux de la mer.<\/p>\n<p>Chez Ol\u00e9 Mosaic, nous sommes fiers de proposer des souvenirs qui refl\u00e8tent le patrimoine culturel et naturel de la r\u00e9gion. Ce bol en noix de coco fuchsia est un choix parfait pour les boutiques de cadeaux touristiques \u00e0 la recherche de produits uniques et de qualit\u00e9. En tant que grossistes d&rsquo;articles de d\u00e9coration, nous garantissons que chaque pi\u00e8ce est non seulement authentique, mais aussi un rappel vibrant de la beaut\u00e9 de la mer.<\/p>\n","protected":false},"excerpt":{"rendered":"<p>Bol en noix de coco fuchsia avec motif de dauphin, fabriqu\u00e9 \u00e0 la main avec un int\u00e9rieur color\u00e9. Ce bol attrayant pr\u00e9sente un fond fuchsia brillant parsem\u00e9 d&rsquo;\u00e9clats, entour\u00e9 d&rsquo;un motif de mosa\u00efque dans des tons clairs. Au centre, un d\u00e9licat dauphin blanc apporte une touche ludique et fra\u00eeche au design. Id\u00e9al pour d\u00e9corer n&rsquo;importe quel coin avec un air maritime et vibrant.<\/p>\n","protected":false},"featured_media":11739,"template":"","meta":{"_acf_changed":false},"product_brand":[],"product_cat":[521],"product_tag":[530],"class_list":{"0":"post-28814","1":"product","2":"type-product","3":"status-publish","4":"has-post-thumbnail","6":"product_cat-bols","7":"product_tag-animaux","8":"pa_motivo-dauphins","10":"first","11":"instock","12":"shipping-taxable","13":"product-type-simple"},"acf":[],"_links":{"self":[{"href":"https:\/\/olemosaic.com\/fr\/wp-json\/wp\/v2\/product\/28814","targetHints":{"allow":["GET"]}}],"collection":[{"href":"https:\/\/olemosaic.com\/fr\/wp-json\/wp\/v2\/product"}],"about":[{"href":"https:\/\/olemosaic.com\/fr\/wp-json\/wp\/v2\/types\/product"}],"wp:featuredmedia":[{"embeddable":true,"href":"https:\/\/olemosaic.com\/fr\/wp-json\/wp\/v2\/media\/11739"}],"wp:attachment":[{"href":"https:\/\/olemosaic.com\/fr\/wp-json\/wp\/v2\/media?parent=28814"}],"wp:term":[{"taxonomy":"product_brand","embeddable":true,"href":"https:\/\/olemosaic.com\/fr\/wp-json\/wp\/v2\/product_brand?post=28814"},{"taxonomy":"product_cat","embeddable":true,"href":"https:\/\/olemosaic.com\/fr\/wp-json\/wp\/v2\/product_cat?post=28814"},{"taxonomy":"product_tag","embeddable":true,"href":"https:\/\/olemosaic.com\/fr\/wp-json\/wp\/v2\/product_tag?post=28814"}],"curies":[{"name":"wp","href":"https:\/\/api.w.org\/{rel}","templated":true}]}}