{"id":28812,"date":"2025-02-20T23:30:25","date_gmt":"2025-02-20T22:30:25","guid":{"rendered":"http:\/\/olemosaic.com\/producto\/bol-de-coco-isla-menorca-2\/"},"modified":"2025-07-25T19:39:05","modified_gmt":"2025-07-25T17:39:05","slug":"bol-noix-de-coco-ile-minorque-style-mediterraneen","status":"publish","type":"product","link":"https:\/\/olemosaic.com\/fr\/produit\/bol-noix-de-coco-ile-minorque-style-mediterraneen\/","title":{"rendered":"Bol en noix de coco. \u00cele. Minorque. Style m\u00e9diterran\u00e9en."},"content":{"rendered":"<p>Ce bol en noix de coco est un charmant article d\u00e9coratif inspir\u00e9 par l&rsquo;\u00eele vibrante de Minorque, con\u00e7u pour apporter un morceau de la M\u00e9diterran\u00e9e dans votre maison. Fabriqu\u00e9 en c\u00e9ramique de haute qualit\u00e9, sa finition brillante met en valeur la technique de la mosa\u00efque qui orne sa surface, avec des tons vibrants de rose, bleu et jaune \u00e9voquant les paysages et la culture de cette belle \u00eele des Bal\u00e9ares. Le bol pr\u00e9sente une forme ovale qui n&rsquo;est pas seulement esth\u00e9tique, mais aussi fonctionnelle, parfaite pour servir ou exposer de petits objets d\u00e9coratifs. Au centre, le mot \u00ab\u00a0Minorque\u00a0\u00bb se distingue par un design tr\u00e8s sp\u00e9cial, apportant une touche personnelle et unique \u00e0 la pi\u00e8ce.<\/p>\n<p>Les pi\u00e8ces de mosa\u00efque irr\u00e9guli\u00e8res, soigneusement plac\u00e9es, ajoutent un air artisanal qui refl\u00e8te la tradition locale et l&rsquo;amour du d\u00e9tail. Ce bol n&rsquo;est pas seulement un souvenir, mais un v\u00e9ritable symbole de la culture minorquine, id\u00e9al pour les touristes qui cherchent \u00e0 emporter avec eux une part de l&rsquo;influence artistique qui caract\u00e9rise l&rsquo;\u00eele. Chez Ol\u00e9 Mosaic, nous proposons ce s\u00e9duisant bol en noix de coco dans le cadre de notre collection s\u00e9lectionn\u00e9e de souvenirs de Minorque, qui ravira vos clients et enrichira n&rsquo;importe quelle boutique de cadeaux touristiques. Avec sa beaut\u00e9 et sa pertinence culturelle, il se positionne comme un excellent article pour ceux qui souhaitent ramener chez eux un souvenir authentique et repr\u00e9sentatif de Minorque.<\/p>\n","protected":false},"excerpt":{"rendered":"<p>Bol en noix de coco avec un design color\u00e9 inspir\u00e9 de l&rsquo;\u00eele de Minorque. Cet article d\u00e9coratif, \u00e9labor\u00e9 en c\u00e9ramique avec une finition brillante, pr\u00e9sente une technique de mosa\u00efque dans des tons vibrants de rose, bleu et jaune. Au centre se d\u00e9tache le mot \u00ab\u00a0Minorque\u00a0\u00bb, qui lui donne une touche distinctive. Sa forme ovale et les pi\u00e8ces de mosa\u00efque irr\u00e9guli\u00e8res lui conf\u00e8rent un air artisanal, id\u00e9al pour d\u00e9corer n&rsquo;importe quel coin de votre maison.<\/p>\n","protected":false},"featured_media":11949,"template":"","meta":{"_acf_changed":false},"product_brand":[],"product_cat":[521],"product_tag":[],"class_list":{"0":"post-28812","1":"product","2":"type-product","3":"status-publish","4":"has-post-thumbnail","6":"product_cat-bols","7":"pa_ciudad-menorca","8":"pa_motivo-iles","9":"pa_pais-espana","11":"first","12":"instock","13":"shipping-taxable","14":"product-type-simple"},"acf":[],"_links":{"self":[{"href":"https:\/\/olemosaic.com\/fr\/wp-json\/wp\/v2\/product\/28812","targetHints":{"allow":["GET"]}}],"collection":[{"href":"https:\/\/olemosaic.com\/fr\/wp-json\/wp\/v2\/product"}],"about":[{"href":"https:\/\/olemosaic.com\/fr\/wp-json\/wp\/v2\/types\/product"}],"wp:featuredmedia":[{"embeddable":true,"href":"https:\/\/olemosaic.com\/fr\/wp-json\/wp\/v2\/media\/11949"}],"wp:attachment":[{"href":"https:\/\/olemosaic.com\/fr\/wp-json\/wp\/v2\/media?parent=28812"}],"wp:term":[{"taxonomy":"product_brand","embeddable":true,"href":"https:\/\/olemosaic.com\/fr\/wp-json\/wp\/v2\/product_brand?post=28812"},{"taxonomy":"product_cat","embeddable":true,"href":"https:\/\/olemosaic.com\/fr\/wp-json\/wp\/v2\/product_cat?post=28812"},{"taxonomy":"product_tag","embeddable":true,"href":"https:\/\/olemosaic.com\/fr\/wp-json\/wp\/v2\/product_tag?post=28812"}],"curies":[{"name":"wp","href":"https:\/\/api.w.org\/{rel}","templated":true}]}}