{"id":28810,"date":"2025-02-20T22:30:25","date_gmt":"2025-02-20T22:30:25","guid":{"rendered":"http:\/\/olemosaic.com\/producto\/bol-de-coco-fucsia-isla-tenerife\/"},"modified":"2025-07-25T20:34:26","modified_gmt":"2025-07-25T18:34:26","slug":"bol-noix-de-coco-fuchsia-ile-tenerife","status":"publish","type":"product","link":"https:\/\/olemosaic.com\/fr\/produit\/bol-noix-de-coco-fuchsia-ile-tenerife\/","title":{"rendered":"Bol en noix de coco fuchsia. \u00cele. Tenerife."},"content":{"rendered":"<p>Ce bol en noix de coco fuchsia vibrant est un v\u00e9ritable hommage \u00e0 la splendeur de Tenerife, con\u00e7u pour \u00e9voquer l&rsquo;essence tropicale et color\u00e9e de l&rsquo;archipel des Canaries. Fabriqu\u00e9 \u00e0 partir d&rsquo;une coque de noix de coco, il pr\u00e9sente une finition brillante qui, en plus de l&#8217;embellir, met en valeur la silhouette de l&rsquo;\u00eele au centre, accompagn\u00e9e d&rsquo;une mosa\u00efque estomp\u00e9e jouant sur les tons et les textures. Son design attrayant et audacieux en fait une pi\u00e8ce polyvalente, id\u00e9ale aussi bien pour servir des ap\u00e9ritifs que pour ajouter une touche d\u00e9corative \u00e0 n&rsquo;importe quel espace, rappelant aux visiteurs la beaut\u00e9 de Tenerife.<\/p>\n<p>Ce bol n&rsquo;est pas seulement un objet utilitaire splendide ; c&rsquo;est un symbole de l&rsquo;art traditionnel canarien, refl\u00e9tant le riche h\u00e9ritage culturel des \u00eeles Canaries. Les couleurs \u00e9clatantes et les d\u00e9tails artistiques du bol en noix de coco fuchsia en font un souvenir m\u00e9morable, parfait pour les touristes souhaitant capturer un morceau de leur exp\u00e9rience sur l&rsquo;\u00eele. Chez Ol\u00e9 Mosaic, nous comprenons l&rsquo;importance des souvenirs authentiques, et ce bol repr\u00e9sente la fusion id\u00e9ale entre fonctionnalit\u00e9 et tradition. En tant que grossistes de souvenirs, nous proposons des produits qui se distinguent par leur qualit\u00e9 et leur singularit\u00e9, faisant de ce bol une excellente option pour les boutiques de cadeaux touristiques souhaitant pr\u00e9senter \u00e0 leurs clients un v\u00e9ritable joyau de Tenerife.<\/p>\n","protected":false},"excerpt":{"rendered":"<p>Bol en noix de coco dans un ton fuchsia vibrant \u00e9voquant Tenerife. Ce bol \u00e9l\u00e9gant, fabriqu\u00e9 avec une coque de noix de coco, arbore une finition brillante et un design qui souligne la silhouette de l&rsquo;\u00eele au centre. Avec des d\u00e9tails en mosa\u00efque estomp\u00e9e, il capture l&rsquo;essence tropicale et color\u00e9e de Tenerife. Id\u00e9al pour servir des ap\u00e9ritifs ou comme \u00e9l\u00e9ment d\u00e9coratif, il \u00e9voquera le charme canarien dans n&rsquo;importe quel espace.<\/p>\n","protected":false},"featured_media":11790,"template":"","meta":{"_acf_changed":false},"product_brand":[],"product_cat":[521],"product_tag":[],"class_list":{"0":"post-28810","1":"product","2":"type-product","3":"status-publish","4":"has-post-thumbnail","6":"product_cat-bols","7":"pa_ciudad-tenerife","8":"pa_motivo-iles","9":"pa_pais-espana","11":"first","12":"instock","13":"shipping-taxable","14":"product-type-simple"},"acf":[],"_links":{"self":[{"href":"https:\/\/olemosaic.com\/fr\/wp-json\/wp\/v2\/product\/28810","targetHints":{"allow":["GET"]}}],"collection":[{"href":"https:\/\/olemosaic.com\/fr\/wp-json\/wp\/v2\/product"}],"about":[{"href":"https:\/\/olemosaic.com\/fr\/wp-json\/wp\/v2\/types\/product"}],"wp:featuredmedia":[{"embeddable":true,"href":"https:\/\/olemosaic.com\/fr\/wp-json\/wp\/v2\/media\/11790"}],"wp:attachment":[{"href":"https:\/\/olemosaic.com\/fr\/wp-json\/wp\/v2\/media?parent=28810"}],"wp:term":[{"taxonomy":"product_brand","embeddable":true,"href":"https:\/\/olemosaic.com\/fr\/wp-json\/wp\/v2\/product_brand?post=28810"},{"taxonomy":"product_cat","embeddable":true,"href":"https:\/\/olemosaic.com\/fr\/wp-json\/wp\/v2\/product_cat?post=28810"},{"taxonomy":"product_tag","embeddable":true,"href":"https:\/\/olemosaic.com\/fr\/wp-json\/wp\/v2\/product_tag?post=28810"}],"curies":[{"name":"wp","href":"https:\/\/api.w.org\/{rel}","templated":true}]}}