{"id":28809,"date":"2025-02-20T22:30:24","date_gmt":"2025-02-20T22:30:24","guid":{"rendered":"http:\/\/olemosaic.com\/producto\/bol-de-coco-fucsia-caballito-de-mar-barcelona\/"},"modified":"2025-07-25T18:43:30","modified_gmt":"2025-07-25T16:43:30","slug":"bol-noix-de-coco-fuchsia-hippocampe-barcelone","status":"publish","type":"product","link":"https:\/\/olemosaic.com\/fr\/produit\/bol-noix-de-coco-fuchsia-hippocampe-barcelone\/","title":{"rendered":"Bol en noix de coco fuchsia. Hippocampe. Barcelone."},"content":{"rendered":"<p>Ce bol en noix de coco fuchsia vibrant est un souvenir exquis de Barcelone, alliant fonctionnalit\u00e9 et attrait d\u00e9coratif unique. Son design organique et sa finition brillante en font une pi\u00e8ce centrale id\u00e9ale pour n&rsquo;importe quelle table. \u00c0 l&rsquo;int\u00e9rieur, un charmant hippocampe se distingue, symbole iconique de la faune marine catalane, ainsi que le mot \u00ab\u00a0Barcelone\u00a0\u00bb, qui \u00e9voque l&rsquo;essence de cette ville vibrante.<\/p>\n<p>La surface du bol pr\u00e9sente une s\u00e9rie de c\u0153urs dans des tons compl\u00e9mentaires, ajoutant une touche festive et color\u00e9e, parfaite pour \u00e9gayer n&rsquo;importe quelle ambiance. Ce bol n&rsquo;est pas seulement un objet d\u00e9coratif, mais aussi un souvenir repr\u00e9sentatif de la connexion culturelle de Barcelone avec la mer et la joie de ses habitants.<\/p>\n<p>En tant que grossiste de souvenirs, chez Ol\u00e9 Mosaic, nous proposons une s\u00e9lection soigneusement choisie de produits authentiques qui c\u00e9l\u00e8brent la richesse culturelle de l&rsquo;Espagne. Ce bol en noix de coco fuchsia est une excellente option pour les boutiques de cadeaux touristiques \u00e0 la recherche d&rsquo;un article unique et significatif qui capture l&rsquo;essence de Barcelone, en faisant le cadeau parfait pour les touristes souhaitant emporter un morceau de la ville.<\/p>\n","protected":false},"excerpt":{"rendered":"<p>Bol en noix de coco d&rsquo;un fuchsia vibrant, d\u00e9cor\u00e9 d&rsquo;un hippocampe et du mot \u00ab\u00a0Barcelone\u00a0\u00bb, \u00e9voquant l&rsquo;essence de la ville. Ce bol attrayant pr\u00e9sente un design organique avec une finition brillante, id\u00e9al pour la d\u00e9coration ou comme centre de table. Sa surface affiche une s\u00e9rie de c\u0153urs dans des tons compl\u00e9mentaires, apportant une touche festive et color\u00e9e. Un cadeau parfait qui capture la culture et l&rsquo;esprit barcelonais.<\/p>\n","protected":false},"featured_media":10254,"template":"","meta":{"_acf_changed":false},"product_brand":[],"product_cat":[521],"product_tag":[530],"class_list":{"0":"post-28809","1":"product","2":"type-product","3":"status-publish","4":"has-post-thumbnail","6":"product_cat-bols","7":"product_tag-animaux","8":"pa_ciudad-barcelona","9":"pa_motivo-hippocampes","10":"pa_pais-espana","12":"first","13":"instock","14":"shipping-taxable","15":"product-type-simple"},"acf":[],"_links":{"self":[{"href":"https:\/\/olemosaic.com\/fr\/wp-json\/wp\/v2\/product\/28809","targetHints":{"allow":["GET"]}}],"collection":[{"href":"https:\/\/olemosaic.com\/fr\/wp-json\/wp\/v2\/product"}],"about":[{"href":"https:\/\/olemosaic.com\/fr\/wp-json\/wp\/v2\/types\/product"}],"wp:featuredmedia":[{"embeddable":true,"href":"https:\/\/olemosaic.com\/fr\/wp-json\/wp\/v2\/media\/10254"}],"wp:attachment":[{"href":"https:\/\/olemosaic.com\/fr\/wp-json\/wp\/v2\/media?parent=28809"}],"wp:term":[{"taxonomy":"product_brand","embeddable":true,"href":"https:\/\/olemosaic.com\/fr\/wp-json\/wp\/v2\/product_brand?post=28809"},{"taxonomy":"product_cat","embeddable":true,"href":"https:\/\/olemosaic.com\/fr\/wp-json\/wp\/v2\/product_cat?post=28809"},{"taxonomy":"product_tag","embeddable":true,"href":"https:\/\/olemosaic.com\/fr\/wp-json\/wp\/v2\/product_tag?post=28809"}],"curies":[{"name":"wp","href":"https:\/\/api.w.org\/{rel}","templated":true}]}}