{"id":28788,"date":"2025-02-20T23:30:24","date_gmt":"2025-02-20T22:30:24","guid":{"rendered":"http:\/\/olemosaic.com\/producto\/bol-de-coco-rojo-caballito-de-mar-mallorca\/"},"modified":"2025-07-25T19:24:28","modified_gmt":"2025-07-25T17:24:28","slug":"bol-noix-de-coco-rouge-hippocampe-majorque","status":"publish","type":"product","link":"https:\/\/olemosaic.com\/fr\/produit\/bol-noix-de-coco-rouge-hippocampe-majorque\/","title":{"rendered":"Bol en noix de coco rouge. Hippocampe. Majorque."},"content":{"rendered":"<p>Ce bol vibrant en noix de coco rouge est une pi\u00e8ce artisanale unique qui capture l&rsquo;essence de la beaut\u00e9 marine de Majorque. Soigneusement fabriqu\u00e9 \u00e0 partir d&rsquo;une authentique coque de noix de coco, il se distingue par son design \u00e9l\u00e9gant peint \u00e0 la main, o\u00f9 les tons dor\u00e9s s&rsquo;entrelacent avec des rouges vifs, cr\u00e9ant un effet visuel attrayant qui \u00e9voque les couleurs du coucher de soleil sur l&rsquo;\u00eele. Au centre, le logo \u00ab\u00a0MALLORCA\u00a0\u00bb est grav\u00e9 avec pr\u00e9cision, ajoutant une touche distinctive \u00e0 ce souvenir qui est \u00e0 la fois fonctionnel et d\u00e9coratif. Le motif de l&rsquo;hippocampe, symbole de la faune marine majorquine, souligne le lien culturel avec la r\u00e9gion, symbolisant la richesse de son \u00e9cosyst\u00e8me marin. Ce bol est id\u00e9al pour les touristes \u00e0 la recherche de souvenirs authentiques de leur visite, offrant une repr\u00e9sentation tangible de l&rsquo;\u00eele et de son h\u00e9ritage artisanal. Chez Ol\u00e9 Mosaic, nous sommes fiers d&rsquo;\u00eatre des distributeurs de souvenirs en gros, et ce bol en noix de coco est un excellent ajout pour les boutiques de cadeaux touristiques souhaitant proposer des produits authentiques et significatifs. En tant que grossistes de souvenirs de Majorque, nous garantissons la qualit\u00e9 et l&rsquo;originalit\u00e9 de chaque pi\u00e8ce.<\/p>\n","protected":false},"excerpt":{"rendered":"<p>Bol en noix de coco d&rsquo;un rouge vibrant, orn\u00e9 d&rsquo;un \u00e9l\u00e9gant design d&rsquo;hippocampe, repr\u00e9sentant la beaut\u00e9 marine de Majorque. Ce bol artisanal, fabriqu\u00e9 \u00e0 partir d&rsquo;une authentique coque de noix de coco, se distingue par sa finition artisanale peinte \u00e0 la main dans des tons dor\u00e9s et rouges, cr\u00e9ant un effet visuel attrayant. Le logo \u00ab\u00a0MALLORCA\u00a0\u00bb est grav\u00e9 au centre, ajoutant une touche distinctive \u00e0 ce souvenir unique qui capture l&rsquo;essence de l&rsquo;\u00eele.<\/p>\n","protected":false},"featured_media":10132,"template":"","meta":{"_acf_changed":false},"product_brand":[],"product_cat":[521],"product_tag":[530],"class_list":{"0":"post-28788","1":"product","2":"type-product","3":"status-publish","4":"has-post-thumbnail","6":"product_cat-bols","7":"product_tag-animaux","8":"pa_ciudad-mallorca","9":"pa_motivo-hippocampes","10":"pa_pais-espana","12":"first","13":"instock","14":"shipping-taxable","15":"product-type-simple"},"acf":[],"_links":{"self":[{"href":"https:\/\/olemosaic.com\/fr\/wp-json\/wp\/v2\/product\/28788","targetHints":{"allow":["GET"]}}],"collection":[{"href":"https:\/\/olemosaic.com\/fr\/wp-json\/wp\/v2\/product"}],"about":[{"href":"https:\/\/olemosaic.com\/fr\/wp-json\/wp\/v2\/types\/product"}],"wp:featuredmedia":[{"embeddable":true,"href":"https:\/\/olemosaic.com\/fr\/wp-json\/wp\/v2\/media\/10132"}],"wp:attachment":[{"href":"https:\/\/olemosaic.com\/fr\/wp-json\/wp\/v2\/media?parent=28788"}],"wp:term":[{"taxonomy":"product_brand","embeddable":true,"href":"https:\/\/olemosaic.com\/fr\/wp-json\/wp\/v2\/product_brand?post=28788"},{"taxonomy":"product_cat","embeddable":true,"href":"https:\/\/olemosaic.com\/fr\/wp-json\/wp\/v2\/product_cat?post=28788"},{"taxonomy":"product_tag","embeddable":true,"href":"https:\/\/olemosaic.com\/fr\/wp-json\/wp\/v2\/product_tag?post=28788"}],"curies":[{"name":"wp","href":"https:\/\/api.w.org\/{rel}","templated":true}]}}