{"id":28787,"date":"2025-02-20T23:30:24","date_gmt":"2025-02-20T22:30:24","guid":{"rendered":"http:\/\/olemosaic.com\/producto\/bol-de-coco-naranja-bailaora\/"},"modified":"2025-07-25T20:25:21","modified_gmt":"2025-07-25T18:25:21","slug":"bol-noix-de-coco-orange-danseuse-flamenco","status":"publish","type":"product","link":"https:\/\/olemosaic.com\/fr\/produit\/bol-noix-de-coco-orange-danseuse-flamenco\/","title":{"rendered":"Bol en noix de coco orange. Danseuse de flamenco."},"content":{"rendered":"<p>Ce bol en noix de coco, d&rsquo;une couleur orange vibrante, est un v\u00e9ritable bijou du folklore espagnol, id\u00e9al pour ceux qui recherchent des souvenirs repr\u00e9sentatifs de la culture andalouse. Au centre du bol se d\u00e9tache le design d&rsquo;une danseuse de flamenco, qui capture l&rsquo;\u00e9nergie et la passion du flamenco. Sa finition polie souligne la richesse du mat\u00e9riau et l&rsquo;attention port\u00e9e aux d\u00e9tails, tandis que les d\u00e9licats ornements en blanc contrastent merveilleusement avec le fond orange, \u00e9voquant la vivacit\u00e9 de la tradition flamande.<\/p>\n<p>L&rsquo;int\u00e9rieur du bol pr\u00e9sente un magnifique motif de mosa\u00efque, qui non seulement ajoute de la texture, mais apporte \u00e9galement un air chaleureux et accueillant, en faisant une pi\u00e8ce d\u00e9corative polyvalente et charmante pour n&rsquo;importe quel foyer. Sa forme ronde le rend parfait aussi bien pour servir des ap\u00e9ritifs que pour orner une \u00e9tag\u00e8re ou une table, en faisant un \u00e9l\u00e9ment essentiel pour ceux qui appr\u00e9cient l&rsquo;esth\u00e9tique et la fonctionnalit\u00e9.<\/p>\n<p>Ce bol en noix de coco n&rsquo;est pas seulement un souvenir, mais un v\u00e9ritable symbole de la culture espagnole, id\u00e9al pour les touristes qui souhaitent emporter un morceau du riche h\u00e9ritage andalou. Chez Ol\u00e9 Mosaic, nous proposons ce souvenir et d&rsquo;autres de haute qualit\u00e9 en gros, parfaits pour les boutiques de cadeaux touristiques qui souhaitent offrir des produits authentiques et repr\u00e9sentatifs. En tant que distributeurs d&rsquo;articles typiques, nous garantissons que chaque bol en noix de coco refl\u00e8te l&rsquo;essence du folklore espagnol et l&rsquo;artisanat unique de sa fabrication.<\/p>\n","protected":false},"excerpt":{"rendered":"<p>Bol en noix de coco d&rsquo;une couleur orange vibrante, avec un design tr\u00e8s sp\u00e9cial de danseuse de flamenco au centre. Ce bol attrayant, fait de noix de coco, pr\u00e9sente une finition polie et des d\u00e9tails en blanc qui \u00e9voquent l&rsquo;art flamenco. L&rsquo;int\u00e9rieur, avec un motif de mosa\u00efque, ajoute texture et chaleur, tandis que sa forme ronde en fait un \u00e9l\u00e9ment d\u00e9coratif id\u00e9al pour n&rsquo;importe quel foyer. Parfait pour servir des ap\u00e9ritifs ou simplement comme pi\u00e8ce d\u00e9corative, il refl\u00e8te l&rsquo;essence du folklore espagnol.<\/p>\n","protected":false},"featured_media":12030,"template":"","meta":{"_acf_changed":false},"product_brand":[],"product_cat":[521],"product_tag":[],"class_list":{"0":"post-28787","1":"product","2":"type-product","3":"status-publish","4":"has-post-thumbnail","6":"product_cat-bols","7":"pa_motivo-danseurs","9":"first","10":"instock","11":"shipping-taxable","12":"product-type-simple"},"acf":[],"_links":{"self":[{"href":"https:\/\/olemosaic.com\/fr\/wp-json\/wp\/v2\/product\/28787","targetHints":{"allow":["GET"]}}],"collection":[{"href":"https:\/\/olemosaic.com\/fr\/wp-json\/wp\/v2\/product"}],"about":[{"href":"https:\/\/olemosaic.com\/fr\/wp-json\/wp\/v2\/types\/product"}],"wp:featuredmedia":[{"embeddable":true,"href":"https:\/\/olemosaic.com\/fr\/wp-json\/wp\/v2\/media\/12030"}],"wp:attachment":[{"href":"https:\/\/olemosaic.com\/fr\/wp-json\/wp\/v2\/media?parent=28787"}],"wp:term":[{"taxonomy":"product_brand","embeddable":true,"href":"https:\/\/olemosaic.com\/fr\/wp-json\/wp\/v2\/product_brand?post=28787"},{"taxonomy":"product_cat","embeddable":true,"href":"https:\/\/olemosaic.com\/fr\/wp-json\/wp\/v2\/product_cat?post=28787"},{"taxonomy":"product_tag","embeddable":true,"href":"https:\/\/olemosaic.com\/fr\/wp-json\/wp\/v2\/product_tag?post=28787"}],"curies":[{"name":"wp","href":"https:\/\/api.w.org\/{rel}","templated":true}]}}