{"id":28786,"date":"2025-02-20T22:30:24","date_gmt":"2025-02-20T22:30:24","guid":{"rendered":"http:\/\/olemosaic.com\/producto\/bol-de-coco-naranja-sardina-2\/"},"modified":"2025-07-25T19:13:51","modified_gmt":"2025-07-25T17:13:51","slug":"bol-noix-de-coco-orange-sardine-2","status":"publish","type":"product","link":"https:\/\/olemosaic.com\/fr\/produit\/bol-noix-de-coco-orange-sardine-2\/","title":{"rendered":"Bol en noix de coco orange. Sardine."},"content":{"rendered":"<p>Ce bol en noix de coco, d&rsquo;une couleur orange vibrante, est un v\u00e9ritable bijou artisanal, parfait pour ceux qui recherchent un souvenir repr\u00e9sentatif de la culture m\u00e9diterran\u00e9enne. Fabriqu\u00e9 \u00e0 partir de coque de noix de coco, ce bol \u00e9l\u00e9gant se distingue non seulement par son design attrayant, mais aussi par sa signification culturelle. Son int\u00e9rieur pr\u00e9sente un fond joyeux dans des tons orang\u00e9s, orn\u00e9 d&rsquo;une belle illustration d&rsquo;une sardine en blanc, symbole de la gastronomie c\u00f4ti\u00e8re, \u00e9voquant la riche tradition de p\u00eache de r\u00e9gions comme l&rsquo;Andalousie.<\/p>\n<p>La finition polie du bol met en valeur son artisanat, tandis que le motif distinctif sur le bord rappelle les vagues et la vie marine, cr\u00e9ant une atmosph\u00e8re fra\u00eeche et estivale qui transporte l&rsquo;essence de la M\u00e9diterran\u00e9e dans n&rsquo;importe quel espace. Ce bol n&rsquo;est pas seulement une pi\u00e8ce d\u00e9corative ; il est \u00e9galement parfait pour servir des ap\u00e9ritifs ou comme \u00e9l\u00e9ment distinctif sur la table, apportant une touche de couleur et de tradition.<\/p>\n<p>Chez Ol\u00e9 Mosaic, nous sommes experts dans la distribution de souvenirs en gros, et ce bol en noix de coco est une excellente option pour les boutiques de cadeaux touristiques qui souhaitent proposer des produits authentiques et de qualit\u00e9. Avec son design c\u00e9l\u00e9brant la culture r\u00e9gionale, ce bol en noix de coco est un merveilleux souvenir des c\u00f4tes m\u00e9diterran\u00e9ennes et un choix id\u00e9al pour ceux qui recherchent d&rsquo;authentiques souvenirs de la r\u00e9gion.<\/p>\n","protected":false},"excerpt":{"rendered":"<p>Bol en noix de coco d&rsquo;une couleur orange vibrante, d\u00e9cor\u00e9 d&rsquo;une illustration de sardine et de d\u00e9tails en blanc. Ce bol \u00e9l\u00e9gant, fabriqu\u00e9 \u00e0 partir de coque de noix de coco, refl\u00e8te la tradition artisanale avec sa finition polie et son design frappant. L&rsquo;int\u00e9rieur pr\u00e9sente un fond orang\u00e9 joyeux, encadr\u00e9 par un motif distinctif qui \u00e9voque l&rsquo;ambiance c\u00f4ti\u00e8re. Id\u00e9al pour servir des ap\u00e9ritifs ou comme pi\u00e8ce d\u00e9corative, ce bol est un hommage \u00e0 la culture m\u00e9diterran\u00e9enne.<\/p>\n","protected":false},"featured_media":11734,"template":"","meta":{"_acf_changed":false},"product_brand":[],"product_cat":[521],"product_tag":[530],"class_list":{"0":"post-28786","1":"product","2":"type-product","3":"status-publish","4":"has-post-thumbnail","6":"product_cat-bols","7":"product_tag-animaux","8":"pa_motivo-sardines","10":"first","11":"instock","12":"shipping-taxable","13":"product-type-simple"},"acf":[],"_links":{"self":[{"href":"https:\/\/olemosaic.com\/fr\/wp-json\/wp\/v2\/product\/28786","targetHints":{"allow":["GET"]}}],"collection":[{"href":"https:\/\/olemosaic.com\/fr\/wp-json\/wp\/v2\/product"}],"about":[{"href":"https:\/\/olemosaic.com\/fr\/wp-json\/wp\/v2\/types\/product"}],"wp:featuredmedia":[{"embeddable":true,"href":"https:\/\/olemosaic.com\/fr\/wp-json\/wp\/v2\/media\/11734"}],"wp:attachment":[{"href":"https:\/\/olemosaic.com\/fr\/wp-json\/wp\/v2\/media?parent=28786"}],"wp:term":[{"taxonomy":"product_brand","embeddable":true,"href":"https:\/\/olemosaic.com\/fr\/wp-json\/wp\/v2\/product_brand?post=28786"},{"taxonomy":"product_cat","embeddable":true,"href":"https:\/\/olemosaic.com\/fr\/wp-json\/wp\/v2\/product_cat?post=28786"},{"taxonomy":"product_tag","embeddable":true,"href":"https:\/\/olemosaic.com\/fr\/wp-json\/wp\/v2\/product_tag?post=28786"}],"curies":[{"name":"wp","href":"https:\/\/api.w.org\/{rel}","templated":true}]}}