{"id":28785,"date":"2025-02-20T23:30:24","date_gmt":"2025-02-20T22:30:24","guid":{"rendered":"http:\/\/olemosaic.com\/producto\/bol-de-coco-naranja-mariposa\/"},"modified":"2025-07-25T19:30:15","modified_gmt":"2025-07-25T17:30:15","slug":"bol-noix-de-coco-orange-papillon","status":"publish","type":"product","link":"https:\/\/olemosaic.com\/fr\/produit\/bol-noix-de-coco-orange-papillon\/","title":{"rendered":"Bol en noix de coco orange. Papillon."},"content":{"rendered":"<p>Ce bol en noix de coco de couleur orange vibrante est un exemple exquis de l&rsquo;artisanat m\u00e9diterran\u00e9en, id\u00e9al pour ceux qui recherchent un souvenir authentique de la r\u00e9gion. D\u00e9cor\u00e9 de mani\u00e8re artisanale avec des coques de noix de coco, chaque pi\u00e8ce se distingue par sa texture naturelle et une finition unique qui en fait un objet de d\u00e9coration singulier. Au centre, un design sophistiqu\u00e9 de papillon symbolise la beaut\u00e9 de la nature et attire l&rsquo;attention de tout spectateur. Les d\u00e9tails en forme de dentelle qui ornent le contour du bol cr\u00e9ent un effet visuel charmant, rehaussant son attrait g\u00e9n\u00e9ral.<\/p>\n<p>Ce bol n&rsquo;est pas seulement utile pour ranger de petits objets ou comme centre de table, mais il repr\u00e9sente \u00e9galement un beau souvenir qui capture l&rsquo;essence de l&rsquo;art et de la culture m\u00e9diterran\u00e9enne. La couleur orange vibrante \u00e9voque la chaleur du soleil, tandis que le motif de papillon renvoie \u00e0 la riche biodiversit\u00e9 de la r\u00e9gion. Chez Ol\u00e9 Mosaic, nous sommes distributeurs de souvenirs de qualit\u00e9 et ce bol est une excellente option pour les boutiques de cadeaux touristiques qui recherchent des produits authentiques et ayant une pertinence culturelle. Offrez \u00e0 vos clients l&rsquo;opportunit\u00e9 de ramener chez eux un morceau du charme m\u00e9diterran\u00e9en avec cet impressionnant bol en noix de coco.<\/p>\n","protected":false},"excerpt":{"rendered":"<p>Bol en noix de coco d&rsquo;une couleur orange vibrante, orn\u00e9 d&rsquo;un design sophistiqu\u00e9 de papillon au centre. Ce bel article, fabriqu\u00e9 \u00e0 la main \u00e0 partir de coques de noix de coco, offre une texture naturelle et une finition unique. Son contour pr\u00e9sente des d\u00e9tails en forme de dentelle, cr\u00e9ant un effet visuel charmant. Id\u00e9al pour apporter une touche de couleur et de style \u00e0 n&rsquo;importe quel espace, \u00e9voquant la beaut\u00e9 de la nature. Un souvenir attrayant qui refl\u00e8te l&rsquo;art et la culture m\u00e9diterran\u00e9enne.<\/p>\n","protected":false},"featured_media":13395,"template":"","meta":{"_acf_changed":false},"product_brand":[],"product_cat":[521],"product_tag":[530],"class_list":{"0":"post-28785","1":"product","2":"type-product","3":"status-publish","4":"has-post-thumbnail","6":"product_cat-bols","7":"product_tag-animaux","8":"pa_motivo-papillons","10":"first","11":"instock","12":"shipping-taxable","13":"product-type-simple"},"acf":[],"_links":{"self":[{"href":"https:\/\/olemosaic.com\/fr\/wp-json\/wp\/v2\/product\/28785","targetHints":{"allow":["GET"]}}],"collection":[{"href":"https:\/\/olemosaic.com\/fr\/wp-json\/wp\/v2\/product"}],"about":[{"href":"https:\/\/olemosaic.com\/fr\/wp-json\/wp\/v2\/types\/product"}],"wp:featuredmedia":[{"embeddable":true,"href":"https:\/\/olemosaic.com\/fr\/wp-json\/wp\/v2\/media\/13395"}],"wp:attachment":[{"href":"https:\/\/olemosaic.com\/fr\/wp-json\/wp\/v2\/media?parent=28785"}],"wp:term":[{"taxonomy":"product_brand","embeddable":true,"href":"https:\/\/olemosaic.com\/fr\/wp-json\/wp\/v2\/product_brand?post=28785"},{"taxonomy":"product_cat","embeddable":true,"href":"https:\/\/olemosaic.com\/fr\/wp-json\/wp\/v2\/product_cat?post=28785"},{"taxonomy":"product_tag","embeddable":true,"href":"https:\/\/olemosaic.com\/fr\/wp-json\/wp\/v2\/product_tag?post=28785"}],"curies":[{"name":"wp","href":"https:\/\/api.w.org\/{rel}","templated":true}]}}