{"id":28776,"date":"2025-02-20T23:30:23","date_gmt":"2025-02-20T22:30:23","guid":{"rendered":"http:\/\/olemosaic.com\/producto\/bol-de-coco-naranja-sagrada-familia-barcelona\/"},"modified":"2025-07-25T18:51:29","modified_gmt":"2025-07-25T16:51:29","slug":"bol-noix-de-coco-orange-sagrada-familia-barcelone","status":"publish","type":"product","link":"https:\/\/olemosaic.com\/fr\/produit\/bol-noix-de-coco-orange-sagrada-familia-barcelone\/","title":{"rendered":"Bol en noix de coco orange. Sagrada Familia. Barcelone."},"content":{"rendered":"<p>Ce bol en noix de coco, d&rsquo;un orange vibrant, est un chef-d&rsquo;\u0153uvre artisanal qui rend hommage \u00e0 l&#8217;embl\u00e9matique Sagrada Familia de Barcelone. Avec une finition brillante et une texture unique, ce bol se distingue par sa capacit\u00e9 \u00e0 r\u00e9fl\u00e9chir la lumi\u00e8re, cr\u00e9ant un jeu visuel captivant qui souligne sa tonalit\u00e9 dynamique. La silhouette stylis\u00e9e de la c\u00e9l\u00e8bre basilique, con\u00e7ue par l&rsquo;architecte embl\u00e9matique Antoni Gaud\u00ed, est repr\u00e9sent\u00e9e au centre du bol, offrant une touche culturelle qui relie les utilisateurs au riche patrimoine architectural de la ville comtale. Ce produit se pr\u00e9sente non seulement comme un \u00e9l\u00e9ment d\u00e9coratif, mais aussi comme un accessoire polyvalent, parfait pour servir des ap\u00e9ritifs ou comme objet d&rsquo;exposition dans la maison. La combinaison de praticit\u00e9 et d&rsquo;art fait de ce bol un excellent cadeau pour ceux qui recherchent des souvenirs de Barcelone authentiques et significatifs. Chez Ol\u00e9 Mosaic, leaders de la distribution de souvenirs en gros, nous proposons ce bol en noix de coco comme une option id\u00e9ale pour les boutiques de souvenirs touristiques souhaitant offrir des produits qui c\u00e9l\u00e8brent et repr\u00e9sentent la culture espagnole. Avec son design tr\u00e8s sp\u00e9cial et son lien profond avec l&rsquo;identit\u00e9 de Barcelone, ce bol en noix de coco est, sans aucun doute, un souvenir m\u00e9morable et authentique.<\/p>\n","protected":false},"excerpt":{"rendered":"<p>Bol en noix de coco orange, d\u00e9cor\u00e9 d&rsquo;un motif mettant en valeur l&rsquo;imposante Sagrada Familia de Barcelone. Ce bol original pr\u00e9sente une finition brillante avec une texture unique, qui r\u00e9fl\u00e9chit la lumi\u00e8re et souligne sa couleur vibrante. La d\u00e9coration inclut la silhouette stylis\u00e9e de la c\u00e9l\u00e8bre \u0153uvre de Gaud\u00ed, offrant une touche culturelle et artisanale. Id\u00e9al comme \u00e9l\u00e9ment d\u00e9coratif ou pour servir des ap\u00e9ritifs, il allie praticit\u00e9 et art en un seul produit.<\/p>\n","protected":false},"featured_media":13411,"template":"","meta":{"_acf_changed":false},"product_brand":[],"product_cat":[521],"product_tag":[],"class_list":{"0":"post-28776","1":"product","2":"type-product","3":"status-publish","4":"has-post-thumbnail","6":"product_cat-bols","7":"pa_ciudad-barcelona","8":"pa_motivo-sagrada-familia","9":"pa_pais-espana","11":"first","12":"instock","13":"shipping-taxable","14":"product-type-simple"},"acf":[],"_links":{"self":[{"href":"https:\/\/olemosaic.com\/fr\/wp-json\/wp\/v2\/product\/28776","targetHints":{"allow":["GET"]}}],"collection":[{"href":"https:\/\/olemosaic.com\/fr\/wp-json\/wp\/v2\/product"}],"about":[{"href":"https:\/\/olemosaic.com\/fr\/wp-json\/wp\/v2\/types\/product"}],"wp:featuredmedia":[{"embeddable":true,"href":"https:\/\/olemosaic.com\/fr\/wp-json\/wp\/v2\/media\/13411"}],"wp:attachment":[{"href":"https:\/\/olemosaic.com\/fr\/wp-json\/wp\/v2\/media?parent=28776"}],"wp:term":[{"taxonomy":"product_brand","embeddable":true,"href":"https:\/\/olemosaic.com\/fr\/wp-json\/wp\/v2\/product_brand?post=28776"},{"taxonomy":"product_cat","embeddable":true,"href":"https:\/\/olemosaic.com\/fr\/wp-json\/wp\/v2\/product_cat?post=28776"},{"taxonomy":"product_tag","embeddable":true,"href":"https:\/\/olemosaic.com\/fr\/wp-json\/wp\/v2\/product_tag?post=28776"}],"curies":[{"name":"wp","href":"https:\/\/api.w.org\/{rel}","templated":true}]}}