{"id":28775,"date":"2025-02-20T23:30:23","date_gmt":"2025-02-20T22:30:23","guid":{"rendered":"http:\/\/olemosaic.com\/producto\/bol-de-coco-azul-salamandra-gran-canaria-3\/"},"modified":"2025-07-25T18:53:59","modified_gmt":"2025-07-25T16:53:59","slug":"bol-noix-de-coco-bleu-salamandre-grande-canarie-3","status":"publish","type":"product","link":"https:\/\/olemosaic.com\/fr\/produit\/bol-noix-de-coco-bleu-salamandre-grande-canarie-3\/","title":{"rendered":"Bol en noix de coco bleu. Salamandre. Grande Canarie. Fond marin."},"content":{"rendered":"<p>Ce bol en noix de coco, d&rsquo;un bleu vibrant, est une pi\u00e8ce artisanale qui repr\u00e9sente la riche culture de la Grande Canarie. Avec un design m\u00e9ticuleusement orn\u00e9 d&rsquo;une salamandre, ce bol se distingue par sa finition brillante et peinte \u00e0 la main, ce qui en fait un v\u00e9ritable symbole de l&rsquo;artisanat canarien. La salamandre, embl\u00e8me de la nature volcanique de l&rsquo;\u00eele, apporte une touche distinctive et exclusive, \u00e9voqu\u00e9e sur le fond bleu qui rappelle les cieux d\u00e9gag\u00e9s et les eaux cristallines de la Grande Canarie.<\/p>\n<p>Sa surface est d\u00e9cor\u00e9e d&rsquo;un r\u00e9seau subtil de textures \u00e9voquant les paysages et la flore locale, cr\u00e9ant un effet visuel qui allie tradition et modernit\u00e9. Au centre, l&rsquo;inscription \u00ab\u00a0Gran Canaria\u00a0\u00bb est embellie dans un ton dor\u00e9, soulignant l&rsquo;identit\u00e9 de l&rsquo;origine du produit et servant de rappel de son h\u00e9ritage culturel. Ce bol n&rsquo;est pas seulement id\u00e9al comme d\u00e9coration, mais fonctionne \u00e9galement comme un cadeau authentique qui capture l&rsquo;essence des \u00eeles Canaries.<\/p>\n<p>Chez Ol\u00e9 Mosaic, nous proposons des souvenirs de qualit\u00e9, et ce bol en noix de coco est un choix parfait pour les boutiques de souvenirs touristiques \u00e0 la recherche de produits qui s\u00e9duisent les visiteurs. En tant que grossiste en souvenirs, nous travaillons pour fournir des articles authentiques et culturellement pertinents qui servent de souvenirs significatifs pour les touristes souhaitant ramener un morceau de la Grande Canarie chez eux.<\/p>\n","protected":false},"excerpt":{"rendered":"<p>Bol en noix de coco bleu, d\u00e9cor\u00e9 d&rsquo;un motif de salamandre, typique de la Grande Canarie. Ce bol \u00e9l\u00e9gant se distingue par sa finition brillante et sa peinture \u00e0 la main, o\u00f9 le dor\u00e9 ressort sur un fond bleu vibrant et un r\u00e9seau de textures \u00e9voquant la nature de l&rsquo;\u00eele. Avec l&rsquo;inscription \u00ab\u00a0Gran Canaria\u00a0\u00bb, c&rsquo;est une pi\u00e8ce id\u00e9ale pour apporter une touche d&rsquo;art canarien \u00e0 n&rsquo;importe quel int\u00e9rieur.<\/p>\n","protected":false},"featured_media":10119,"template":"","meta":{"_acf_changed":false},"product_brand":[],"product_cat":[521],"product_tag":[530],"class_list":{"0":"post-28775","1":"product","2":"type-product","3":"status-publish","4":"has-post-thumbnail","6":"product_cat-bols","7":"product_tag-animaux","8":"pa_ciudad-gran-canaria","9":"pa_motivo-salamandres","10":"pa_pais-espana","12":"first","13":"instock","14":"shipping-taxable","15":"product-type-simple"},"acf":[],"_links":{"self":[{"href":"https:\/\/olemosaic.com\/fr\/wp-json\/wp\/v2\/product\/28775","targetHints":{"allow":["GET"]}}],"collection":[{"href":"https:\/\/olemosaic.com\/fr\/wp-json\/wp\/v2\/product"}],"about":[{"href":"https:\/\/olemosaic.com\/fr\/wp-json\/wp\/v2\/types\/product"}],"wp:featuredmedia":[{"embeddable":true,"href":"https:\/\/olemosaic.com\/fr\/wp-json\/wp\/v2\/media\/10119"}],"wp:attachment":[{"href":"https:\/\/olemosaic.com\/fr\/wp-json\/wp\/v2\/media?parent=28775"}],"wp:term":[{"taxonomy":"product_brand","embeddable":true,"href":"https:\/\/olemosaic.com\/fr\/wp-json\/wp\/v2\/product_brand?post=28775"},{"taxonomy":"product_cat","embeddable":true,"href":"https:\/\/olemosaic.com\/fr\/wp-json\/wp\/v2\/product_cat?post=28775"},{"taxonomy":"product_tag","embeddable":true,"href":"https:\/\/olemosaic.com\/fr\/wp-json\/wp\/v2\/product_tag?post=28775"}],"curies":[{"name":"wp","href":"https:\/\/api.w.org\/{rel}","templated":true}]}}