{"id":28774,"date":"2025-02-20T22:30:23","date_gmt":"2025-02-20T22:30:23","guid":{"rendered":"http:\/\/olemosaic.com\/producto\/bol-de-coco-naranja-caballito-de-mar-barcelona\/"},"modified":"2025-07-25T19:15:11","modified_gmt":"2025-07-25T17:15:11","slug":"bol-noix-de-coco-orange-hippocampe-barcelone","status":"publish","type":"product","link":"https:\/\/olemosaic.com\/fr\/produit\/bol-noix-de-coco-orange-hippocampe-barcelone\/","title":{"rendered":"Bol en noix de coco orange. Hippocampe. Barcelone."},"content":{"rendered":"<p>Ce bol en noix de coco orange est une pi\u00e8ce unique qui capture l&rsquo;essence de la beaut\u00e9 marine de Barcelone. D\u00e9cor\u00e9 d&rsquo;un motif complexe d&rsquo;hippocampe, ce produit \u00e9voque l&rsquo;esprit de la M\u00e9diterran\u00e9e \u00e0 travers sa finition brillante et ses motifs en relief, rappelant la riche tradition artisanale de la r\u00e9gion. La figure de l&rsquo;hippocampe, symbole de la vie marine, est m\u00e9ticuleusement repr\u00e9sent\u00e9e au centre, entour\u00e9e de d\u00e9tails d\u00e9licats qui refl\u00e8tent le mouvement de l&rsquo;eau. Juste en dessous, l&rsquo;inscription \u00ab\u00a0Barcelona\u00a0\u00bb souligne son lien direct avec la ville, en faisant le souvenir parfait pour ceux qui visitent cette destination vibrante.<\/p>\n<p>Son design est non seulement visuellement attrayant, mais aussi fonctionnel ; ce bol est id\u00e9al pour servir des ap\u00e9ritifs ou comme \u00e9l\u00e9ment d\u00e9coratif dans n&rsquo;importe quelle maison, apportant une touche c\u00f4ti\u00e8re et chaleureuse. Ce souvenir est une excellente option pour les touristes \u00e0 la recherche d&rsquo;un article authentique et utile, leur permettant d&#8217;emporter un morceau de la culture catalane avec eux. Chez Ol\u00e9 Mosaic, nous sommes fiers de distribuer des souvenirs de qualit\u00e9, et ce bol en noix de coco se distingue comme un article phare de notre collection. C&rsquo;est le cadeau id\u00e9al pour les boutiques de souvenirs touristiques souhaitant proposer des produits qui mettent en valeur l&rsquo;h\u00e9ritage culturel et la beaut\u00e9 de Barcelone.<\/p>\n","protected":false},"excerpt":{"rendered":"<p>Bol en noix de coco dans les tons orang\u00e9s, d\u00e9cor\u00e9 d&rsquo;un \u00e9l\u00e9gant motif d&rsquo;hippocampe, repr\u00e9sentant la beaut\u00e9 marine de Barcelone. Ce produit se distingue par sa finition brillante et ses motifs complexes en relief, \u00e9voquant l&rsquo;art artisanal de la r\u00e9gion. L&rsquo;inscription \u00ab\u00a0Barcelona\u00a0\u00bb au centre souligne son lien avec la ville. Id\u00e9al comme souvenir, ce bol est \u00e0 la fois fonctionnel et d\u00e9coratif, capturant l&rsquo;essence de la M\u00e9diterran\u00e9e.<\/p>\n","protected":false},"featured_media":10141,"template":"","meta":{"_acf_changed":false},"product_brand":[],"product_cat":[521],"product_tag":[530],"class_list":{"0":"post-28774","1":"product","2":"type-product","3":"status-publish","4":"has-post-thumbnail","6":"product_cat-bols","7":"product_tag-animaux","8":"pa_ciudad-barcelona","9":"pa_motivo-hippocampes","10":"pa_pais-espana","12":"first","13":"instock","14":"shipping-taxable","15":"product-type-simple"},"acf":[],"_links":{"self":[{"href":"https:\/\/olemosaic.com\/fr\/wp-json\/wp\/v2\/product\/28774","targetHints":{"allow":["GET"]}}],"collection":[{"href":"https:\/\/olemosaic.com\/fr\/wp-json\/wp\/v2\/product"}],"about":[{"href":"https:\/\/olemosaic.com\/fr\/wp-json\/wp\/v2\/types\/product"}],"wp:featuredmedia":[{"embeddable":true,"href":"https:\/\/olemosaic.com\/fr\/wp-json\/wp\/v2\/media\/10141"}],"wp:attachment":[{"href":"https:\/\/olemosaic.com\/fr\/wp-json\/wp\/v2\/media?parent=28774"}],"wp:term":[{"taxonomy":"product_brand","embeddable":true,"href":"https:\/\/olemosaic.com\/fr\/wp-json\/wp\/v2\/product_brand?post=28774"},{"taxonomy":"product_cat","embeddable":true,"href":"https:\/\/olemosaic.com\/fr\/wp-json\/wp\/v2\/product_cat?post=28774"},{"taxonomy":"product_tag","embeddable":true,"href":"https:\/\/olemosaic.com\/fr\/wp-json\/wp\/v2\/product_tag?post=28774"}],"curies":[{"name":"wp","href":"https:\/\/api.w.org\/{rel}","templated":true}]}}