{"id":28768,"date":"2025-02-20T23:30:23","date_gmt":"2025-02-20T22:30:23","guid":{"rendered":"http:\/\/olemosaic.com\/producto\/bol-de-coco-beige-sardina-2\/"},"modified":"2025-07-25T19:28:06","modified_gmt":"2025-07-25T17:28:06","slug":"bol-noix-de-coco-beige-sardine-azulejos","status":"publish","type":"product","link":"https:\/\/olemosaic.com\/fr\/produit\/bol-noix-de-coco-beige-sardine-azulejos\/","title":{"rendered":"Bol en noix de coco beige. Sardine. Azulejos portugais."},"content":{"rendered":"<p>Ce bol en noix de coco de couleur beige est un exemple exquis de l&rsquo;artisanat traditionnel des c\u00f4tes espagnoles, parfait aussi bien pour la maison que pour se souvenir de votre voyage. Fabriqu\u00e9 en mat\u00e9riau de noix de coco, le bol se distingue par son design \u00e9l\u00e9gant d\u00e9cor\u00e9 d&rsquo;un charmant motif de sardine au centre, symbolisant la riche culture de la p\u00eache de la r\u00e9gion. Ses bords sont finement finis, apportant une touche sophistiqu\u00e9e \u00e0 son esth\u00e9tique naturelle. Le motif de mosa\u00efque qui encadre l&rsquo;int\u00e9rieur du bol souligne le savoir-faire artisanal, combinant avec \u00e9l\u00e9gance les tons de la noix de coco et cr\u00e9ant un effet visuel percutant qui attire l&rsquo;attention.<\/p>\n<p>Ce bol n&rsquo;est pas seulement fonctionnel, il sert \u00e9galement de souvenir authentique et significatif des traditions c\u00f4ti\u00e8res, constituant un excellent souvenir pour les touristes \u00e0 la recherche de quelque chose d&rsquo;unique. Dans la culture espagnole, la sardine est \u00e9troitement li\u00e9e \u00e0 la gastronomie et aux festivit\u00e9s populaires, ce qui enrichit sa valeur \u00e9motionnelle et culturelle. Chez Ol\u00e9 Mosaic, notre engagement est de fournir des souvenirs en gros qui c\u00e9l\u00e8brent l&rsquo;authenticit\u00e9 et l&rsquo;h\u00e9ritage culturel. Ce bol en noix de coco est, sans aucun doute, une merveilleuse option pour les boutiques de cadeaux touristiques souhaitant proposer des produits de qualit\u00e9 et porteurs de sens.<\/p>\n","protected":false},"excerpt":{"rendered":"<p>Bol en noix de coco de couleur beige, d\u00e9cor\u00e9 d&rsquo;un charmant motif de sardine au centre. Ce bol \u00e9l\u00e9gant, fabriqu\u00e9 en mat\u00e9riau de noix de coco, pr\u00e9sente un design avec des d\u00e9tails en mosa\u00efque refl\u00e9tant la riche tradition artisanale de la r\u00e9gion. Les bords sont finement finis et son design tr\u00e8s sp\u00e9cial \u00e9voque le lien avec la culture de la p\u00eache, en faisant un objet id\u00e9al pour la maison ou comme souvenir repr\u00e9sentatif des c\u00f4tes espagnoles.<\/p>\n","protected":false},"featured_media":11851,"template":"","meta":{"_acf_changed":false},"product_brand":[],"product_cat":[521],"product_tag":[530],"class_list":{"0":"post-28768","1":"product","2":"type-product","3":"status-publish","4":"has-post-thumbnail","6":"product_cat-bols","7":"product_tag-animaux","8":"pa_motivo-sardines","10":"first","11":"instock","12":"shipping-taxable","13":"product-type-simple"},"acf":[],"_links":{"self":[{"href":"https:\/\/olemosaic.com\/fr\/wp-json\/wp\/v2\/product\/28768","targetHints":{"allow":["GET"]}}],"collection":[{"href":"https:\/\/olemosaic.com\/fr\/wp-json\/wp\/v2\/product"}],"about":[{"href":"https:\/\/olemosaic.com\/fr\/wp-json\/wp\/v2\/types\/product"}],"wp:featuredmedia":[{"embeddable":true,"href":"https:\/\/olemosaic.com\/fr\/wp-json\/wp\/v2\/media\/11851"}],"wp:attachment":[{"href":"https:\/\/olemosaic.com\/fr\/wp-json\/wp\/v2\/media?parent=28768"}],"wp:term":[{"taxonomy":"product_brand","embeddable":true,"href":"https:\/\/olemosaic.com\/fr\/wp-json\/wp\/v2\/product_brand?post=28768"},{"taxonomy":"product_cat","embeddable":true,"href":"https:\/\/olemosaic.com\/fr\/wp-json\/wp\/v2\/product_cat?post=28768"},{"taxonomy":"product_tag","embeddable":true,"href":"https:\/\/olemosaic.com\/fr\/wp-json\/wp\/v2\/product_tag?post=28768"}],"curies":[{"name":"wp","href":"https:\/\/api.w.org\/{rel}","templated":true}]}}