{"id":28764,"date":"2025-02-20T22:30:22","date_gmt":"2025-02-20T22:30:22","guid":{"rendered":"http:\/\/olemosaic.com\/producto\/bol-de-coco-naranja-tortuga-gran-canaria\/"},"modified":"2025-07-25T18:50:00","modified_gmt":"2025-07-25T16:50:00","slug":"bol-noix-de-coco-orange-tortue-gran-canaria","status":"publish","type":"product","link":"https:\/\/olemosaic.com\/fr\/produit\/bol-noix-de-coco-orange-tortue-gran-canaria\/","title":{"rendered":"Bol en noix de coco orange. Tortue. Gran Canaria."},"content":{"rendered":"<p>Ce bol en noix de coco orange est un v\u00e9ritable bijou artisanal qui capture l&rsquo;essence de la vie marine de Gran Canaria. Son design brillant met en valeur un d\u00e9licat motif de tortue, symbole de la riche biodiversit\u00e9 et de la beaut\u00e9 naturelle de l&rsquo;archipel des Canaries. Grav\u00e9 \u00e0 l&rsquo;int\u00e9rieur du bol, le texte \u00ab\u00a0Gran Canaria\u00a0\u00bb souligne l&rsquo;identit\u00e9 du souvenir, en faisant un rappel m\u00e9morable de votre visite dans ces \u00eeles paradisiaques.<\/p>\n<p>Le bol pr\u00e9sente une finition \u00e9clatante qui joue avec les tons chauds de l&rsquo;orange et un motif de maille rappelant les textures des eaux entourant l&rsquo;\u00eele. Cette pi\u00e8ce est non seulement id\u00e9ale pour d\u00e9corer la table, mais peut \u00e9galement \u00eatre utilis\u00e9e au quotidien, apportant une touche authentique \u00e0 n&rsquo;importe quel foyer. Sa fabrication artisanale garantit un produit exclusif et unique, refl\u00e9tant l&rsquo;amour de la tradition et de la nature qui caract\u00e9rise Gran Canaria.<\/p>\n<p>Chez Ol\u00e9 Mosaic, nous comprenons l&rsquo;importance d&rsquo;offrir des souvenirs ayant une signification culturelle et un ancrage dans le lieu d&rsquo;origine. Ce bol en noix de coco est une excellente option pour les touristes \u00e0 la recherche de souvenirs authentiques de Gran Canaria, ainsi que pour les boutiques de cadeaux touristiques souhaitant ajouter \u00e0 leur catalogue des produits qui cr\u00e9ent un lien \u00e9motionnel avec leurs clients. En tant que distributeurs de souvenirs de haute qualit\u00e9, nous garantissons que chaque pi\u00e8ce refl\u00e8te l&rsquo;authenticit\u00e9 et le charme de la culture canarienne.<\/p>\n","protected":false},"excerpt":{"rendered":"<p>Bol en noix de coco orange avec un design \u00e9voquant la vie marine de Gran Canaria. Ce produit artisanal pr\u00e9sente une finition brillante qui rehausse un d\u00e9licat motif de tortue et le texte \u00ab\u00a0Gran Canaria\u00a0\u00bb grav\u00e9 \u00e0 l&rsquo;int\u00e9rieur. Ses tons chauds et son motif de maille lui donnent une touche distinctive, parfaite comme pi\u00e8ce d\u00e9corative ou pour un usage quotidien. Un souvenir id\u00e9al qui capture l&rsquo;essence de l&rsquo;archipel des Canaries.<\/p>\n","protected":false},"featured_media":10161,"template":"","meta":{"_acf_changed":false},"product_brand":[],"product_cat":[521],"product_tag":[530],"class_list":{"0":"post-28764","1":"product","2":"type-product","3":"status-publish","4":"has-post-thumbnail","6":"product_cat-bols","7":"product_tag-animaux","8":"pa_ciudad-gran-canaria","9":"pa_motivo-tortues","10":"pa_pais-espana","12":"first","13":"instock","14":"shipping-taxable","15":"product-type-simple"},"acf":[],"_links":{"self":[{"href":"https:\/\/olemosaic.com\/fr\/wp-json\/wp\/v2\/product\/28764","targetHints":{"allow":["GET"]}}],"collection":[{"href":"https:\/\/olemosaic.com\/fr\/wp-json\/wp\/v2\/product"}],"about":[{"href":"https:\/\/olemosaic.com\/fr\/wp-json\/wp\/v2\/types\/product"}],"wp:featuredmedia":[{"embeddable":true,"href":"https:\/\/olemosaic.com\/fr\/wp-json\/wp\/v2\/media\/10161"}],"wp:attachment":[{"href":"https:\/\/olemosaic.com\/fr\/wp-json\/wp\/v2\/media?parent=28764"}],"wp:term":[{"taxonomy":"product_brand","embeddable":true,"href":"https:\/\/olemosaic.com\/fr\/wp-json\/wp\/v2\/product_brand?post=28764"},{"taxonomy":"product_cat","embeddable":true,"href":"https:\/\/olemosaic.com\/fr\/wp-json\/wp\/v2\/product_cat?post=28764"},{"taxonomy":"product_tag","embeddable":true,"href":"https:\/\/olemosaic.com\/fr\/wp-json\/wp\/v2\/product_tag?post=28764"}],"curies":[{"name":"wp","href":"https:\/\/api.w.org\/{rel}","templated":true}]}}