{"id":28753,"date":"2025-02-20T23:30:22","date_gmt":"2025-02-20T22:30:22","guid":{"rendered":"http:\/\/olemosaic.com\/producto\/bol-de-coco-de-corazones-mano\/"},"modified":"2025-07-25T20:26:57","modified_gmt":"2025-07-25T18:26:57","slug":"bol-noix-de-coco-coeurs-main","status":"publish","type":"product","link":"https:\/\/olemosaic.com\/fr\/produit\/bol-noix-de-coco-coeurs-main\/","title":{"rendered":"Bol en noix de coco c\u0153urs. Main."},"content":{"rendered":"<p>Ce bol en noix de coco est un produit singulier qui incarne l&rsquo;essence de la richesse culturelle espagnole. Avec une magnifique d\u00e9coration de c\u0153urs dans les tons bleus et ocres, son design en mosa\u00efque lui conf\u00e8re une touche vibrante et captivante. Au centre se d\u00e9tache une main, symbole universel de protection et de bonne fortune, qui non seulement orne le bol, mais refl\u00e8te \u00e9galement l&rsquo;h\u00e9ritage artisanal de la r\u00e9gion. La structure en noix de coco, l\u00e9g\u00e8re et exotique, fait de ce bol une option id\u00e9ale tant pour un usage pratique que d\u00e9coratif, permettant aux touristes de l&rsquo;utiliser dans leurs foyers comme souvenir de leur visite.<\/p>\n<p>Chaque bol est une pi\u00e8ce unique, dont l&rsquo;esth\u00e9tique fusionne tradition et modernit\u00e9, id\u00e9ale pour ceux qui recherchent des souvenirs racontant une histoire. Sa pertinence culturelle r\u00e9side dans son symbolisme de chance, transmis de g\u00e9n\u00e9ration en g\u00e9n\u00e9ration dans de nombreuses communaut\u00e9s. Chez Ol\u00e9 Mosaic, nous sommes fiers d&rsquo;\u00eatre des distributeurs en gros de ces souvenirs authentiques, parfaits pour les boutiques de cadeaux touristiques souhaitant offrir des produits refl\u00e9tant la culture espagnole. Ce bol en noix de coco n&rsquo;est pas seulement un souvenir, mais un v\u00e9ritable morceau d&rsquo;Espagne qui ravira tout le monde.<\/p>\n","protected":false},"excerpt":{"rendered":"<p>Bol en noix de coco artisanal avec une belle d\u00e9coration de c\u0153urs dans les tons bleus et ocres. Ce bol original pr\u00e9sente un design en mosa\u00efque sur sa surface, avec une main au centre, symbolisant la protection et la chance. Id\u00e9al aussi bien pour d\u00e9corer que pour utiliser, sa structure en noix de coco apporte l\u00e9g\u00e8ret\u00e9 et une touche exotique. Parfait comme cadeau ou souvenir \u00e9voquant la riche culture artisanale espagnole.<\/p>\n","protected":false},"featured_media":13484,"template":"","meta":{"_acf_changed":false},"product_brand":[],"product_cat":[521],"product_tag":[],"class_list":{"0":"post-28753","1":"product","2":"type-product","3":"status-publish","4":"has-post-thumbnail","6":"product_cat-bols","7":"pa_motivo-mains","9":"first","10":"instock","11":"shipping-taxable","12":"product-type-simple"},"acf":[],"_links":{"self":[{"href":"https:\/\/olemosaic.com\/fr\/wp-json\/wp\/v2\/product\/28753","targetHints":{"allow":["GET"]}}],"collection":[{"href":"https:\/\/olemosaic.com\/fr\/wp-json\/wp\/v2\/product"}],"about":[{"href":"https:\/\/olemosaic.com\/fr\/wp-json\/wp\/v2\/types\/product"}],"wp:featuredmedia":[{"embeddable":true,"href":"https:\/\/olemosaic.com\/fr\/wp-json\/wp\/v2\/media\/13484"}],"wp:attachment":[{"href":"https:\/\/olemosaic.com\/fr\/wp-json\/wp\/v2\/media?parent=28753"}],"wp:term":[{"taxonomy":"product_brand","embeddable":true,"href":"https:\/\/olemosaic.com\/fr\/wp-json\/wp\/v2\/product_brand?post=28753"},{"taxonomy":"product_cat","embeddable":true,"href":"https:\/\/olemosaic.com\/fr\/wp-json\/wp\/v2\/product_cat?post=28753"},{"taxonomy":"product_tag","embeddable":true,"href":"https:\/\/olemosaic.com\/fr\/wp-json\/wp\/v2\/product_tag?post=28753"}],"curies":[{"name":"wp","href":"https:\/\/api.w.org\/{rel}","templated":true}]}}