{"id":28752,"date":"2025-02-20T22:30:21","date_gmt":"2025-02-20T22:30:21","guid":{"rendered":"http:\/\/olemosaic.com\/producto\/bol-de-coco-caballito-de-mar-lanzarote\/"},"modified":"2025-07-25T19:06:48","modified_gmt":"2025-07-25T17:06:48","slug":"bol-noix-de-coco-hippocampe-lanzarote","status":"publish","type":"product","link":"https:\/\/olemosaic.com\/fr\/produit\/bol-noix-de-coco-hippocampe-lanzarote\/","title":{"rendered":"Bol en noix de coco. Hippocampe. Lanzarote."},"content":{"rendered":"<p>Ce bol en noix de coco, orn\u00e9 d&rsquo;une mosa\u00efque de couleurs vibrantes, est une pi\u00e8ce artisanale qui capture l&rsquo;essence unique de Lanzarote. Sa base, \u00e9labor\u00e9e \u00e0 partir d&rsquo;une coque de noix de coco, pr\u00e9sente une mosa\u00efque de verre attrayante dans les tons bleus, roses et oranges qui \u00e9voquent les paysages marins et les couleurs vibrantes des eaux canariennes. Au centre, un d\u00e9licat hippocampe se d\u00e9tache, peint dans un ton brun doux, symbolisant la riche faune marine de la r\u00e9gion, ajoutant une touche de charme et de sophistication \u00e0 cette pi\u00e8ce. Chaque bol est unique, fruit du talent d&rsquo;artisans locaux qui allient tradition et cr\u00e9ativit\u00e9 pour offrir un souvenir authentique.<\/p>\n<p>Ce bol est non seulement id\u00e9al pour \u00eatre utilis\u00e9 comme r\u00e9cipient d\u00e9coratif dans la maison, mais il est \u00e9galement parfait pour \u00eatre expos\u00e9 dans n&rsquo;importe quel coin, devenant un sujet de conversation qui rappelle les merveilles de l&rsquo;oc\u00e9an. Sa forte connexion culturelle avec Lanzarote en fait un cadeau m\u00e9morable pour ceux qui cherchent \u00e0 emporter un morceau de cette \u00eele magnifique. Chez Ol\u00e9 Mosaic, nous nous engageons dans la distribution de souvenirs de qualit\u00e9 en gros, et ce bol en noix de coco est une excellente option pour les boutiques de cadeaux touristiques qui appr\u00e9cient l&rsquo;authenticit\u00e9 et le design artisanal.<\/p>\n","protected":false},"excerpt":{"rendered":"<p>Bol en noix de coco con\u00e7u avec une mosa\u00efque de couleurs vibrantes repr\u00e9sentant un d\u00e9licat hippocampe, typique de Lanzarote. Fabriqu\u00e9 artisanalement, ce bol pr\u00e9sente une base en noix de coco d\u00e9cor\u00e9e de pi\u00e8ces de verre dans les tons bleus, roses et oranges, cr\u00e9ant un effet visuel attrayant et textur\u00e9. L&rsquo;hippocampe, peint dans un ton brun doux, se d\u00e9tache au centre, ajoutant un charme marin \u00e0 cette pi\u00e8ce d\u00e9corative. Id\u00e9al pour l&rsquo;exposition ou comme r\u00e9cipient utile dans la maison.<\/p>\n","protected":false},"featured_media":11977,"template":"","meta":{"_acf_changed":false},"product_brand":[],"product_cat":[521],"product_tag":[530],"class_list":{"0":"post-28752","1":"product","2":"type-product","3":"status-publish","4":"has-post-thumbnail","6":"product_cat-bols","7":"product_tag-animaux","8":"pa_ciudad-lanzarote","9":"pa_motivo-hippocampes","10":"pa_pais-espana","12":"first","13":"instock","14":"shipping-taxable","15":"product-type-simple"},"acf":[],"_links":{"self":[{"href":"https:\/\/olemosaic.com\/fr\/wp-json\/wp\/v2\/product\/28752","targetHints":{"allow":["GET"]}}],"collection":[{"href":"https:\/\/olemosaic.com\/fr\/wp-json\/wp\/v2\/product"}],"about":[{"href":"https:\/\/olemosaic.com\/fr\/wp-json\/wp\/v2\/types\/product"}],"wp:featuredmedia":[{"embeddable":true,"href":"https:\/\/olemosaic.com\/fr\/wp-json\/wp\/v2\/media\/11977"}],"wp:attachment":[{"href":"https:\/\/olemosaic.com\/fr\/wp-json\/wp\/v2\/media?parent=28752"}],"wp:term":[{"taxonomy":"product_brand","embeddable":true,"href":"https:\/\/olemosaic.com\/fr\/wp-json\/wp\/v2\/product_brand?post=28752"},{"taxonomy":"product_cat","embeddable":true,"href":"https:\/\/olemosaic.com\/fr\/wp-json\/wp\/v2\/product_cat?post=28752"},{"taxonomy":"product_tag","embeddable":true,"href":"https:\/\/olemosaic.com\/fr\/wp-json\/wp\/v2\/product_tag?post=28752"}],"curies":[{"name":"wp","href":"https:\/\/api.w.org\/{rel}","templated":true}]}}