{"id":28751,"date":"2025-02-20T22:30:21","date_gmt":"2025-02-20T22:30:21","guid":{"rendered":"http:\/\/olemosaic.com\/producto\/bol-de-coco-de-corazones-salamandra-gran-canaria\/"},"modified":"2025-07-25T19:55:52","modified_gmt":"2025-07-25T17:55:52","slug":"bol-noix-de-coco-coeurs-salamandre-grande-canarie","status":"publish","type":"product","link":"https:\/\/olemosaic.com\/fr\/produit\/bol-noix-de-coco-coeurs-salamandre-grande-canarie\/","title":{"rendered":"Bol en noix de coco c\u0153urs. Salamandre. Grande Canarie."},"content":{"rendered":"<p>Ce bol d\u00e9coratif en noix de coco, inspir\u00e9 par la riche faune de Grande Canarie, est un v\u00e9ritable tr\u00e9sor culturel qui capture l&rsquo;essence des \u00eeles Canaries. \u00c9labor\u00e9 avec un design exceptionnel, ce bol singulier pr\u00e9sente une finition nacr\u00e9e avec des motifs attachants de salamandres en l\u00e9ger relief, symbolisant la diversit\u00e9 naturelle de l&rsquo;\u00eele. Les c\u0153urs vibrants dans les tons bleu et orange qui ornent son int\u00e9rieur ajoutent une touche de couleur et repr\u00e9sentent l&rsquo;amour pour la nature et la vie qui caract\u00e9risent la Grande Canarie. Au centre, le texte \u00ab\u00a0Gran Canaria\u00a0\u00bb se d\u00e9tache \u00e9l\u00e9gamment, cr\u00e9ant un lien \u00e9mouvant avec le lieu d&rsquo;origine.<\/p>\n<p>Ce bol n&rsquo;est pas seulement une pi\u00e8ce d\u00e9corative, mais un authentique souvenir, id\u00e9al pour ceux qui souhaitent ramener chez eux un morceau de la beaut\u00e9 canarienne. Son design artisanal refl\u00e8te le d\u00e9vouement et l&rsquo;art local, en faisant un souvenir repr\u00e9sentatif qui ravira les touristes et les collectionneurs. Chez Ol\u00e9 Mosaic, en tant que grossistes de souvenirs, nous proposons ce bol d\u00e9coratif en noix de coco comme une option id\u00e9ale pour les boutiques de cadeaux touristiques souhaitant offrir des produits uniques et culturellement significatifs. Un souvenir parfait pour se rappeler la beaut\u00e9 naturelle et la chaleur de la Grande Canarie.<\/p>\n","protected":false},"excerpt":{"rendered":"<p>Bol d\u00e9coratif en noix de coco, inspir\u00e9 par la faune de Grande Canarie et orn\u00e9 de c\u0153urs dans les tons bleu et orange. Ce bol singulier, fabriqu\u00e9 artisanalement, pr\u00e9sente des motifs de salamandres en l\u00e9ger relief et l&rsquo;inscription \u00ab\u00a0Gran Canaria\u00a0\u00bb, le tout avec une \u00e9l\u00e9gante finition nacr\u00e9e. Avec son design exceptionnel et color\u00e9, c&rsquo;est un souvenir parfait pour se rappeler la beaut\u00e9 naturelle des \u00eeles Canaries.<\/p>\n","protected":false},"featured_media":10333,"template":"","meta":{"_acf_changed":false},"product_brand":[],"product_cat":[521],"product_tag":[530],"class_list":{"0":"post-28751","1":"product","2":"type-product","3":"status-publish","4":"has-post-thumbnail","6":"product_cat-bols","7":"product_tag-animaux","8":"pa_ciudad-gran-canaria","9":"pa_motivo-salamandres","10":"pa_pais-espana","12":"first","13":"instock","14":"shipping-taxable","15":"product-type-simple"},"acf":[],"_links":{"self":[{"href":"https:\/\/olemosaic.com\/fr\/wp-json\/wp\/v2\/product\/28751","targetHints":{"allow":["GET"]}}],"collection":[{"href":"https:\/\/olemosaic.com\/fr\/wp-json\/wp\/v2\/product"}],"about":[{"href":"https:\/\/olemosaic.com\/fr\/wp-json\/wp\/v2\/types\/product"}],"wp:featuredmedia":[{"embeddable":true,"href":"https:\/\/olemosaic.com\/fr\/wp-json\/wp\/v2\/media\/10333"}],"wp:attachment":[{"href":"https:\/\/olemosaic.com\/fr\/wp-json\/wp\/v2\/media?parent=28751"}],"wp:term":[{"taxonomy":"product_brand","embeddable":true,"href":"https:\/\/olemosaic.com\/fr\/wp-json\/wp\/v2\/product_brand?post=28751"},{"taxonomy":"product_cat","embeddable":true,"href":"https:\/\/olemosaic.com\/fr\/wp-json\/wp\/v2\/product_cat?post=28751"},{"taxonomy":"product_tag","embeddable":true,"href":"https:\/\/olemosaic.com\/fr\/wp-json\/wp\/v2\/product_tag?post=28751"}],"curies":[{"name":"wp","href":"https:\/\/api.w.org\/{rel}","templated":true}]}}