{"id":28749,"date":"2025-02-20T22:30:21","date_gmt":"2025-02-20T22:30:21","guid":{"rendered":"http:\/\/olemosaic.com\/producto\/bol-de-coco-delfin-fuerteventura\/"},"modified":"2025-07-25T18:49:29","modified_gmt":"2025-07-25T16:49:29","slug":"bol-noix-de-coco-dauphin-fuerteventura","status":"publish","type":"product","link":"https:\/\/olemosaic.com\/fr\/produit\/bol-noix-de-coco-dauphin-fuerteventura\/","title":{"rendered":"Bol en noix de coco. Dauphin. Fuerteventura."},"content":{"rendered":"<p>Ce bol d\u00e9coratif en noix de coco, inspir\u00e9 par la beaut\u00e9 marine de Fuerteventura, est une pi\u00e8ce unique qui capture l&rsquo;essence des \u00eeles Canaries. Son design en mosa\u00efque pr\u00e9sente des fragments color\u00e9s aux tons vibrants de bleu, de rose et de dor\u00e9, \u00e9voquant les eaux cristallines et le paysage tropical de l&rsquo;\u00eele. La surface int\u00e9rieure, d&rsquo;un blanc pur, souligne les d\u00e9tails de la mosa\u00efque, cr\u00e9ant un contraste attrayant qui enrichira la d\u00e9coration de n&rsquo;importe quel espace.<\/p>\n<p>Le bol pr\u00e9sente un charmant motif de dauphin, symbole embl\u00e9matique de Fuerteventura et de la riche biodiversit\u00e9 marine qui l&rsquo;entoure. Cet \u00e9l\u00e9ment d\u00e9coratif est non seulement id\u00e9al pour servir des ap\u00e9ritifs ou des fruits, mais il fonctionne \u00e9galement comme une magnifique pi\u00e8ce de d\u00e9coration qui rehaussera n&rsquo;importe quelle ambiance. Parfait pour ceux qui recherchent des souvenirs de qualit\u00e9, ce bol s&rsquo;impose comme un beau souvenir qui pr\u00e9serve la culture et la nature des \u00eeles Canaries.<\/p>\n<p>Ol\u00e9 Mosaic, en tant que distributeur de souvenirs en gros, propose cette pi\u00e8ce authentique qui allie artisanat et pertinence culturelle, constituant une excellente option pour les boutiques de cadeaux touristiques souhaitant offrir des produits repr\u00e9sentatifs de la beaut\u00e9 canarienne. Le bol d\u00e9coratif en noix de coco est un cadeau parfait qui perp\u00e9tue l&rsquo;esprit de Fuerteventura, devenant un symbole de la mer et de la culture locale pour tous ceux qui visitent l&rsquo;\u00eele.<\/p>\n","protected":false},"excerpt":{"rendered":"<p>Bol d\u00e9coratif en noix de coco, inspir\u00e9 par la beaut\u00e9 marine de Fuerteventura. Ce bol original pr\u00e9sente un design attrayant en mosa\u00efque avec des fragments color\u00e9s dans les tons bleus, roses et dor\u00e9s, cr\u00e9ant un effet visuel vibrant. La surface int\u00e9rieure est blanche, ce qui fait ressortir les d\u00e9tails. Son motif de dauphin, embl\u00e9matique de l&rsquo;\u00eele, lui apporte une touche distinctive. Id\u00e9al pour servir ou comme pi\u00e8ce d\u00e9corative, ce bol est un beau souvenir des Canaries.<\/p>\n","protected":false},"featured_media":11970,"template":"","meta":{"_acf_changed":false},"product_brand":[],"product_cat":[521],"product_tag":[530],"class_list":{"0":"post-28749","1":"product","2":"type-product","3":"status-publish","4":"has-post-thumbnail","6":"product_cat-bols","7":"product_tag-animaux","8":"pa_ciudad-fuerteventura","9":"pa_motivo-dauphins","10":"pa_pais-espana","12":"first","13":"instock","14":"shipping-taxable","15":"product-type-simple"},"acf":[],"_links":{"self":[{"href":"https:\/\/olemosaic.com\/fr\/wp-json\/wp\/v2\/product\/28749","targetHints":{"allow":["GET"]}}],"collection":[{"href":"https:\/\/olemosaic.com\/fr\/wp-json\/wp\/v2\/product"}],"about":[{"href":"https:\/\/olemosaic.com\/fr\/wp-json\/wp\/v2\/types\/product"}],"wp:featuredmedia":[{"embeddable":true,"href":"https:\/\/olemosaic.com\/fr\/wp-json\/wp\/v2\/media\/11970"}],"wp:attachment":[{"href":"https:\/\/olemosaic.com\/fr\/wp-json\/wp\/v2\/media?parent=28749"}],"wp:term":[{"taxonomy":"product_brand","embeddable":true,"href":"https:\/\/olemosaic.com\/fr\/wp-json\/wp\/v2\/product_brand?post=28749"},{"taxonomy":"product_cat","embeddable":true,"href":"https:\/\/olemosaic.com\/fr\/wp-json\/wp\/v2\/product_cat?post=28749"},{"taxonomy":"product_tag","embeddable":true,"href":"https:\/\/olemosaic.com\/fr\/wp-json\/wp\/v2\/product_tag?post=28749"}],"curies":[{"name":"wp","href":"https:\/\/api.w.org\/{rel}","templated":true}]}}