{"id":28737,"date":"2025-02-20T23:30:21","date_gmt":"2025-02-20T22:30:21","guid":{"rendered":"http:\/\/olemosaic.com\/producto\/bol-de-coco-salamandra-lanzarote\/"},"modified":"2025-07-25T20:27:37","modified_gmt":"2025-07-25T18:27:37","slug":"bol-noix-de-coco-salamandre-lanzarote","status":"publish","type":"product","link":"https:\/\/olemosaic.com\/fr\/produit\/bol-noix-de-coco-salamandre-lanzarote\/","title":{"rendered":"Bol en noix de coco. Salamandre. Lanzarote."},"content":{"rendered":"<p>Ce bol d\u00e9coratif en noix de coco, inspir\u00e9 par la beaut\u00e9 naturelle de Lanzarote, est une pi\u00e8ce unique qui capture l&rsquo;essence vibrante de l&rsquo;\u00eele. Confectionn\u00e9 avec soin, le bol pr\u00e9sente une mosa\u00efque color\u00e9e de petites pi\u00e8ces dans les tons rose, bleu et marron, qui \u00e9voquent les paysages volcaniques et la riche biodiversit\u00e9 de Lanzarote. Au centre se d\u00e9tache une \u00e9l\u00e9gante illustration d&rsquo;une salamandre, symbole caract\u00e9ristique de la faune locale, qui ajoute une touche d&rsquo;authenticit\u00e9 et de connexion avec l&rsquo;environnement naturel de l&rsquo;\u00eele.<\/p>\n<p>Chaque bol est peint \u00e0 la main, ce qui garantit que chaque pi\u00e8ce est unique, refl\u00e9tant le savoir-faire artisanal des artisans locaux. La combinaison de couleurs vibrantes ne rehausse pas seulement sa beaut\u00e9 esth\u00e9tique, mais en fait \u00e9galement un article parfait pour la d\u00e9coration, ajoutant un air de fra\u00eecheur et d&rsquo;originalit\u00e9 \u00e0 n&rsquo;importe quel espace.<\/p>\n<p>Au fond du bol est imprim\u00e9 \u00ab Lanzarote \u00bb, ce qui en fait un souvenir exclusif repr\u00e9sentant la riche culture de l&rsquo;\u00eele. Ce bol en noix de coco est une excellente option pour les touristes \u00e0 la recherche de souvenirs authentiques et repr\u00e9sentatifs de Lanzarote. Chez Ol\u00e9 Mosaic, en tant que grossiste de souvenirs de Lanzarote, nous proposons des produits id\u00e9aux pour les boutiques de cadeaux touristiques qui souhaitent offrir \u00e0 leurs clients un morceau de la culture canarienne.<\/p>\n","protected":false},"excerpt":{"rendered":"<p>Bol d\u00e9coratif en noix de coco inspir\u00e9 par la beaut\u00e9 naturelle de Lanzarote. Ce design pr\u00e9sente une mosa\u00efque color\u00e9e de petites pi\u00e8ces dans les tons rose, bleu et marron, compl\u00e9t\u00e9e par une illustration centrale d&rsquo;une salamandre. Le bol au design artisanal est peint \u00e0 la main, refl\u00e9tant la riche culture de l&rsquo;\u00eele et sa biodiversit\u00e9. Au fond est imprim\u00e9 \u00ab Lanzarote \u00bb, ajoutant une touche exclusive \u00e0 cet \u00e9l\u00e9gant souvenir qui capture l&rsquo;essence de l&rsquo;environnement.<\/p>\n","protected":false},"featured_media":11974,"template":"","meta":{"_acf_changed":false},"product_brand":[],"product_cat":[521],"product_tag":[530],"class_list":{"0":"post-28737","1":"product","2":"type-product","3":"status-publish","4":"has-post-thumbnail","6":"product_cat-bols","7":"product_tag-animaux","8":"pa_ciudad-lanzarote","9":"pa_motivo-salamandres","10":"pa_pais-espana","12":"first","13":"instock","14":"shipping-taxable","15":"product-type-simple"},"acf":[],"_links":{"self":[{"href":"https:\/\/olemosaic.com\/fr\/wp-json\/wp\/v2\/product\/28737","targetHints":{"allow":["GET"]}}],"collection":[{"href":"https:\/\/olemosaic.com\/fr\/wp-json\/wp\/v2\/product"}],"about":[{"href":"https:\/\/olemosaic.com\/fr\/wp-json\/wp\/v2\/types\/product"}],"wp:featuredmedia":[{"embeddable":true,"href":"https:\/\/olemosaic.com\/fr\/wp-json\/wp\/v2\/media\/11974"}],"wp:attachment":[{"href":"https:\/\/olemosaic.com\/fr\/wp-json\/wp\/v2\/media?parent=28737"}],"wp:term":[{"taxonomy":"product_brand","embeddable":true,"href":"https:\/\/olemosaic.com\/fr\/wp-json\/wp\/v2\/product_brand?post=28737"},{"taxonomy":"product_cat","embeddable":true,"href":"https:\/\/olemosaic.com\/fr\/wp-json\/wp\/v2\/product_cat?post=28737"},{"taxonomy":"product_tag","embeddable":true,"href":"https:\/\/olemosaic.com\/fr\/wp-json\/wp\/v2\/product_tag?post=28737"}],"curies":[{"name":"wp","href":"https:\/\/api.w.org\/{rel}","templated":true}]}}